{"id":220,"date":"2023-01-12T08:13:32","date_gmt":"2023-01-12T08:13:32","guid":{"rendered":"https:\/\/runtzcartsdisposables.com\/?post_type=product&#038;p=220"},"modified":"2024-11-25T20:13:04","modified_gmt":"2024-11-25T20:13:04","slug":"candy-jack","status":"publish","type":"product","link":"https:\/\/runtzcartsdisposables.com\/en\/product\/candy-jack\/","title":{"rendered":"Candy Jack"},"content":{"rendered":"<h1>Buy Candy Jack online in Europe<\/h1>\n<p>Candy-Jack online in Europa kaufen. Candy Jack ist eine Sativa-Sorte, die neben einem s\u00fc\u00dfen Zitrusaroma f\u00fcr einen schnellen Stimmungsaufschwung sorgt. Der duftende Geruch stammt von ihrem Skunk #1 Elternteil, w\u00e4hrend die kreative und konzentrierte Wirkung von der Jack Herer Seite der Familie stammt. W\u00e4hrend ihr komplexes Terpenprofil selbst den hartgesottensten Kenner beeindrucken kann, wissen Patienten es in der Regel zu sch\u00e4tzen. MARIJUANA EDIBLES ONLINE KAUFEN IN EUROPA<\/p>\n<p>Candy Jack's ability to combat stress, depression and loss of appetite. Candy Jack has already won a number of Cannabis Cups and her potency, taste and effects have earned this sativa an excellent reputation in the cannabis world.<\/p>\n<p>Candy-Jack, ein einmaliger Cannabis Cup Gewinner, ist ein ausgewogener Hybrid mit Sativa-Wirkung. Ihr THC-Gehalt wurde mit bis zu 27 Prozent getestet und der CBD-Gehalt liegt im Allgemeinen bei etwa 1 Prozent.<\/p>\n<p>The genetics of this strain combine Jack Herer, Skunk #1, and Cotton Candy. Candy Jack relieves pain on the medicinal side and improves mood and creativity on the relaxing side.<\/p>\n<p>Mit einem THC-Gehalt von 27 Prozent ist Candy-Jack eine der st\u00e4rksten psychoaktiven Sorten auf dem Markt. Der CBD-Gehalt liegt bei durchschnittlich 1 Prozent, was sie f\u00fcr schwerwiegende Erkrankungen wie Krampfanf\u00e4lle ungeeignet macht. Big Mex Magic Mushroom Online USA<\/p>\n<h2>Candy Jack online in Europa kaufen.<\/h2>\n<p>People notice the musky citrus aroma, a smell inherited from its legendary parent, Skunk #1. Candy Jack's appearance is light green with orange and white trichomes. Some say the taste is sweet and a little skunky, while others describe it as fruity, mentholated, or piney. A Cannabis Cup judge said it really does taste like candy.<\/p>\n<p>Es wird berichtet, dass Candy Jack eine erhebende, energiegeladene und zerebrale Wirkung hat. Candy Jack wird von Sativa-<a href=\"https:\/\/thcvapecarts.net\/wp-admin\" target=\"_blank\" rel=\"noopener\">Effekten<\/a> durchdrungen, so dass Freizeitkonsumenten einen Schuss Euphorie erwarten k\u00f6nnen, gemischt mit etwas Schwung im Schritt und aufgeschlossenem Denken. Erfahrene Konsumenten k\u00f6nnen diese aufbauende, positive Energie in konzentrierte und produktive Arbeit umwandeln &#8211; vor allem im kreativen Bereich. Diazepam 10mg Tabletten online kaufen<\/p>\n<p>Candy-Jack genie\u00dft auch in der Cannabis-Welt einen guten Ruf f\u00fcr seine medizinischen Zwecke. Die Menschen verlassen sich darauf, um Stress und Depressionen zu lindern und gleichzeitig ihren Appetit zu verbessern. Auch Menschen mit Angstzust\u00e4nden, Depressionen, Migr\u00e4ne, chronischen Schmerzen und Kopfschmerzen finden bei dieser Sorte Linderung. PFADFINDERINNEN-KEKSE ONLINE KAUFEN<\/p>\n<p>Die Z\u00fcchter bemerken, dass die Knospen formsch\u00f6n, leicht und federnd sind. Diese Sorte ist etwas schwer zu bekommen. Sie k\u00f6nnen regul\u00e4re und feminisierte Samen online kaufen, und\/oder Klone. Die Pflanze hat eine durchschnittliche Wachstumszeit von 8 bis 9 Wochen. Candy-Jack ist einfach zu z\u00fcchten und sollte gute Ertr\u00e4ge liefern, wenn man sie gut f\u00fcttert, f\u00fcr reichlich Licht sorgt und sie beschneidet.<\/p>\n<p>Candy-Jack hat<a href=\"https:\/\/runtzcartsdisposables.com\/en\/product\/banana-runtz\/\"> THC<\/a>-Werte jenseits der Norm, wie einige Testeinrichtungen festgestellt haben. Die Wirkung, der Geschmack und der Geruch werden sowohl medizinischen als auch Freizeit-Nutzern gefallen. Canna-Kenner sollten das komplexe Terpenprofil m\u00f6gen.<\/p>","protected":false},"excerpt":{"rendered":"<h2 style=\"text-align: center;\">Candy Jack<\/h2>\n<hr \/>\n<p>In terms of potency, Candy Jack is one of the strongest strains available in the psychoactive department at 27 percent THC. CBD levels average 1 percent, making her unsuitable for serious conditions like seizures<\/p>","protected":false},"featured_media":225,"comment_status":"open","ping_status":"closed","template":"","meta":{"_monsterinsights_skip_tracking":false,"_monsterinsights_sitenote_active":false,"_monsterinsights_sitenote_note":"","_monsterinsights_sitenote_category":0},"product_cat":[126,127],"product_tag":[128,129,130,131],"_links":{"self":[{"href":"https:\/\/runtzcartsdisposables.com\/en\/wp-json\/wp\/v2\/product\/220"}],"collection":[{"href":"https:\/\/runtzcartsdisposables.com\/en\/wp-json\/wp\/v2\/product"}],"about":[{"href":"https:\/\/runtzcartsdisposables.com\/en\/wp-json\/wp\/v2\/types\/product"}],"replies":[{"embeddable":true,"href":"https:\/\/runtzcartsdisposables.com\/en\/wp-json\/wp\/v2\/comments?post=220"}],"wp:featuredmedia":[{"embeddable":true,"href":"https:\/\/runtzcartsdisposables.com\/en\/wp-json\/wp\/v2\/media\/225"}],"wp:attachment":[{"href":"https:\/\/runtzcartsdisposables.com\/en\/wp-json\/wp\/v2\/media?parent=220"}],"wp:term":[{"taxonomy":"product_cat","embeddable":true,"href":"https:\/\/runtzcartsdisposables.com\/en\/wp-json\/wp\/v2\/product_cat?post=220"},{"taxonomy":"product_tag","embeddable":true,"href":"https:\/\/runtzcartsdisposables.com\/en\/wp-json\/wp\/v2\/product_tag?post=220"}],"curies":[{"name":"wp","href":"https:\/\/api.w.org\/{rel}","templated":true}]}}