{"id":235,"date":"2023-01-12T09:01:13","date_gmt":"2023-01-12T09:01:13","guid":{"rendered":"https:\/\/runtzcartsdisposables.com\/?post_type=product&#038;p=235"},"modified":"2024-11-25T20:13:01","modified_gmt":"2024-11-25T20:13:01","slug":"kolumbianisches-gold","status":"publish","type":"product","link":"https:\/\/runtzcartsdisposables.com\/en\/product\/kolumbianisches-gold\/","title":{"rendered":"Kolumbianisches Gold"},"content":{"rendered":"<h1>Buy Colombian Goldm Strain Online Finland<\/h1>\n<p>Kolumbianisches Gold Kaufen Sie Colombian Goldm Strain Online Finnland. Colombian Gold ist eine klassische <a href=\"https:\/\/runtzcartsdisposables.com\/index.php\/product-category\/blumen\/sativa-sorte\/\">Sativa-Landrasse<\/a>, which originates in the Santa Marta Mountains in Colombia. Her buds are fluffy and crystal covered, exuding skunky, sweet notes of lemon and lime. This native sativa gave birth to the famous Skunk #1, a hybrid that has become a staple of cannabis breeding. The active, uplifting and focused effect of Colombian Gold comes without paranoia and anxiety,<\/p>\n<h2>Buy Cuban Magic Mushrooms online<\/h2>\n<p>This makes this strain a good choice for beginners or for those looking to remain productive during treatment. Colombian Gold can help patients relieve muscle tension, pain, and other physical symptoms, but its stimulating and upbeat qualities can also be used for depression and ADD\/ADHD. Buy Diazepam 10mg tablets online.<\/p>\n<p>Colombian <a href=\"https:\/\/runtzcartsdisposables.com\/en\/product\/gelato-weed-copy\/\">Gold<\/a> ist eine legend\u00e4re Sativa-Landrasse aus dem gebirgigen Norden Kolumbiens. Diese Sorte, die in den sp\u00e4ten 1960er und 1970er Jahren in den USA extrem popul\u00e4r war, ist inzwischen sehr selten geworden, und einige Cannabis-Historiker behaupten, dass es keine Samen oder Klone des urspr\u00fcnglichen Landrassen-Genotyps mehr gibt. Unabh\u00e4ngig davon, ob Colombian Gold noch konsumiert werden kann oder nicht, wurde sie zur Z\u00fcchtung beliebter Grundnahrungsmittel wie Skunk #1 verwendet. Der <a href=\"https:\/\/en.wikipedia.org\/wiki\/Tetrahydrocannabinol\" target=\"_blank\" rel=\"noopener\">THC<\/a>-Content of the variety has been measured at 14% to 20%. BUY WEED ONLINE IN EUROPE<\/p>\n<p>Kolumbianisches Gold von kommerziell gez\u00fcchteten Indicas und Hybriden sind mit den Bl\u00fcten von Colombian Gold vielleicht nicht vertraut. Die Bl\u00fcten sind klein bis mittelgro\u00df und haben eine lockere, bl\u00e4ttrige Struktur<a href=\"https:\/\/20ftschiffscontainer.com\/wp-admin\/\" target=\"_blank\" rel=\"noopener\">,<\/a> die f\u00fcr eine reine Sativa charakteristisch ist &#8211; Cannabiskenner werden die Silhouetten dieser zerlumpten Bl\u00fcten als \u00e4hnlich wie bei jamaikanischen oder thail\u00e4ndischen Sativa-Landrassen erkennen. Die Bl\u00e4tter sind blass fr\u00fchlingsgr\u00fcn und werden von leuchtend orangefarbenen Stempeln durchzogen. Diese langen, spitz zulaufenden Knospen sind auch sehr harzig: bernsteinfarbene Trichome bedecken die Innen- und Au\u00dfenfl\u00e4chen und verleihen ihnen den goldenen Schimmer, auf den sich ihr Name bezieht. OG KUSH ONLINE KAUFEN<\/p>\n<p>When properly cured, Colombian Gold gives off the pungent smell of Skunk, which explains the pungency of the Skunk #1 kid strain. Upon closer inspection, the citric flavor of lemon and lime is also at play. When burned, Colombian Gold has an earthy, hashy smell. Her smoke can be harsh and lung-expanding on the inhale and has a herbal flavor on the exhale. Finally, this strain can be a particularly pungent smoke; those wishing to keep their consumption discreet should take all necessary precautions. BUY DIAMOND OG ONLINE<\/p>\n<h2>Buy Colombian Goldm Strain Online Finland<\/h2>\n<p>Users of this storied strain have reported very strong cerebral effects. The high comes on slowly and remains intoxicating for its duration; the effect is said to last much longer than average. Creativity and talkativeness are common as smokers' minds jump from one to the next in rapid free association. A general sense of well-being is also commonly reported as any remaining environmental stressors recede into the background. Colombian Gold's highly analytical mindset can be particularly valuable<\/p>","protected":false},"excerpt":{"rendered":"<h2 style=\"text-align: center;\">Kolumbianisches Gold<\/h2>\n<hr \/>\n<p>Colombian Gold is a classic landrace sativa that has its origins in the Santa Marta Mountains of Colombia. Her buds are fluffy and crystal covered, exuding skunky, sweet notes of lemon and lime.<\/p>","protected":false},"featured_media":236,"comment_status":"open","ping_status":"closed","template":"","meta":{"_monsterinsights_skip_tracking":false,"_monsterinsights_sitenote_active":false,"_monsterinsights_sitenote_note":"","_monsterinsights_sitenote_category":0},"product_cat":[126,127],"product_tag":[],"_links":{"self":[{"href":"https:\/\/runtzcartsdisposables.com\/en\/wp-json\/wp\/v2\/product\/235"}],"collection":[{"href":"https:\/\/runtzcartsdisposables.com\/en\/wp-json\/wp\/v2\/product"}],"about":[{"href":"https:\/\/runtzcartsdisposables.com\/en\/wp-json\/wp\/v2\/types\/product"}],"replies":[{"embeddable":true,"href":"https:\/\/runtzcartsdisposables.com\/en\/wp-json\/wp\/v2\/comments?post=235"}],"wp:featuredmedia":[{"embeddable":true,"href":"https:\/\/runtzcartsdisposables.com\/en\/wp-json\/wp\/v2\/media\/236"}],"wp:attachment":[{"href":"https:\/\/runtzcartsdisposables.com\/en\/wp-json\/wp\/v2\/media?parent=235"}],"wp:term":[{"taxonomy":"product_cat","embeddable":true,"href":"https:\/\/runtzcartsdisposables.com\/en\/wp-json\/wp\/v2\/product_cat?post=235"},{"taxonomy":"product_tag","embeddable":true,"href":"https:\/\/runtzcartsdisposables.com\/en\/wp-json\/wp\/v2\/product_tag?post=235"}],"curies":[{"name":"wp","href":"https:\/\/api.w.org\/{rel}","templated":true}]}}