{"id":242,"date":"2023-01-12T14:19:15","date_gmt":"2023-01-12T14:19:15","guid":{"rendered":"https:\/\/runtzcartsdisposables.com\/?post_type=product&#038;p=242"},"modified":"2024-11-25T20:12:59","modified_gmt":"2024-11-25T20:12:59","slug":"fruchtpunsch","status":"publish","type":"product","link":"https:\/\/runtzcartsdisposables.com\/en\/product\/fruchtpunsch\/","title":{"rendered":"Fruchtpunsch"},"content":{"rendered":"<h1>Buy fruit punch in Loveland<\/h1>\n<p>Buy Fruit Punch in Loveland. Order Fruit Punch in Loveland. Fruit Punch is a Sativa strain from Heavyweight Seeds, who bred this flavor powerhouse from Skunk, Haze, and Northern Lights genetics. Named for her quick hit of sweet fruity and tropical flavors, this sativa packs a punch on both fronts. Buy Cuban Magic Mushrooms online.<\/p>\n<p>Taste and effect. Fruit Punch charges the mind with creative and social energy, so keep this strain in your stash for active days with friends or personal hobbies.buy Member Berry<\/p>\n<p>Fruit Punch is a Sativa strain from Heavyweight Seeds, who bred this flavorful powerhouse from Skunk, Haze, and Northern Lights genetics. Named for her quick hit of sweet fruity and tropical flavors, this sativa packs a punch in both flavor and effect. Fruit Punch charges the mind with creative and social energy, so keep this strain in your stash for active days with friends or personal hobbies. Developed by cannabis breeder Heavyweight Seeds, Fruit Punch is a potent hybrid of legendary strains: Skunk, Haze, and Northern Lights. According to the breeder, Fruit Punch has a hazy flavor with notes of lemon, mango, and lime, along with a citrusy aroma. According to Heavyweight Seeds' website, the strain contains 21% THC and 1.1% CBD. As easy as she is to enjoy, Fruit Punch is also easy to grow according to the breeder, who says she is suitable for novices and pros alike. The sativa-leaning hybrid, which according to Heavyweight Seeds is an autoflowering strain, grows to around 1.3 meters tall and flowers in 70 to 80 days from germination, producing very large yields of fat, resin-coated colas that are bright green and tipped with orange scar hair.buy Mintz<\/p>\n<h2>Kaufen Sie Fruit Punch in Loveland<\/h2>\n<p>Fruchtpunsch Kaufen Sie Fruit Punch in Loveland. bestellen Sie Fruit Punch in Loveland. Durch die Kreuzung der Genetik von drei bekannten Cannabis-Namen wird die einzigartige Chemie der <a href=\"https:\/\/runtzcartsdisposables.com\/en\/product\/white-widow\/\">Fruit<\/a> Punch-Sorte zu einem absoluten No-Brainer, wenn man ihr Erbe betrachtet. Ihre drei Vorfahren &#8211; Northern Lights, Skunk und Haze &#8211; sind allesamt Schwergewichte auf ihrem Gebiet und liefern herausragende Ergebnisse, die auf verschiedene Probleme des t\u00e4glichen Lebens abzielen.buy Moonrocks<\/p>\n<p>Die Sorte Northern Fruchtpunsch Lights bewegt sich am Rande einer vollst\u00e4ndigen Indica-Dominanz und weist ein komplexes Kr\u00e4uteraroma auf, das an den Geschmack von Tee erinnert, der l\u00e4nger als n\u00f6tig gezogen wurde. Die delikate Bitterkeit am Ende des Zuges verleiht dem Geschmackserlebnis der Sorte Tiefe und Dimension, und ihre beruhigende Euphorie <a href=\"https:\/\/thcvapecarts.net\" target=\"_blank\" rel=\"noopener\">kann<\/a> eine tr\u00f6stliche Erleichterung von der gew\u00f6hnlichen Not bieten.buy God&#8217;s gift<\/p>\n<p>Skunk, on the other hand, is exactly what its name suggests\u2014a pungent strain best known for its foul but desirable smell. With a genetic profile that's slightly sativa-leaning, this strain stimulates creativity with its potent effects\u2014but not without first rousing the body with its powerful effects.<\/p>","protected":false},"excerpt":{"rendered":"<h2 style=\"text-align: center;\">Fruchtpunsch<\/h2>\n<hr \/>\n<p>Fruit Punch is a Sativa strain from Heavyweight Seeds, who bred this flavor powerhouse from Skunk, Haze, and Northern Lights genetics. Named for her quick hit of sweet, fruity, and tropical flavors, this sativa has something to offer both<\/p>\n<p>&nbsp;<\/p>","protected":false},"featured_media":243,"comment_status":"open","ping_status":"closed","template":"","meta":{"_monsterinsights_skip_tracking":false,"_monsterinsights_sitenote_active":false,"_monsterinsights_sitenote_note":"","_monsterinsights_sitenote_category":0},"product_cat":[126,127],"product_tag":[],"_links":{"self":[{"href":"https:\/\/runtzcartsdisposables.com\/en\/wp-json\/wp\/v2\/product\/242"}],"collection":[{"href":"https:\/\/runtzcartsdisposables.com\/en\/wp-json\/wp\/v2\/product"}],"about":[{"href":"https:\/\/runtzcartsdisposables.com\/en\/wp-json\/wp\/v2\/types\/product"}],"replies":[{"embeddable":true,"href":"https:\/\/runtzcartsdisposables.com\/en\/wp-json\/wp\/v2\/comments?post=242"}],"wp:featuredmedia":[{"embeddable":true,"href":"https:\/\/runtzcartsdisposables.com\/en\/wp-json\/wp\/v2\/media\/243"}],"wp:attachment":[{"href":"https:\/\/runtzcartsdisposables.com\/en\/wp-json\/wp\/v2\/media?parent=242"}],"wp:term":[{"taxonomy":"product_cat","embeddable":true,"href":"https:\/\/runtzcartsdisposables.com\/en\/wp-json\/wp\/v2\/product_cat?post=242"},{"taxonomy":"product_tag","embeddable":true,"href":"https:\/\/runtzcartsdisposables.com\/en\/wp-json\/wp\/v2\/product_tag?post=242"}],"curies":[{"name":"wp","href":"https:\/\/api.w.org\/{rel}","templated":true}]}}