{"id":250,"date":"2023-01-12T14:59:08","date_gmt":"2023-01-12T14:59:08","guid":{"rendered":"https:\/\/runtzcartsdisposables.com\/?post_type=product&#038;p=250"},"modified":"2024-11-25T20:12:58","modified_gmt":"2024-11-25T20:12:58","slug":"geisterstamm-dunst","status":"publish","type":"product","link":"https:\/\/runtzcartsdisposables.com\/en\/product\/geisterstamm-dunst\/","title":{"rendered":"Geisterstamm-Dunst"},"content":{"rendered":"<h1>Buy Ghost Strain Haze online in Sweden<\/h1>\n<p>Geisterstamm-Dunstt Strain Haze Online In Schweden. <a href=\"https:\/\/www.leafly.com\/strains\/ghost-og\" target=\"_blank\" rel=\"noopener\">Ghost Train<\/a> First bred by Rare Dankness, Haze is a sativa cross between Ghost OG and Neville's Wreck. Unlike typical sativas, Ghost Train Haze produces dense buds covered in white, crystal-covered trichomes. With a tart citrus and floral aroma, Ghost Train Haze delivers a potent dose of THC to numb pain, depression, and loss of appetite, but patients are prone to it. Buy weed online in Europe<\/p>\n<p>Anxiety sufferers should stay away from this powerful drug. Low doses encourage focus and creativity, but the more you smoke, the more foggy your brain becomes. Ghost Train Haze is a suitable outdoor strain for warm climates and has a flowering time of 65 to 80 days indoors. Tropicana Cookies<\/p>\n<h3>Ghost Strain Haze online in Schweden kaufen<\/h3>\n<p>Sativa-dominanter Hybrid &#8211; 80% Sativa \/ 20% Indica<\/p>\n<p>THC: 27%<\/p>\n<p>Ghost Train Haze is one of the most intense strains ever in existence <a href=\"https:\/\/runtzcartsdisposables.com\/en\/\">Marihuana<\/a>universe was introduced. This strain is not for beginners, after all, Ghost Train Haze was named \u201cMost Potent Strain In The World\u201d by High Times magazine in 2012. Bred from Ghost OG and Neville's Wreck, this strain boasts an insane THC level of 27%. GTH is mostly sativa (80:20 sativa\/indica ratio), so if you're a novice smoker or suffer from anxiety, you'd better stay away from this crazy strain. Heavy smoking of GTH can induce an almost psychedelic feeling that can induce paranoia. The patients who choose Ghost Train Haze are those suffering from depression or those who just want to have a great time. In small doses, GTH can easily induce fits of laughter and stimulate the creative mind. The aroma of this strain is a sweet blend of sour, citrus and pine that is very pungent. With an abundance of trichomes and hair, GTH looks basically as awesome as she claims to be. Great Lemon Haze<\/p>\n<p>Geisterstamm-Dunst Cannabis-Sorte Ghost Train Haze ist ein potenter, Sativa-dominanter Hybrid, der von Rare Dankness gez\u00fcchtet wurde. Sie belegte den ersten Platz beim High Times Cannabis Cup 2014 in den USA in der Kategorie Sativa und den zweiten Platz beim High Times Cannabis Cup 2013 in der Kategorie Medical Sativa. Die Knospen sind dicht, hellgr\u00fcn in der Farbe und durchtr\u00e4nkt mit Trichomen, die fast wei\u00df erscheinen. Ghost Train Haze ist sehr potent und wurde von High Times ausgew\u00e4hlt, um die st\u00e4rksten Sorten der Welt zu repr\u00e4sentieren. Ghost Strain Haze online in Schweden kaufen. Mango Haz<a href=\"https:\/\/hhcgraskaufen.com\/\" target=\"_blank\" rel=\"noopener\">e<\/a><br \/>\nkind of intoxication<br \/>\nGeisterstamm-Dunst Die Marihuana-Sorte Ghost Train Haze l\u00f6st in niedrigeren Dosen eine zerebrale Euphorie aus, hebt die Stimmung, erh\u00f6ht die Konzentration, entspannt den K\u00f6rper und hat eine schmerzlindernde Wirkung. Sie kann Druck auf die Augen und die Nase aus\u00fcben. H\u00f6here Dosen k\u00f6nnen Paranoia und Halluzinationen hervorrufen. Lila Dunst<br \/>\nGenetics<br \/>\nGeisterstamm-Dunst Die Cannabis-Sorte Ghost Train Haze ist eine Kreuzung zwischen Ghost <a href=\"https:\/\/runtzcartsdisposables.com\/en\/product\/platinum-og\/\">OG<\/a> und Nevil&#8217;s Wreck (Trainwreck und Neville&#8217;s Haze).<\/p>","protected":false},"excerpt":{"rendered":"<h2 style=\"text-align: center;\">Geisterstamm-Dunst<\/h2>\n<hr \/>\n<p>Geisterstamm-Dunst&#8211; Ghost Train Haze wurde zuerst von Rare Dankness gez\u00fcchtet und ist eine Sativa-Kreuzung aus Ghost OG und Neville&#8217;s Wreck. Im Gegensatz zu typischen Sativas bildet Ghost Train Haze dichte Knospen aus, die mit wei\u00dfen, kristallbedeckten Trichomen bedeckt sind.<\/p>\n<p>&nbsp;<\/p>","protected":false},"featured_media":249,"comment_status":"open","ping_status":"closed","template":"","meta":{"_monsterinsights_skip_tracking":false,"_monsterinsights_sitenote_active":false,"_monsterinsights_sitenote_note":"","_monsterinsights_sitenote_category":0},"product_cat":[126,127],"product_tag":[136,137,138,139,140,141],"_links":{"self":[{"href":"https:\/\/runtzcartsdisposables.com\/en\/wp-json\/wp\/v2\/product\/250"}],"collection":[{"href":"https:\/\/runtzcartsdisposables.com\/en\/wp-json\/wp\/v2\/product"}],"about":[{"href":"https:\/\/runtzcartsdisposables.com\/en\/wp-json\/wp\/v2\/types\/product"}],"replies":[{"embeddable":true,"href":"https:\/\/runtzcartsdisposables.com\/en\/wp-json\/wp\/v2\/comments?post=250"}],"wp:featuredmedia":[{"embeddable":true,"href":"https:\/\/runtzcartsdisposables.com\/en\/wp-json\/wp\/v2\/media\/249"}],"wp:attachment":[{"href":"https:\/\/runtzcartsdisposables.com\/en\/wp-json\/wp\/v2\/media?parent=250"}],"wp:term":[{"taxonomy":"product_cat","embeddable":true,"href":"https:\/\/runtzcartsdisposables.com\/en\/wp-json\/wp\/v2\/product_cat?post=250"},{"taxonomy":"product_tag","embeddable":true,"href":"https:\/\/runtzcartsdisposables.com\/en\/wp-json\/wp\/v2\/product_tag?post=250"}],"curies":[{"name":"wp","href":"https:\/\/api.w.org\/{rel}","templated":true}]}}