{"id":261,"date":"2023-01-12T15:19:41","date_gmt":"2023-01-12T15:19:41","guid":{"rendered":"https:\/\/runtzcartsdisposables.com\/?post_type=product&#038;p=261"},"modified":"2024-11-25T20:12:55","modified_gmt":"2024-11-25T20:12:55","slug":"gruener-riss","status":"publish","type":"product","link":"https:\/\/runtzcartsdisposables.com\/en\/product\/gruener-riss\/","title":{"rendered":"Gr\u00fcner Riss"},"content":{"rendered":"<h1>Buy green crack online Croatia<\/h1>\n<p>Kaufen Sie Green Crack Online Kroatien. Lassen Sie sich nicht vom Namen t\u00e4uschen: Dies ist reines Cannabis. Es gibt nur wenige Sorten, die mit Green Crack vergleichbar sind, Gr\u00fcner Riss\u00a0 da sie einen belebenden, mentalen Rausch ausl\u00f6sen, der Sie den ganzen Tag \u00fcber in Schwung h\u00e4lt. Mit ihrem spritzigen, fruchtigen Geschmack, der an Mango erinnert, ist Green Crack eine gro\u00dfartige Sorte f\u00fcr den Tag, die Konsumenten helfen kann, M\u00fcdigkeit<\/p>\n<p>Combat fatigue, stress and depression. Because the name is a negative image of <a href=\"https:\/\/runtzcartsdisposables.com\/en\/\">Cannabis<\/a> conveyed, some people call this strain Cush (with a 'C') or Green Cush instead.<\/p>\n<p>Everyone goes through a phase of fatigue at times. With our hectic lives and demanding schedules, it is only a matter of time before our energy is completely drained. We have the perfect solution to this mess: Green Crack. It's the sativa strain of your dreams.<\/p>\n<p>Bred from the <a href=\"https:\/\/en.seedfinder.eu\/strain-info\/Skunk_Nr1\/Sensi_Seeds\/\" target=\"_blank\" rel=\"noopener\">Skunk #1 Linie<\/a>, ist <a href=\"https:\/\/www.leafly.com\/strains\/green-crack\" target=\"_blank\" rel=\"noopener\">GC<\/a> a delight for all cannabis users. Especially Snoop Dogg, who called it his favorite strain. honey bun<\/p>\n<p>GC aesthetics<\/p>\n<p>Green Crack is full of fruity and spicy notes that stimulate the senses. The smoke is light and easy to inhale, perfect for those new to the cannabis world. The buds are densely packed but small in size. Users can notice that the buds are \"popcorn\"-like. Buy Cuban Magic Mushrooms online<\/p>\n<h2>Kaufen Sie Green Crack Online Kroatien<\/h2>\n<p>Green Crack is a flavorful smoke, but its real beauty lies in its energetic euphoria. Big Mex Magic Mushroom Online USA<\/p>\n<p>Green Crack Effects + Benefits. Buy CANNABIS-INFUSED PEPPERMINT BROWNIE<\/p>\n<p>As soon as GC reaches the system, a surge of invigorating energy accelerates the mental processes. Your thinking becomes faster, clearer and full of complex plans. Abstract thinking becomes second nature, followed by a strong sense of focus. Most users note that the strain is best used during the day. The 5 Best Cannabis Clothing Brands<\/p>\n<p>Gr\u00fcner Riss Obwohl Green Crack am Morgen gro\u00dfartig ist, sollte man es auch in der Nacht verwenden. Stell dir das vor. Sweet Tea Cookies kaufen<\/p>\n<p>You leaf through your study guide and keep forgetting where you are. Every page is blurry and your nerves are on edge. You feel like it's time for a double espresso or Redbull. Buy Banana Runtz<\/p>\n<p>Gr\u00fcner Riss Auch die medizinischen Vorteile sind vielf\u00e4ltig. Gr\u00fcner Riss GC baut Stress ab und reduziert Depressionen und Angstzust\u00e4nde in leichten F\u00e4llen. Au\u00dferdem ist diese Sorte optimal f\u00fcr den Gebrauch w\u00e4hrend des Tages, um die Symptome chronischer Schmerzen zu lindern. Pfirsich kaufen<\/p>\n<p>Legen Sie den Energydrink weg und greifen Sie zu Green Crack. Du wirst uns sp\u00e4ter danken. Super <a href=\"https:\/\/runtzcartsdisposables.com\/en\/product\/paris-og\/\">Og<\/a> Cookie kaufen<\/p>","protected":false},"excerpt":{"rendered":"<h2 style=\"text-align: center;\">Gr\u00fcner Riss<\/h2>\n<hr \/>\n<p>Don't let the name fool you: this is pure cannabis. There are few strains that compare to Green Crack as it induces an uplifting, mental high that will stay with you throughout the day.<\/p>","protected":false},"featured_media":262,"comment_status":"open","ping_status":"closed","template":"","meta":{"_monsterinsights_skip_tracking":false,"_monsterinsights_sitenote_active":false,"_monsterinsights_sitenote_note":"","_monsterinsights_sitenote_category":0},"product_cat":[126,127],"product_tag":[],"_links":{"self":[{"href":"https:\/\/runtzcartsdisposables.com\/en\/wp-json\/wp\/v2\/product\/261"}],"collection":[{"href":"https:\/\/runtzcartsdisposables.com\/en\/wp-json\/wp\/v2\/product"}],"about":[{"href":"https:\/\/runtzcartsdisposables.com\/en\/wp-json\/wp\/v2\/types\/product"}],"replies":[{"embeddable":true,"href":"https:\/\/runtzcartsdisposables.com\/en\/wp-json\/wp\/v2\/comments?post=261"}],"wp:featuredmedia":[{"embeddable":true,"href":"https:\/\/runtzcartsdisposables.com\/en\/wp-json\/wp\/v2\/media\/262"}],"wp:attachment":[{"href":"https:\/\/runtzcartsdisposables.com\/en\/wp-json\/wp\/v2\/media?parent=261"}],"wp:term":[{"taxonomy":"product_cat","embeddable":true,"href":"https:\/\/runtzcartsdisposables.com\/en\/wp-json\/wp\/v2\/product_cat?post=261"},{"taxonomy":"product_tag","embeddable":true,"href":"https:\/\/runtzcartsdisposables.com\/en\/wp-json\/wp\/v2\/product_tag?post=261"}],"curies":[{"name":"wp","href":"https:\/\/api.w.org\/{rel}","templated":true}]}}