{"id":267,"date":"2023-01-12T15:26:07","date_gmt":"2023-01-12T15:26:07","guid":{"rendered":"https:\/\/runtzcartsdisposables.com\/?post_type=product&#038;p=267"},"modified":"2024-11-25T20:12:53","modified_gmt":"2024-11-25T20:12:53","slug":"hawaiianischer-dunst","status":"publish","type":"product","link":"https:\/\/runtzcartsdisposables.com\/en\/product\/hawaiianischer-dunst\/","title":{"rendered":"Hawaiianischer Dunst"},"content":{"rendered":"<h1>Buy Hawaiian Haze Strain online in Denmark<\/h1>\n<p>Buy Hawaiian Haze Strain Online in Denmark. Hawaiian Haze is a primarily sativa strain that produces some high quality sativa effects. A mix of <a href=\"https:\/\/www.leafly.com\/strains\/hawaiian-haze\" target=\"_blank\" rel=\"noopener\">Hawaiian und Haze Genetik<\/a>, these light, airy buds will have your head in the clouds. Many users also report that it makes them sociable and talkative, so it can be a good daytime smoke. Hawaiian Haze. Buy weed online Europe<\/p>\n<p>The floral smell and taste of tropical fruits might make you dream of an island vacation. These plants are tall and slow flowering, taking between 12 and 14 weeks so are probably better suited to a grower with some experience and patience.<\/p>\n<p>Hawaiianischer Dunst Eine Mischung aus Hawaiian und Haze Genetik, ein ausgewogener 50\/50 Hybrid, diese leichten, luftigen Knospen werden Ihren Kopf in den Wolken haben.diamond <a href=\"https:\/\/runtzcartsdisposables.com\/en\/product\/moonrocks\/\">OG<\/a> Hash kaufen<\/p>\n<p>Big Mex Magic Mushroom Online USA<\/p>\n<h2>Buy Hawaiian Haze Strain online in Denmark<\/h2>\n<p>Expect to be very sociable and chatty, so best enjoyed in a group during the day.buy Lemon Skittle<\/p>\n<p>Hawaiian Haze's floral scent and tropical fruit taste could have you dreaming of an island vacation. Buy Diazepam 10mg tablets online.<\/p>\n<p>She appears primarily as a sativa strain and delivers a staggering THC level of 26%.buyParallax Shop<\/p>\n<p>Hawaiian Haze delivers an exquisite blend of woody, tropical and pine flavors that are definitely to look forward to.buyCHOCOLATE FUDGE BROWNIE<\/p>\n<p>After smoking this strain you will feel energetic and euphoric at the same time. If you're having a bad day, Hawaiian Haze is just what you need to get you back on track.buy white cherry gelato<\/p>\n<p>QUALITY GUARANTEE<\/p>\n<p>Hawaiianischer Dunst Unser Ziel ist es, Ihnen die hochwertigsten Hanfbl\u00fcten von sorgf\u00e4ltigen, geschickten Z\u00fcchtern zu liefern, die sich um die Pflanzen k\u00fcmmern, von dem Zeitpunkt an, an dem der Samen in die organische Erde eingegraben wird, bis er seinen Weg zu Ihnen findet. Alle unsere erstklassigen CBD-Hanfbl\u00fcten werden unabh\u00e4ngig im Labor getestet, um ihre Legalit\u00e4t sicherzustellen. Ein QR-Code, der direkt zu unserer Seite mit den Laborergebnissen f\u00fchrt, befindet sich wie bei allen unseren Produkten auf dem Etikett jeder Produktverpackung. traube CBD Vape Pen kaufen<\/p>\n<p>Buy Mushee Magic Mushroom chocolate bars<\/p>","protected":false},"excerpt":{"rendered":"<h2 style=\"text-align: center;\">Hawaiianischer Dunst<\/h2>\n<hr \/>\n<p>Hawaiianischer Dunst &#8211; Der blumige Geruch und der Geschmack von tropischen Fr\u00fcchten der Hawaiian Haze lassen Sie vielleicht von einem Inselurlaub tr\u00e4umen.<\/p>\n<p>She appears primarily as a sativa strain, delivering a staggering THC level of 26%.<\/p>","protected":false},"featured_media":268,"comment_status":"open","ping_status":"closed","template":"","meta":{"_monsterinsights_skip_tracking":false,"_monsterinsights_sitenote_active":false,"_monsterinsights_sitenote_note":"","_monsterinsights_sitenote_category":0},"product_cat":[126,127],"product_tag":[],"_links":{"self":[{"href":"https:\/\/runtzcartsdisposables.com\/en\/wp-json\/wp\/v2\/product\/267"}],"collection":[{"href":"https:\/\/runtzcartsdisposables.com\/en\/wp-json\/wp\/v2\/product"}],"about":[{"href":"https:\/\/runtzcartsdisposables.com\/en\/wp-json\/wp\/v2\/types\/product"}],"replies":[{"embeddable":true,"href":"https:\/\/runtzcartsdisposables.com\/en\/wp-json\/wp\/v2\/comments?post=267"}],"wp:featuredmedia":[{"embeddable":true,"href":"https:\/\/runtzcartsdisposables.com\/en\/wp-json\/wp\/v2\/media\/268"}],"wp:attachment":[{"href":"https:\/\/runtzcartsdisposables.com\/en\/wp-json\/wp\/v2\/media?parent=267"}],"wp:term":[{"taxonomy":"product_cat","embeddable":true,"href":"https:\/\/runtzcartsdisposables.com\/en\/wp-json\/wp\/v2\/product_cat?post=267"},{"taxonomy":"product_tag","embeddable":true,"href":"https:\/\/runtzcartsdisposables.com\/en\/wp-json\/wp\/v2\/product_tag?post=267"}],"curies":[{"name":"wp","href":"https:\/\/api.w.org\/{rel}","templated":true}]}}