{"id":401,"date":"2023-01-13T06:05:21","date_gmt":"2023-01-13T06:05:21","guid":{"rendered":"https:\/\/runtzcartsdisposables.com\/?post_type=product&#038;p=401"},"modified":"2024-11-25T20:12:20","modified_gmt":"2024-11-25T20:12:20","slug":"gods-gift","status":"publish","type":"product","link":"https:\/\/runtzcartsdisposables.com\/en\/product\/gods-gift\/","title":{"rendered":"Gods gift"},"content":{"rendered":"<h1>Buy God's Gift online<\/h1>\n<p>Gods Gift online kaufen. God&#8217;s Gift online bestellen. God&#8217;s Gift ist eine Sorte, die 2005 in kalifornischen Apotheken popul\u00e4r wurde und Aromen von Trauben, Zitrusfr\u00fcchten und Haschisch enth\u00e4lt. Ihre Eltern sind <a href=\"https:\/\/www.wikileaf.com\/strain\/grand-daddy-purple\/\" target=\"_blank\" rel=\"noopener\">Granddaddy Purple<\/a> and <a href=\"https:\/\/www.leafly.com\/strains\/og-kush\" target=\"_blank\" rel=\"noopener\">OG Kush<\/a>. Regardless of your belief system, this strain is a \"gift\" with her dreamy, blissful effects. Her flowering time usually lasts around 8-9 weeks.<\/p>\n<p>Firstly, this strain that has become popular in pharmacies around the world for its uber relaxing effects, God's Gift contains flavors of grape, citrus and hash.buy pink dosidos<\/p>\n<p>Its parents are also Granddaddy Purple and OG Kush. This strain is also a \u201cgift\u201d no matter what belief system you believe in, with high THC levels of 18-22%.<\/p>\n<p>You won't mind sinking into your bed, couch, or a nice patch of warm grass. Buy Pineapple Express<\/p>\n<h2>Buy God's Gift online<\/h2>\n<p>God&#8217;s Gift online kaufen. God&#8217;s Gift online bestellen. Ebenso ist God&#8217;s Gift hier, um Sie zu entspannen, um Sie gl\u00fccklich zu machen und um diesen l\u00e4stigen Stress, die Schmerzen und die Schlaflosigkeit zu heilen. Paris <a href=\"https:\/\/runtzcartsdisposables.com\/en\/product\/xxx-og\/\">OG<\/a><\/p>\n<p>Furthermore, this beautiful strain also has the ability to melt away your fears. Again, this is a special strain that deserves a permanent spot on your roster when you're struggling with anxiety or stress.http:\/\/CHOCOLATE FUDGE BROWNIE( A token or two when the evil wave hits is all that's needed to to turn one's forehead upside down God's gift<\/p>\n<p>Wirkungen: Entspannt, Gl\u00fccklich, Schl\u00e4frig<\/p>\n<p>Medizinische Wirkungen: Stress, Schmerz, Depression, Schlaflosigkeit<\/p>\n<p>THC: 24%<\/p>\n<h4>Buy Best Cheap Weed Online, Edibles, Cannabis Oil, Cannabis Seeds, Vaping, Pre-Roll Joints, Concentrates, Hashish, and Topicals Online at cannabis expert suppliers With discount and Shipping Guaranteed. Buy God's Gift Marijuana Strain Online<\/h4>\n<p>Buy marijuana online, buy marijuana online UK, buy medical marijuana online Australia, buy marijuana<\/p>\n<p>online Australia, order marijuana online USA, order medical marijuana online|buy marijuana online with<\/p>\n<p>Order marijuana online, order marijuana online, where to buy marijuana online, buy marijuana online USA, buy marijuana online UK, buy marijuana online Australia, buy God's Gift marijuana strain online. Buy marijuana online Europe<\/p>","protected":false},"excerpt":{"rendered":"<h3 style=\"text-align: center;\">Gods Gift<\/h3>\n<hr \/>\n<p>Gods Gift ist eine Sorte, die 2005 in kalifornischen Apotheken popul\u00e4r wurde und Aromen von Trauben, Zitrusfr\u00fcchten und Haschisch enth\u00e4lt. Ihre Eltern sind Granddaddy Purple und OG Kush. Unabh\u00e4ngig von Ihrem Glaubenssystem ist diese Sorte mit ihrer traumhaften, gl\u00fcckseligen Wirkung ein &#8222;Geschenk&#8220;.<\/p>\n<p>&nbsp;<\/p>","protected":false},"featured_media":407,"comment_status":"open","ping_status":"closed","template":"","meta":{"_monsterinsights_skip_tracking":false,"_monsterinsights_sitenote_active":false,"_monsterinsights_sitenote_note":"","_monsterinsights_sitenote_category":0},"product_cat":[126,195],"product_tag":[215,216,217,218],"_links":{"self":[{"href":"https:\/\/runtzcartsdisposables.com\/en\/wp-json\/wp\/v2\/product\/401"}],"collection":[{"href":"https:\/\/runtzcartsdisposables.com\/en\/wp-json\/wp\/v2\/product"}],"about":[{"href":"https:\/\/runtzcartsdisposables.com\/en\/wp-json\/wp\/v2\/types\/product"}],"replies":[{"embeddable":true,"href":"https:\/\/runtzcartsdisposables.com\/en\/wp-json\/wp\/v2\/comments?post=401"}],"wp:featuredmedia":[{"embeddable":true,"href":"https:\/\/runtzcartsdisposables.com\/en\/wp-json\/wp\/v2\/media\/407"}],"wp:attachment":[{"href":"https:\/\/runtzcartsdisposables.com\/en\/wp-json\/wp\/v2\/media?parent=401"}],"wp:term":[{"taxonomy":"product_cat","embeddable":true,"href":"https:\/\/runtzcartsdisposables.com\/en\/wp-json\/wp\/v2\/product_cat?post=401"},{"taxonomy":"product_tag","embeddable":true,"href":"https:\/\/runtzcartsdisposables.com\/en\/wp-json\/wp\/v2\/product_tag?post=401"}],"curies":[{"name":"wp","href":"https:\/\/api.w.org\/{rel}","templated":true}]}}