{"id":426,"date":"2023-01-13T06:26:10","date_gmt":"2023-01-13T06:26:10","guid":{"rendered":"https:\/\/runtzcartsdisposables.com\/?post_type=product&#038;p=426"},"modified":"2024-11-25T20:12:13","modified_gmt":"2024-11-25T20:12:13","slug":"hindu-kush","status":"publish","type":"product","link":"https:\/\/runtzcartsdisposables.com\/en\/product\/hindu-kush\/","title":{"rendered":"Hindu kush"},"content":{"rendered":"<h1>Buy Hindu Kush in San Jose<\/h1>\n<p>Buy Hindu Kush in San Jose. Order Hindu Kush in San Jose. This mostly indica strain is a mix of Afghani and Blackberry strains and has beautiful dark purple buds with orange hairs. Plants flower in 7-8 weeks and aren't particularly productive, but the dense, hard nuggets have crystals throughout. Blackberry Kush tends to have a hashy smell and taste balanced by sweet berries. Blackberry Kush is often recommended to treat pain due to its powerful physical effects. Buy cherry pie<\/p>\n<h2>Buy Hindu Kush in San Jose<\/h2>\n<p>Hindu Kush ist ein echter Favorit unter den Marihuana-Konsumenten auf der ganzen Welt, so beliebt, dass diese Sorte sogar in dem Spiel Hempire auftaucht. Die Hindu-Kush. Diese erstaunliche Haschischpflanze ist mit Trichomen bedeckt. Die Hindu-Kush ist eine reine Indica, die einen klassischen Heavy-Body-Effekt hat, Schmerzen lindert und Muskelverspannungen l\u00f6st. Cake Mix\/<a href=\"https:\/\/runtzcartsdisposables.com\/en\/product\/kush-mint\/\">Mintz kaufen<\/a><\/p>\n<p>Laboratory tested results:Laboratory tested results:<br \/>\nTHC: 22%<\/p>\n<p>CBD: 0,1%<\/p>\n<p>Hindu-Kush ist eine reine Indica-Sorte, die in der Hindukusch-Bergkette beheimatet ist, die sich \u00fcber 500 Meilen zwischen Pakistan und Afghanistan erstreckt. Der <a href=\"https:\/\/hhcvapekaufen.com\/\" target=\"_blank\" rel=\"noopener\">THC<\/a>-Gehalt dieser starken Indica schwankt zwischen 14% und 20%. Hindu-Kush hat sich zu einer robusten, harzigen Pflanze entwickelt, um im rauen Hindu-Gebirge zu \u00fcberleben. Das macht sie einfach zu kultivieren und zu einer gro\u00dfartigen Sorte f\u00fcr die Produktion von Haschisch. Hindu Kush hat ein s\u00fc\u00dfes, erdiges Aroma und eignet sich hervorragend zur Schmerzlinderung und Schlaflosigkeit. Hindu-Kush Zum Verkauf Online.buy CANNABIS INFUSED PEPPERMINT BROWNIE<\/p>\n<p>The harsh climate of her homeland has prompted this strain to develop a thick, protective coat of crystalline trichomes prized by hash makers worldwide. With a subtle sweet and earthy sandalwood aroma, Hindu Kush induces a deep sense of calm that helps bring relief to those experiencing pain, nausea and stress-related disorders. buy Wedding Cake<\/p>\n<p>Hindu-Kush Online kaufen, ein echter Favorit unter den Marihuana-Konsumenten auf der ganzen Welt, so beliebt, dass diese Sorte sogar in dem Spiel Hempire auftaucht. XXX Og kaufenDiese erstaunliche Haschischpflanze ist mit Trichomen bedeckt. Hindu-Kush ist eine reine Indica, die einen klassischen Heavy-Body-Effekt bietet, w\u00e4hrend sie Schmerzen ausschaltet und Muskelverspannungen lindert.<\/p>","protected":false},"excerpt":{"rendered":"<h3 style=\"text-align: center;\">Hindu kush<\/h3>\n<hr \/>\n<p>This predominantly indica strain is a mix of Afghani and Blackberry strains and has beautiful dark purple buds with orange hairs. Plants flower in 7-8 weeks and aren't particularly productive, but the dense, hard buds have crystals throughout.<\/p>","protected":false},"featured_media":428,"comment_status":"open","ping_status":"closed","template":"","meta":{"_monsterinsights_skip_tracking":false,"_monsterinsights_sitenote_active":false,"_monsterinsights_sitenote_note":"","_monsterinsights_sitenote_category":0},"product_cat":[126,195],"product_tag":[225,226,224],"_links":{"self":[{"href":"https:\/\/runtzcartsdisposables.com\/en\/wp-json\/wp\/v2\/product\/426"}],"collection":[{"href":"https:\/\/runtzcartsdisposables.com\/en\/wp-json\/wp\/v2\/product"}],"about":[{"href":"https:\/\/runtzcartsdisposables.com\/en\/wp-json\/wp\/v2\/types\/product"}],"replies":[{"embeddable":true,"href":"https:\/\/runtzcartsdisposables.com\/en\/wp-json\/wp\/v2\/comments?post=426"}],"wp:featuredmedia":[{"embeddable":true,"href":"https:\/\/runtzcartsdisposables.com\/en\/wp-json\/wp\/v2\/media\/428"}],"wp:attachment":[{"href":"https:\/\/runtzcartsdisposables.com\/en\/wp-json\/wp\/v2\/media?parent=426"}],"wp:term":[{"taxonomy":"product_cat","embeddable":true,"href":"https:\/\/runtzcartsdisposables.com\/en\/wp-json\/wp\/v2\/product_cat?post=426"},{"taxonomy":"product_tag","embeddable":true,"href":"https:\/\/runtzcartsdisposables.com\/en\/wp-json\/wp\/v2\/product_tag?post=426"}],"curies":[{"name":"wp","href":"https:\/\/api.w.org\/{rel}","templated":true}]}}