{"id":488,"date":"2023-01-14T12:13:39","date_gmt":"2023-01-14T12:13:39","guid":{"rendered":"https:\/\/runtzcartsdisposables.com\/?post_type=product&#038;p=488"},"modified":"2024-11-25T20:11:58","modified_gmt":"2024-11-25T20:11:58","slug":"platinum-og","status":"publish","type":"product","link":"https:\/\/runtzcartsdisposables.com\/en\/product\/platinum-og\/","title":{"rendered":"Platinum Og Cali"},"content":{"rendered":"<h1>Platinum og cali in Amira kaufen<\/h1>\n<p>platinum og cali in Amira kaufen. Platin OG in Amira bestellen. Platinum OG ist genauso wertvoll wie das Metall, nach dem sie benannt ist. Dieser <a href=\"https:\/\/runtzcartsdisposables.com\/index.php\/product-category\/blumen\/indica-sorten\/\">Indica-dominante<\/a> Hybrid claims to be one of the \"heaviest\" strains out there. <a href=\"https:\/\/www.leafly.com\/strains\/platinum-og?__cf_chl_tk=4slfV0DQZTCDtbK270ptJZ47UjFQqa_Gxn0j7bcT0ro-1673698407-0-gaNycGzND70\" target=\"_blank\" rel=\"noopener\">Platinum OG<\/a> is said to descend from three strains: Master Kush, OG Kush, and a third unknown parent. buyObama kush. The flowers are lime green and plump, with showy. buy orange kush <a href=\"https:\/\/runtzcartsdisposables.com\/index.php\/product\/obama-kush\/\">Obama kush<\/a>. Die Bl\u00fcten sind lindgr\u00fcn und prall, mit auff\u00e4lligen. buy orange kush<\/p>\n<p>Orange hairs and a platinum coating thanks to the many THC crystals. A short, heady onset transitions into a strong physical sedation suitable for nighttime use and for relieving pain, stress, or anxiety, making this valuable strain a robust healer.buy Godfather Og<\/p>\n<p>Die Wirkungen von Platinum OG Cali sind anfangs eher hoch, erhebend und beruhigend f\u00fcr den Geist, aber sie schw\u00e4chen sich schnell ab und haben oft eine sedierende Wirkung auf die Nutzer und sollten mit Vorsicht verwendet werden. Aus diesem Grund eignet sie sich hervorragend zur n\u00e4chtlichen Behandlung von Depressionen, Stress und Angstzust\u00e4nden. Der narkose\u00e4hnliche K\u00f6rperrausch kann auch chronische Schmerzen, Muskelkr\u00e4mpfe und Schlaflosigkeit behandeln. Es kann auch helfen, Migr\u00e4ne und die Auswirkungen anderer Stimmungsst\u00f6rungen zu lindern.buy Pineapple Express<\/p>\n<p>Platinum OG experience<br \/>\nHowever, given its potency, caution is advised, or a comfortable couch lock could turn into a feeling of dizziness and overwhelm.<\/p>\n<h3>Buy Platinum OG in Amira<\/h3>\n<p>Platinum OG in Amira kaufen. platinum OG cali in Amira bestellen. Wenn sich Liebhaber f\u00fcr diese Sorte entscheiden, sollten sie f\u00fcr den Rest des Tages nicht mehr viel vorhaben. Es handelt sich definitiv um ein Nachtkraut, das den Konsumenten recht schnell \u00fcberw\u00e4ltigt. Nach einem kurzen mentalen Vorspiel wird es intensiv beruhigend. Pineapple kush kaufen<\/p>\n<p>Users describe a feeling of liquid warmth and pure tranquility, with a total disappearance of stress and pain. A sativa mentality lingers underneath, but is not the primary effect.<\/p>\n<p>Alternative consumption lovers will be pleased to know that this cannabis is widely available in shatter and vape pen form.<\/p>","protected":false},"excerpt":{"rendered":"<h2 style=\"text-align: center;\">Platinum Og Cali<\/h2>\n<hr \/>\n<p>Platinum OG Cali ist genauso wertvoll wie das Metall, nach dem sie benannt ist. Dieser Indica-dominante Hybrid behauptet sich als eine der &#8222;schwersten&#8220; Sorten \u00fcberhaupt. Es wird behauptet, dass Platinum OG von drei St\u00e4mmen abstammt: Master Kush, OG Kush und einem dritten unbekannten Elternteil. Die Bl\u00fcten sind lindgr\u00fcn und prall, mit markanten<\/p>","protected":false},"featured_media":489,"comment_status":"open","ping_status":"closed","template":"","meta":{"_monsterinsights_skip_tracking":false,"_monsterinsights_sitenote_active":false,"_monsterinsights_sitenote_note":"","_monsterinsights_sitenote_category":0},"product_cat":[126,195],"product_tag":[],"_links":{"self":[{"href":"https:\/\/runtzcartsdisposables.com\/en\/wp-json\/wp\/v2\/product\/488"}],"collection":[{"href":"https:\/\/runtzcartsdisposables.com\/en\/wp-json\/wp\/v2\/product"}],"about":[{"href":"https:\/\/runtzcartsdisposables.com\/en\/wp-json\/wp\/v2\/types\/product"}],"replies":[{"embeddable":true,"href":"https:\/\/runtzcartsdisposables.com\/en\/wp-json\/wp\/v2\/comments?post=488"}],"wp:featuredmedia":[{"embeddable":true,"href":"https:\/\/runtzcartsdisposables.com\/en\/wp-json\/wp\/v2\/media\/489"}],"wp:attachment":[{"href":"https:\/\/runtzcartsdisposables.com\/en\/wp-json\/wp\/v2\/media?parent=488"}],"wp:term":[{"taxonomy":"product_cat","embeddable":true,"href":"https:\/\/runtzcartsdisposables.com\/en\/wp-json\/wp\/v2\/product_cat?post=488"},{"taxonomy":"product_tag","embeddable":true,"href":"https:\/\/runtzcartsdisposables.com\/en\/wp-json\/wp\/v2\/product_tag?post=488"}],"curies":[{"name":"wp","href":"https:\/\/api.w.org\/{rel}","templated":true}]}}