{"id":518,"date":"2023-01-14T12:37:55","date_gmt":"2023-01-14T12:37:55","guid":{"rendered":"https:\/\/runtzcartsdisposables.com\/?post_type=product&#038;p=518"},"modified":"2024-11-25T20:11:51","modified_gmt":"2024-11-25T20:11:51","slug":"white-rhino","status":"publish","type":"product","link":"https:\/\/runtzcartsdisposables.com\/en\/product\/white-rhino\/","title":{"rendered":"White Rhino"},"content":{"rendered":"<h1>Buy white rhino online<\/h1>\n<p>Buy White Rhino online. Order white rhino online. <a href=\"https:\/\/runtzcartsdisposables.com\/index.php\/product\/granddaddy-purple\/\">Granddaddy Purple<\/a> (or GDP) was introduced by Ken Estes in 2003 and is a famous indica hybrid of Purple Urkle and Big Bud. This California staple inherits a complex grape and berry aroma from its Purple Urkle parent, while Big Bud passes on its oversized, compact bud structure. Blooming deep shades of purple, the GDP flowers provide a contrasting background to the snow-white, crystalline resin layer.buy Raspberry Cheesecake Brownie<\/p>\n<p>Ihre potente Wirkung ist sowohl im Geist als auch im K\u00f6rper deutlich sp\u00fcrbar und sorgt f\u00fcr eine Verschmelzung von zerebraler Euphorie und k\u00f6rperlicher Entspannung. W\u00e4hrend Ihre Gedanken in einem tr\u00e4umerischen Rausch schweben k\u00f6nnen, ist Ihr K\u00f6rper f\u00fcr die Dauer der GDP-Wirkung eher an einer Stelle fixiert. Granddaddy Purple wird in der Regel f\u00fcr Konsumenten aus dem Regal gezogen, die Schmerzen, Stress, Schlaflosigkeit, Appetitlosigkeit und Muskelkr\u00e4mpfe bek\u00e4mpfen wollen. GDP segnet Z\u00fcchter mit massiven Ertr\u00e4gen, die nach einer 60-t\u00e4gigen Bl\u00fctezeit im Innenbereich erntereif sind.buy <a href=\"https:\/\/hhcgraskaufen.com\" target=\"_blank\" rel=\"noopener\">Paris OG<\/a><\/p>\n<p>White Rhino is a cross between White Widow and an unknown North American indica strain, resulting in a bushy and vigorous plant. The buds deliver a strong and intoxicating high. The ancestry of the plant comes from Afghanistan, Brazil and India. White Rhino is one of the best marijuana strains for medicinal use due to its high THC content.buy Purple Og kush<\/p>\n<p>White Rhino is a potent indica strain and is easily recognized by its short to bushy, light to dark green leaves. The nuggets have a hue that can best be described as silvery-white and she is known for her potency, which comes with a hard and fast high, mainly due to the high THC levels, which range between 14-20 % lies. With a background of White Widow and a North American sativa plant, she is also known for her strong aroma, which is a mix of an earthy, bitter, and spicy smell.<\/p>\n<h2>Buy White Rhino online<\/h2>\n<p>Buy White Rhino online. Order white rhino online. It is quite common to experience feelings of laziness, happiness, and euphoria after smoking this strain, which is why it is primarily used in the medical world to treat stress, pain, and insomnia. The primary negative effect of this strain is dry mouth, although dry eyes are also a possibility. This strain is also known for being particularly resilient and able to be grown in extreme climates.<a href=\"https:\/\/runtzcartsdisposables.com\/en\/\">buy weed online Europe<\/a><\/p>","protected":false},"excerpt":{"rendered":"<h4 style=\"text-align: center;\">White Rhino<\/h4>\n<hr \/>\n<p>Introduced in 2003 by Ken Estes, Granddaddy Purple (or GDP) is a famous indica hybrid of Purple Urkle and Big Bud. This California staple inherits a complex grape and berry aroma from its Purple Urkle parent, while Big Bud passes on its oversized, compact bud structure.<\/p>","protected":false},"featured_media":519,"comment_status":"open","ping_status":"closed","template":"","meta":{"_monsterinsights_skip_tracking":false,"_monsterinsights_sitenote_active":false,"_monsterinsights_sitenote_note":"","_monsterinsights_sitenote_category":0},"product_cat":[126,195],"product_tag":[],"_links":{"self":[{"href":"https:\/\/runtzcartsdisposables.com\/en\/wp-json\/wp\/v2\/product\/518"}],"collection":[{"href":"https:\/\/runtzcartsdisposables.com\/en\/wp-json\/wp\/v2\/product"}],"about":[{"href":"https:\/\/runtzcartsdisposables.com\/en\/wp-json\/wp\/v2\/types\/product"}],"replies":[{"embeddable":true,"href":"https:\/\/runtzcartsdisposables.com\/en\/wp-json\/wp\/v2\/comments?post=518"}],"wp:featuredmedia":[{"embeddable":true,"href":"https:\/\/runtzcartsdisposables.com\/en\/wp-json\/wp\/v2\/media\/519"}],"wp:attachment":[{"href":"https:\/\/runtzcartsdisposables.com\/en\/wp-json\/wp\/v2\/media?parent=518"}],"wp:term":[{"taxonomy":"product_cat","embeddable":true,"href":"https:\/\/runtzcartsdisposables.com\/en\/wp-json\/wp\/v2\/product_cat?post=518"},{"taxonomy":"product_tag","embeddable":true,"href":"https:\/\/runtzcartsdisposables.com\/en\/wp-json\/wp\/v2\/product_tag?post=518"}],"curies":[{"name":"wp","href":"https:\/\/api.w.org\/{rel}","templated":true}]}}