{"id":555,"date":"2023-01-14T13:42:28","date_gmt":"2023-01-14T13:42:28","guid":{"rendered":"https:\/\/runtzcartsdisposables.com\/?post_type=product&#038;p=555"},"modified":"2024-11-25T20:11:43","modified_gmt":"2024-11-25T20:11:43","slug":"biscotti","status":"publish","type":"product","link":"https:\/\/runtzcartsdisposables.com\/en\/product\/biscotti\/","title":{"rendered":"Biscotti cali strain"},"content":{"rendered":"<h1>Biscotti cali strain online kaufen in Europa<\/h1>\n<p>Biscotti online kaufen in Europa. Biscotti ist eine seltene Indica-dominante Hybridsorte (80% Indica\/20% Sativa), die durch eine k\u00f6stliche Kreuzung der klassischen Sorten Gelato #25 X Girl Scout Cookies X South Florida OG entstanden ist. Wenn Du nach einer klassischen Indica mit einem wahnsinnig k\u00f6stlichen Geschmack suchst, hast Du sie gefunden. Biscotti bietet alles, was Du Dir w\u00fcnschst und noch viel mehr, was Wirkung und Geschmack angeht, in jedem k\u00f6stlichen Zug, und das alles mit einem super hohen durchschnittlichen THC-Gehalt von 25%. Der <a href=\"https:\/\/runtzcartsdisposables.com\/en\/product\/hawaiian-skunk\/\">Rausch<\/a> von Biscotti setzt mit einem Ansturm von zerebralen Effekten ein, die Deinen Geist in einen reinen, abgehobenen Zustand von unkonzentrierter Gl\u00fcckseligkeit versetzen. W\u00e4hrend sich Dein Geist beruhigt, wird ein beruhigendes k\u00f6rperliches High Deinen K\u00f6rper \u00fcberschwemmen, das es Dir erlaubt, Dich zur\u00fcckzulehnen und zu entspannen, ohne Dich um die Welt zu k\u00fcmmern. Dieses High wird schnell giggly und Stoney. Big Mex Magic Mushroom Online USA.<\/p>\n<p>Biscotti cali strain online kaufen in Europa. Biscotti Strain Genetics Online bestellen. Diese Sorte wurde von Cookies Fam entwickelt. Sie behaupten, die Pioniere vieler dieser au\u00dfergew\u00f6hnlich geilen Sorten zu sein, und es ist schwer, ihnen zu widersprechen. Biscotti ist eine Kreuzung zwischen; kaufen <a href=\"https:\/\/kokaindrogekaufen.com\/\" target=\"_blank\" rel=\"noopener\">Moon Rocks<\/a><\/p>\n<p>Gelato #25<br \/>\nPfadfinderinnen-Kekse<br \/>\nGorilla Glue #4<br \/>\nWhile it's hard to say if this is entirely accurate as some people say it's Gelato x South Florida OG, it's definitely one of those combos. Gelato is a Frankenstein strain in its own right, and Gorilla Glue #4 and Girl Scout Cookies are two of the most famous horny strains in the world. Biscotti is an ultimate strain with possibly one of the best flavor profiles in the industry. Where to buy marijuana online in the Netherlands.<\/p>\n<h2>Buy biscotti online in Europe<\/h2>\n<p>That's the real kicker. Unfortunately, since the seeds are not available online and the strain is generally very rare, the price is very high. In Amsterdam, you'll probably have to pay at least $40 per gram. It'll be a little cheaper in North America, but still not cheap, by a long shot. A gram costs at least $25 at a pharmacy in California. But for its strength, it's probably worth it. Buy marijuana online in Poland<\/p>\n<p>BISCOTTI WEED VARIETY FLAVOUR<\/p>\n<p>Fruchtig<br \/>\nNussig<br \/>\nW\u00fcrzig<br \/>\nZuckrig<br \/>\nS\u00fc\u00df<br \/>\nBiscotti ist definitiv eine Sorte, die Sie in einem Flower Vaporizer <a href=\"https:\/\/runtzcartsdisposables.com\/en\/product\/sherblato\/\">erleben<\/a> wollen. Obwohl sie auch zu den Sorten geh\u00f6rt, die gut schmecken, egal wie man sie raucht, lohnt es sich auf jeden Fall, Ihren treuen Flower Vape f\u00fcr diese Sorte zu z\u00fccken. Es ist einfach eine der am besten schmeckenden Sorten, die derzeit auf dem Markt erh\u00e4ltlich sind, und wenn man sie verbrennt, wird der Geschmack nur minimal beeintr\u00e4chtigt. Wenn Du einen Vaporizer verwendest, findet keine Verbrennung statt und das elegante Geschmacksprofil von Biscotti bleibt intakt. Wenn <a href=\"https:\/\/hhcgraskaufen.com\/\" target=\"_blank\" rel=\"noopener\">Du<\/a> das Gras zuerst mahlst, schmeckt es in Deinem Vaporizer sogar noch besser.<\/p>","protected":false},"excerpt":{"rendered":"<h2 style=\"text-align: center;\">Biscotti cali strain<\/h2>\n<hr \/>\n<p>Biscotti cali strain Die Genetik von Cookies hat ihre Wurzeln in vielen der besten Sorten in den Regalen. Viele St\u00e4mme haben ihre Genetik und Sie vielleicht nicht einmal wissen. Also, beachten Sie Biscotti Unkraut Stamm ist ein Cookies klassische Kreuzung eines s\u00fcdlichen OG Stamm: Gelato #25 gekreuzt mit South Florida OG.<\/p>\n<p>&nbsp;<\/p>","protected":false},"featured_media":556,"comment_status":"open","ping_status":"closed","template":"","meta":{"_monsterinsights_skip_tracking":false,"_monsterinsights_sitenote_active":false,"_monsterinsights_sitenote_note":"","_monsterinsights_sitenote_category":0},"product_cat":[126,245,351],"product_tag":[],"_links":{"self":[{"href":"https:\/\/runtzcartsdisposables.com\/en\/wp-json\/wp\/v2\/product\/555"}],"collection":[{"href":"https:\/\/runtzcartsdisposables.com\/en\/wp-json\/wp\/v2\/product"}],"about":[{"href":"https:\/\/runtzcartsdisposables.com\/en\/wp-json\/wp\/v2\/types\/product"}],"replies":[{"embeddable":true,"href":"https:\/\/runtzcartsdisposables.com\/en\/wp-json\/wp\/v2\/comments?post=555"}],"wp:featuredmedia":[{"embeddable":true,"href":"https:\/\/runtzcartsdisposables.com\/en\/wp-json\/wp\/v2\/media\/556"}],"wp:attachment":[{"href":"https:\/\/runtzcartsdisposables.com\/en\/wp-json\/wp\/v2\/media?parent=555"}],"wp:term":[{"taxonomy":"product_cat","embeddable":true,"href":"https:\/\/runtzcartsdisposables.com\/en\/wp-json\/wp\/v2\/product_cat?post=555"},{"taxonomy":"product_tag","embeddable":true,"href":"https:\/\/runtzcartsdisposables.com\/en\/wp-json\/wp\/v2\/product_tag?post=555"}],"curies":[{"name":"wp","href":"https:\/\/api.w.org\/{rel}","templated":true}]}}