{"id":591,"date":"2023-01-14T17:01:33","date_gmt":"2023-01-14T17:01:33","guid":{"rendered":"https:\/\/runtzcartsdisposables.com\/?post_type=product&#038;p=591"},"modified":"2024-11-25T20:11:34","modified_gmt":"2024-11-25T20:11:34","slug":"gelato","status":"publish","type":"product","link":"https:\/\/runtzcartsdisposables.com\/en\/product\/gelato\/","title":{"rendered":"Gelato"},"content":{"rendered":"<h1>Buy gelato online<\/h1>\n<p>Gelato online kaufen. Gel-ato (auch als &#8222;<a href=\"https:\/\/en.wikipedia.org\/wiki\/Larry_Bird\" target=\"_blank\" rel=\"noopener\">Larry Bird<\/a>\u201c) is an enticing one <a href=\"https:\/\/runtzcartsdisposables.com\/index.php\/product-category\/blumen\/hybrid-sorten\/\">Cannabis-Hybridsorte<\/a> by Cookie Fam and Sherbinski, following in the footsteps of her parents Sunset Sherbet and Thin Mint GSC. Native to the Bay Area of \u200b\u200bCalifornia, this strain owes its name to the fruity, dessert-like aroma that runs like a thread through the Cookie family. Her buds tend to bloom in deep purple hues, illuminated by fiery orange hairs and a lustrous white coat of crystal resin. newbie<\/p>\n<p>sollten sich diesem THC-Kraftpaket mit Vorsicht n\u00e4hern, aber diejenigen, die \u00fcber eine hohe Toleranz verf\u00fcgen, werden sich an Gel-atos schwerf\u00e4lliger Euphorie erfreuen. Die k\u00f6rperliche Entspannung setzt stark ein, aber viele finden sich geistig noch agil genug, um produktiv und kreativ zu bleiben, wenn sie Gelato tags\u00fcber genie\u00dfen.<\/p>\n<h2>Buy gelato online<\/h2>\n<p><strong>INDICA %SATIVA %REINHEIT \/ POTENZENTSPANNUNGSCHLAFENDE ENERGIEEUPHORIESCHMERZLINDERUNG<\/strong><\/p>\n<p>Name der Sorte: Gelato Cannabis-Sorte<\/p>\n<p>Dominante Sorte: Indica-dominant mit 55% Indica \/ 45% Sativa.<\/p>\n<p>Kurze Geschichte: Gel-ato stammt aus der Bay Area, Kalifornien, und wurde von Cookie Fam Genetics entwickelt. Diese k\u00f6stliche Sorte wurde durch Kreuzung von Sunset Sherbet mit Thin Mint Girl Scout Cookies erzeugt. Die Elternsorten sind beide f\u00fcr ihre vollmundige Wirkung bekannt.<\/p>\n<p>However, don't let its cute name fool you. Gelato is a very potent strain. After all, this delicious strain has all the best qualities of its parent strains.<\/p>\n<p>Gelato hits hard and fast. Her high THC content is known to induce powerful psychoactive and psychedelic effects. This is not a strain for beginners and those who don't tolerate THC well. If you still want to try them, do so with caution.<\/p>\n<p>Distinguishing Characteristics: Gelato's buds are slightly smaller compared to other strains. However, they are thick and densely packed together. The buds are a dark forest green color interspersed with vibrant purple and orange hairs. The leaves are also forest green in color with a slight purple tinge.<\/p>\n<p>Cannabinoid- und Terpenprofil: Der THC-Gehalt von Gel-ato ist mit etwa 20% hoch, obwohl einige Tests ergeben haben, dass er bis zu 25% betragen kann. Der CBD-Gehalt liegt bei etwa 0,1%, wobei einige Tests einen CBD-Gehalt von bis zu 1,59% ergaben. Der CBN-Gehalt ist mit 0,07 % gering.<br \/>\nDas Terpenprofil von Gela to enth\u00e4lt Myrcen, Caryophyllen und Pinen.<\/p>\n<p>Geschmacksrichtungen\/Aroma: Gela to macht seinem s\u00fc\u00dfen Namen alle Ehre. Es hat ein s\u00fc\u00dfes, erdiges Aroma mit k\u00f6stlichen Ankl\u00e4ngen von Blaubeeren und Orangen. Es riecht auch s\u00fc\u00df und holzig, mit kr\u00e4ftigen Noten von Fr\u00fcchten wie Beeren, Kirschen und Zitrusfr\u00fcchten wie Zitrone und Limette. Du wirst auch einige Untert\u00f6ne von Lavendel wahrnehmen.<\/p>\n<p>Wirkungen: Gela to ist eine indicadominierte Sorte, deren zerebrale und k\u00f6rperliche Wirkung Sie schnell und stark treffen kann. Vielleicht sp\u00fcrst Du die starke Wirkung sogar schon, bevor Du tats\u00e4chlich ausatmest.<br \/>\nYou will feel a strong head high at first, which is quickly followed by an equally strong body high. These effects leave you feeling totally relaxed, calm, happy, euphoric, and uplifted. The relaxing effect won't put you in a couch-lock, though.<\/p>","protected":false},"excerpt":{"rendered":"<h4 style=\"text-align: center;\">Gelato<\/h4>\n<hr \/>\n<p>Buy gelato online. Buy gelato online. Buy gelato online. Cannabis strain is a 55\/45 indica dominant hybrid bred by Cookie Fam Genetics. She is known for her\u2026<\/p>\n<p>&nbsp;<\/p>","protected":false},"featured_media":592,"comment_status":"open","ping_status":"closed","template":"","meta":{"_monsterinsights_skip_tracking":false,"_monsterinsights_sitenote_active":false,"_monsterinsights_sitenote_note":"","_monsterinsights_sitenote_category":0},"product_cat":[126,245],"product_tag":[],"_links":{"self":[{"href":"https:\/\/runtzcartsdisposables.com\/en\/wp-json\/wp\/v2\/product\/591"}],"collection":[{"href":"https:\/\/runtzcartsdisposables.com\/en\/wp-json\/wp\/v2\/product"}],"about":[{"href":"https:\/\/runtzcartsdisposables.com\/en\/wp-json\/wp\/v2\/types\/product"}],"replies":[{"embeddable":true,"href":"https:\/\/runtzcartsdisposables.com\/en\/wp-json\/wp\/v2\/comments?post=591"}],"wp:featuredmedia":[{"embeddable":true,"href":"https:\/\/runtzcartsdisposables.com\/en\/wp-json\/wp\/v2\/media\/592"}],"wp:attachment":[{"href":"https:\/\/runtzcartsdisposables.com\/en\/wp-json\/wp\/v2\/media?parent=591"}],"wp:term":[{"taxonomy":"product_cat","embeddable":true,"href":"https:\/\/runtzcartsdisposables.com\/en\/wp-json\/wp\/v2\/product_cat?post=591"},{"taxonomy":"product_tag","embeddable":true,"href":"https:\/\/runtzcartsdisposables.com\/en\/wp-json\/wp\/v2\/product_tag?post=591"}],"curies":[{"name":"wp","href":"https:\/\/api.w.org\/{rel}","templated":true}]}}