{"id":597,"date":"2023-01-14T17:07:21","date_gmt":"2023-01-14T17:07:21","guid":{"rendered":"https:\/\/runtzcartsdisposables.com\/?post_type=product&#038;p=597"},"modified":"2024-11-25T20:11:33","modified_gmt":"2024-11-25T20:11:33","slug":"girl-scout-cookies","status":"publish","type":"product","link":"https:\/\/runtzcartsdisposables.com\/en\/product\/girl-scout-cookies\/","title":{"rendered":"Girl Scout Cookies"},"content":{"rendered":"<h1>Buy Girl Scout Cookies online<\/h1>\n<p>Buy Girls Scout Cookies online. GSC, formerly known as Girl Scout Cookies, is a crossbreed of <a href=\"https:\/\/runtzcartsdisposables.com\/index.php\/product\/og-kush\/\">OG Kush<\/a> and <a href=\"https:\/\/www.leafly.com\/strains\/durban-poison\" target=\"_blank\" rel=\"noopener\">Durban Poison<\/a>, whose reputation grew too great to stay within the confines of their California home.buy weed online Europe With a sweet and earthy aroma, GSC takes you to the top floor of euphoria, where full-body relaxation meets a time-consuming cerebral space. This hybrid, whose high THC levels have earned GSC numerous Cannabis Cup awards, goes a long way with little. However, patients in need of a heavy dose of relief can consult GSC for severe pain, nausea, and loss of appetite.<\/p>\n<p>There are several different phenotypes of the GSC strain, including Thin Mint and Platinum GSC, which differ slightly in appearance and effect. Typically, however, GSC expresses her beauty in squirming green calyxes encased in purple leaves and fiery orange hairs. Patients and users wishing to grow this cannabis staple at home should wait 9 to 10 weeks for their houseplants to finish flowering.<\/p>\n<h2>Girls Scout Cookies online kaufen<\/h2>\n<p>Girl Scout Cookies, also known as GSC, is an award-winning strain from California. This hybrid offers a cerebral high like no other strain on the market, which has resulted in its popularity spreading across the globe. Girl Scout Cookies offers great relief from nausea and pain while also having appetite stimulating effects, making them great for those undergoing chemotherapy treatment for cancer. Since GSC is the result of crossing Durban Poison and OG Kush genetics, she offers a very balanced body high accompanied by an overwhelming euphoria in the head. The popularity of this strain and its incredible effects has resulted in many different GSC phenotypes appearing on the cannabis scene in recent years,<\/p>\n<p>Eltern: Durban Poison, OG Kush<br \/>\n\u00c4hnlich zu: Red Dragon, Space Queen, Premium Jack<br \/>\nGeschm\u00e4cker: S\u00fc\u00df, stechend, erdig<br \/>\nWirkungen: Gl\u00fccklich, Entspannt, Kreativ, Euphorisch<br \/>\nMedizinisch: Appetitlosigkeit, Schmerzen, Schlaflosigkeit, Depression, Stress, Angstzust\u00e4nde<br \/>\nPotenz: 17-28% THC<\/p>","protected":false},"excerpt":{"rendered":"<h3 style=\"text-align: center;\">Girl Scout Cookies<\/h3>\n<hr \/>\n<p>Buy Girl Scout Cookies Weed Online. Buy GSC Online, the best medical marijuana strain. Order now safely and have it delivered to you overnight. Unobtrusive.<\/p>\n<p>&nbsp;<\/p>","protected":false},"featured_media":598,"comment_status":"open","ping_status":"closed","template":"","meta":{"_monsterinsights_skip_tracking":false,"_monsterinsights_sitenote_active":false,"_monsterinsights_sitenote_note":"","_monsterinsights_sitenote_category":0},"product_cat":[126,245],"product_tag":[280,277,278,279,222],"_links":{"self":[{"href":"https:\/\/runtzcartsdisposables.com\/en\/wp-json\/wp\/v2\/product\/597"}],"collection":[{"href":"https:\/\/runtzcartsdisposables.com\/en\/wp-json\/wp\/v2\/product"}],"about":[{"href":"https:\/\/runtzcartsdisposables.com\/en\/wp-json\/wp\/v2\/types\/product"}],"replies":[{"embeddable":true,"href":"https:\/\/runtzcartsdisposables.com\/en\/wp-json\/wp\/v2\/comments?post=597"}],"wp:featuredmedia":[{"embeddable":true,"href":"https:\/\/runtzcartsdisposables.com\/en\/wp-json\/wp\/v2\/media\/598"}],"wp:attachment":[{"href":"https:\/\/runtzcartsdisposables.com\/en\/wp-json\/wp\/v2\/media?parent=597"}],"wp:term":[{"taxonomy":"product_cat","embeddable":true,"href":"https:\/\/runtzcartsdisposables.com\/en\/wp-json\/wp\/v2\/product_cat?post=597"},{"taxonomy":"product_tag","embeddable":true,"href":"https:\/\/runtzcartsdisposables.com\/en\/wp-json\/wp\/v2\/product_tag?post=597"}],"curies":[{"name":"wp","href":"https:\/\/api.w.org\/{rel}","templated":true}]}}