{"id":604,"date":"2023-01-14T17:12:19","date_gmt":"2023-01-14T17:12:19","guid":{"rendered":"https:\/\/runtzcartsdisposables.com\/?post_type=product&#038;p=604"},"modified":"2024-11-25T20:11:31","modified_gmt":"2024-11-25T20:11:31","slug":"grape-jelly","status":"publish","type":"product","link":"https:\/\/runtzcartsdisposables.com\/en\/product\/grape-jelly\/","title":{"rendered":"Grape jelly"},"content":{"rendered":"<h1>Buy Grape Jelly Marijuana Strain Online In Sweden<\/h1>\n<p>Kaufen Grape Jelly Marihuana Strain Online In Schweden. bestellen Grape-Jelly in New York. Grape-Jelly ist ein an Indica angelehnter Hybrid mit unbestreitbarem Appeal. Diese Sorte ist eine Kreuzung zwischen der harzigen <a href=\"https:\/\/bobdispensary.com\/\" target=\"_blank\" rel=\"noopener\">OG Glue<\/a> und der von NYC Diesel abgeleiteten Sweet Purple D. Mit ihrem k\u00f6stlichen Fruchtgeschmack und einem \u00fcberraschend ausgewogenen High kann Grape Jelly sowohl Indica- als auch Sativa-Liebhaber \u00fcberzeugen. Ihr THC-Gehalt wurde zwischen 18% und 28% gemessen.<\/p>\n<p>Grape-Jelly zeichnet sich durch gro\u00dfe Bl\u00fcten aus, die in einer konischen Formation aneinander haften und sich von einer breiten Basis zu einer spitzen Spitze hin verj\u00fcngen. Der innere Aufbau dieser klobigen Knospen zeigt einen klaren Indica-Einfluss, mit Bl\u00e4ttern, die sich eng nach innen drehen und einen soliden Kern bilden. Die Bl\u00e4tter selbst sind eine schillernde Mischung aus Salbeigr\u00fcn und dunklem Violett; gekr\u00e4uselte, rostfarbene Stempel machen diese farbenfrohen Buds noch auff\u00e4lliger. Schlie\u00dflich vererbt die Elternsorte OG Glue ihre Neigung zu einer hohen Trichom-Produktion, was zu einer dicken Beschichtung aus taufrischen wei\u00dfen Trichomen f\u00fchrt. buy Grape Jelly Marijuana Strain Online In Schweden<\/p>\n<p>Wie Sie vielleicht erwarten, wird der erste Hauch von Grape-Jelly&#8217;s Bl\u00fcten deutliche Noten von Trauben wahrnehmen. Bei n\u00e4herer Betrachtung kann dieses s\u00fc\u00dfe Aroma durch einige saure, stinkende Ger\u00fcche untergraben werden. Wenn man die Bl\u00fcten zerkleinert oder zerbricht, k\u00f6nnen dieselartige D\u00e4mpfe entstehen. Wenn es in einer Pfeife oder einem Joint verbrannt wird, verbrennt Grape Jelly mit angenehm riechendem Rauch, der jedoch den Gaumen oder die Nebenh\u00f6hlen des Konsumenten reizen kann. Dieser Rauch hat beim Ausatmen einen einzigartigen Geschmack von Benzin mit Traubengeschmack.<\/p>\n<h2>Grape Jelly Marihuana Strain online in Schweden kaufen<\/h2>\n<p>Der Rausch von Grape Jelly setzt schnell ein, indem er den Konsumenten kurz nach dem Rauchen mit einem gezielten Druck auf die Stirn trifft. Dieses seltsame Gef\u00fchl kann von Schwindelgef\u00fchlen oder sogar einer Stimulation der Speicheldr\u00fcsen begleitet sein. Sobald sie sich an diese seltsamen Gesichtsausdr\u00fccke gew\u00f6hnt haben, finden sich die Raucher jedoch oft auf einer neuen Ebene des Denkens wieder. Die Gedanken scheinen sich schneller zu bewegen oder eine neue Intensit\u00e4t anzunehmen, und die Konsumenten halten inne, um sich mit Konzepten zu besch\u00e4ftigen, die sie sonst vielleicht nicht interessieren w\u00fcrden. In \u00e4hnlicher Weise kann Grape-Jelly Anf\u00e4lle von freier Wortassoziation ausl\u00f6sen, was die Sorte f\u00fcr alles n\u00fctzlich macht, vom Brainstorming bis zum Beginn von Gespr\u00e4chen in sozialer Umgebung. Nutzer, die ausreichend motiviert sind, k\u00f6nnen diesen zerebralen Vorteil f\u00fcr detaillierte, analytische Aufgaben nutzen. Wo kann man Marihuana bester Qualit\u00e4t in den Niederlanden online kaufen.<\/p>\n<p>Nach etwa einer Stunde treten jedoch die k\u00f6rperlichen Wirkungen von Grape-Jelly ein, beginnend mit einem schweren Gef\u00fchl in der K\u00f6rpermitte und den Gliedern. Der Nutzer kann ein allm\u00e4hliches Gef\u00fchl der Erleichterung von lang anhaltenden Muskelverspannungen versp\u00fcren und in der Lage sein, tiefere, erholsamere Atemz\u00fcge zu machen. Wird die Dosis erh\u00f6ht, kann sich diese entspannende Wirkung noch verst\u00e4rken und hat das Potenzial, den Raucher zu entm\u00fcndigen, egal wo er sitzt oder steht. F\u00fcr diejenigen, die sich ein gewisses Ma\u00df an Energie bewahren k\u00f6nnen, kann die doppelte Stimulation von K\u00f6rper und Geist durch Grape Jelly jedoch ein solides Aphrodisiakum sein &#8211; nat\u00fcrlich nur in der richtigen Gesellschaft. Wegen ihrer allm\u00e4hlich abklingenden Wirkung wird Grape-Jelly f\u00fcr den Konsum am sp\u00e4ten Nachmittag bis zum Abend empfohlen. Grape-Jelly Marihuana Strain online in Schweden kaufen. Kubanische Magic Mushrooms online kaufen<\/p>\n<p>Grape-Jelly ist eine vielseitige Sorte f\u00fcr Freizeitkonsumenten und kann auch f\u00fcr medizinische Cannabispatienten einige Vorteile haben. Ihre konzentrierte Denkweise kann Menschen mit Aufmerksamkeitsdefiziten helfen, eine Aufgabe nach der anderen zu erledigen. Dar\u00fcber hinaus kann ihr gleichm\u00e4\u00dfiger euphorischer Rausch vor\u00fcbergehend einige der Symptome von leichtem bis mittlerem Stress und Depressionen vertreiben. Am k\u00f6rperlichen Ende des Spektrums kann diese Sorte leichte, entz\u00fcndungsbedingte Schmerzen sowie Schmerzen, die auf chronische Erkrankungen wie COPD oder Fibromyalgie zur\u00fcckzuf\u00fchren sind, lindern. Dar\u00fcber hinaus kann die Tendenz von Grape Jelly, Hei\u00dfhunger hervorzurufen, sie zu einem soliden Appetitanreger f\u00fcr Menschen machen, die mit Verdauungskrankheiten, Chemotherapie und Kachexie zu k\u00e4mpfen haben. Da das anf\u00e4ngliche Gef\u00fchl des &#8222;geistigen Wettlaufs&#8220; unter den falschen Umst\u00e4nden desorientierend sein kann, ist Grape-Jelly vielleicht nicht die beste Wahl f\u00fcr Patienten, die zu Panik oder Paranoia neigen. Big Mex Magic Mushroom<a href=\"https:\/\/runtzcartsdisposables.com\/en\/product\/la-kush-cake-jungleboy-bestellen\/\"> Online USA<\/a>.<\/p>\n<p>Unfortunately, Grape Jelly seeds are not available online. Instead, those looking to grow their own plant can obtain cuttings from mature, healthy plants to propagate \"clones.\" These can be grown indoors or outdoors, although a semi-humid, Mediterranean climate is required for outdoor success. However<\/p>","protected":false},"excerpt":{"rendered":"<p>As you would expect, the first time you smell the flowers of Grape Jelly, you will notice clear notes of grapes. Upon closer inspection, that sweet aroma can be undermined by some sour, stinky odors<\/p>\n<p>&nbsp;<\/p>","protected":false},"featured_media":605,"comment_status":"open","ping_status":"closed","template":"","meta":{"_monsterinsights_skip_tracking":false,"_monsterinsights_sitenote_active":false,"_monsterinsights_sitenote_note":"","_monsterinsights_sitenote_category":0},"product_cat":[126,245,351],"product_tag":[],"_links":{"self":[{"href":"https:\/\/runtzcartsdisposables.com\/en\/wp-json\/wp\/v2\/product\/604"}],"collection":[{"href":"https:\/\/runtzcartsdisposables.com\/en\/wp-json\/wp\/v2\/product"}],"about":[{"href":"https:\/\/runtzcartsdisposables.com\/en\/wp-json\/wp\/v2\/types\/product"}],"replies":[{"embeddable":true,"href":"https:\/\/runtzcartsdisposables.com\/en\/wp-json\/wp\/v2\/comments?post=604"}],"wp:featuredmedia":[{"embeddable":true,"href":"https:\/\/runtzcartsdisposables.com\/en\/wp-json\/wp\/v2\/media\/605"}],"wp:attachment":[{"href":"https:\/\/runtzcartsdisposables.com\/en\/wp-json\/wp\/v2\/media?parent=604"}],"wp:term":[{"taxonomy":"product_cat","embeddable":true,"href":"https:\/\/runtzcartsdisposables.com\/en\/wp-json\/wp\/v2\/product_cat?post=604"},{"taxonomy":"product_tag","embeddable":true,"href":"https:\/\/runtzcartsdisposables.com\/en\/wp-json\/wp\/v2\/product_tag?post=604"}],"curies":[{"name":"wp","href":"https:\/\/api.w.org\/{rel}","templated":true}]}}