{"id":622,"date":"2023-01-14T17:27:22","date_gmt":"2023-01-14T17:27:22","guid":{"rendered":"https:\/\/runtzcartsdisposables.com\/?post_type=product&#038;p=622"},"modified":"2024-11-25T20:11:27","modified_gmt":"2024-11-25T20:11:27","slug":"jack","status":"publish","type":"product","link":"https:\/\/runtzcartsdisposables.com\/en\/product\/jack\/","title":{"rendered":"Jack"},"content":{"rendered":"<h1>Jack Marijuana Strains Buy Online Lithuania<\/h1>\n<p>Kaufen Jack Marihuana St\u00e4mme Online Litauen. Ja-ck Herer ist eine Sorte, die nach einem lebenslangen Cannabis-Aktivisten benannt ist, dessen Buch The Emperor Wears No Clothes aus dem Jahr 1985 weiterhin eine einflussreiche Quelle im Kampf f\u00fcr die Entkriminalisierung und Legalisierung von Cannabis ist. Der sativadominierte Hybrid wurde in den 1980er oder 90er Jahren von Sensi Seeds entwickelt und ist eine schmackhafte und immer wieder beliebte Sorte. Ja-ck Herer hat ihre Genetik und einen Teil ihres Namens an gekreuzte Sorten wie Ja-ck the Ripper, Ja-ck&#8217;s Cleaner und Ja-ck Skellington weitergegeben. buy Member <a href=\"https:\/\/hhcvapekaufen.com\/\" target=\"_blank\" rel=\"noopener\">Berry<\/a><\/p>\n<p>Obwohl die genaue genetische Formel ein gut geh\u00fctetes Geheimnis ist, geht man davon aus, dass Jack Herer das Produkt der Sativa-Grundlage Haze und einer Kreuzung von Northern Lights #5 und Shiva Skunk ist. Die klebrigen Knospen haben einen ansprechenden orange-zitronigen Duft und Geschmack mit einem Hauch von feuchter Kiefer. Der Rausch bietet eine ausgezeichnete Balance zwischen zerebralen und physischen Effekten und hinterl\u00e4sst den Konsumenten tief entspannt, aber aufmerksam und gespr\u00e4chig. Der ansprechende Geschmack und die abgerundete Wirkung von Ja-ck Herer haben sie sowohl bei medizinischen als auch bei Freizeit-Cannabiskonsumenten sehr beliebt gemacht; sie hat neun Cannabis Cup-Titel gewonnen. Das Cannabis-Labor Analytical 360 hat den THC-Gehalt von Ja-ck Herer-Bl\u00fcten mit 15% bis 24% gemessen. buy Mintz<\/p>\n<h2>Buy Jack Marijuana Strains Online Lithuania<\/h2>\n<p>Die allgemeinen Informationen \u00fcber diese Sorte lauten wie folgt: Jack Herer kombiniert einen Haze-Hybriden mit einer Northern Lights #5 und einer Shiva Skunk-Kreuzung. Die urspr\u00fcnglichen Z\u00fcchter Sensi Seeds schufen Ja-ck Herer in der Hoffnung, sowohl die zerebrale Erhebung, die mit Sativa-Sorten verbunden ist, als auch die schwere Harzproduktion von Indica-Sorten zu erreichen. kaufen Super Og Cookie<\/p>\n<p>Ihr reichhaltiger genetischer Hintergrund f\u00fchrt zu verschiedenen Variationen von Ja-ck Herer, wobei jeder Ph\u00e4notyp seine eigenen einzigartigen Eigenschaften und Wirkungen hat. Dieser spezielle Pheno, den wir erhalten haben, bietet ein sehr klares und gl\u00fcckseliges High, das es erlaubt, den ganzen Tag geraucht zu werden, jeden Tag&#8230; Buy Ja-ck in Beverly Hills. wann immer Sie wollen. buy weed online in Europe<\/p>\n<p>Wenn Sie auf der Suche nach einer Morgenmedizin sind, sollten Sie Jack einmal ausprobieren. F\u00fcr den Preis ist dies eine gro\u00dfartige Blume. Sie ist sehr gut ausgeh\u00e4rtet, was einen sauberen Abbrand und einen \u00fcppigen Geruch\/Geschmack erm\u00f6glicht &#8211; der einzige Nachteil ist, dass die Nugs ein wenig luftig sind, aber sie sind GROSS. Kaufen Jack <a href=\"https:\/\/runtzcartsdisposables.com\/en\/product\/skittles-moonrocks\/\">Marihuana<\/a> St\u00e4mme Online Litauen kaufen Sour Diesel<\/p>\n<p>EFFECTS<br \/>\nKreativ, Gl\u00fccklich, Euphorisch, Energetisch<\/p>\n<p>MEDIZINISCH:<br \/>\nStress, Depression, M\u00fcdigkeit<\/p>\n<p>THC:<br \/>\n21%<\/p>\n<p>CBD:<br \/>\n1.2%<\/p>\n<p>&nbsp;<\/p>\n<p>&nbsp;<\/p>\n<p>&nbsp;<\/p>\n<p>&nbsp;<\/p>","protected":false},"excerpt":{"rendered":"<h3 style=\"text-align: center;\">Jack<\/h3>\n<hr \/>\n<p>Jack Herer is a strain named after a lifelong cannabis activist whose 1985 book The Emperor Wears No Clothes remains an influential source in the fight for cannabis decriminalization and legalization.<\/p>\n<p>&nbsp;<\/p>","protected":false},"featured_media":623,"comment_status":"open","ping_status":"closed","template":"","meta":{"_monsterinsights_skip_tracking":false,"_monsterinsights_sitenote_active":false,"_monsterinsights_sitenote_note":"","_monsterinsights_sitenote_category":0},"product_cat":[126,245,351],"product_tag":[],"_links":{"self":[{"href":"https:\/\/runtzcartsdisposables.com\/en\/wp-json\/wp\/v2\/product\/622"}],"collection":[{"href":"https:\/\/runtzcartsdisposables.com\/en\/wp-json\/wp\/v2\/product"}],"about":[{"href":"https:\/\/runtzcartsdisposables.com\/en\/wp-json\/wp\/v2\/types\/product"}],"replies":[{"embeddable":true,"href":"https:\/\/runtzcartsdisposables.com\/en\/wp-json\/wp\/v2\/comments?post=622"}],"wp:featuredmedia":[{"embeddable":true,"href":"https:\/\/runtzcartsdisposables.com\/en\/wp-json\/wp\/v2\/media\/623"}],"wp:attachment":[{"href":"https:\/\/runtzcartsdisposables.com\/en\/wp-json\/wp\/v2\/media?parent=622"}],"wp:term":[{"taxonomy":"product_cat","embeddable":true,"href":"https:\/\/runtzcartsdisposables.com\/en\/wp-json\/wp\/v2\/product_cat?post=622"},{"taxonomy":"product_tag","embeddable":true,"href":"https:\/\/runtzcartsdisposables.com\/en\/wp-json\/wp\/v2\/product_tag?post=622"}],"curies":[{"name":"wp","href":"https:\/\/api.w.org\/{rel}","templated":true}]}}