{"id":628,"date":"2023-01-14T17:32:09","date_gmt":"2023-01-14T17:32:09","guid":{"rendered":"https:\/\/runtzcartsdisposables.com\/?post_type=product&#038;p=628"},"modified":"2024-11-25T20:11:25","modified_gmt":"2024-11-25T20:11:25","slug":"jealousy","status":"publish","type":"product","link":"https:\/\/runtzcartsdisposables.com\/en\/product\/jealousy\/","title":{"rendered":"Jealousy"},"content":{"rendered":"<h1>Buy Jealousy Marijuana Strain Online In Poland<\/h1>\n<p>Kaufen Jealousy Marihuana <a href=\"https:\/\/runtzcartsdisposables.com\/en\/product\/skittles-moonrocks\/\">Strain<\/a> Online In Polen. Sch\u00f6ne lila Blume, sehr klebrig und dicht, leuchtend orange Haare und smaragdgr\u00fcne Bl\u00e4tter sprie\u00dfen in der ganzen Blume mit Tonnen von #Trichomen BUY WAX (Pro Gramm)<\/p>\n<p>Strong and intense physical and cerebral high, fast acting and will instantly lift your mind to a cloud and make your body feel all the gravity. Buy Diazepam 10mg tablets online.<\/p>\n<p>Beautiful purple flower, very sticky and dense, bright orange hairs and emerald green leaves sprout through the flower with tons of #trichomesBuy Cake Mix\/Mintz<\/p>\n<p>Strong and intense physical and cerebral high, fast acting and will instantly lift your mind to a cloud and make your body feel all the gravity. Jealousy (Gelato41 x Sherb bx1) by Cookies and Mintz bred by Seed Junky Genetics. Jealousy buds have a dark purple hue and a frosty sheen. the flavors of gelato and sorbet are a perfect marriage of gasy, funky, and sweet. You can share or you can make your friends jealous.buy Kurupt Moon Skirt<\/p>\n<p>Gorgeous purple flower, very sticky and dense, bright orange hairs and emerald green leaves sprouting throughout the flower with tons of #trichomes buy Strawnana<\/p>\n<h2>Buy Jealousy Marijuana Strain Online In Poland<\/h2>\n<p>Strong and intense physical and cerebral high that hits fast and instantly makes your mind float on a cloud and lets your body feel all the gravity.buy Lemon Skittle<\/p>\n<p>Wundersch\u00f6ne lila Bl\u00fcte, sehr klebrig und dicht, leuchtend orangefarbene Haare und smaragdgr\u00fcne Bl\u00e4tter, die durch die ganze Bl\u00fcte mit Tonnen von #Trichomen sprie\u00dfen<a href=\"https:\/\/ketaminkaufenn.com\/\" target=\"_blank\" rel=\"noopener\">.<\/a> Kaufen Jealousy Marihuana Strain Online In Polen<\/p>\n<p>Strong and intense physical and cerebral high that hits fast and instantly makes your mind float on a cloud and makes your body feel all the gravity.buy HASH<\/p>\n<p>Gorgeous purple flower, very sticky and dense, bright orange hairs and emerald green leaves sprouting throughout the flower with tons of #trichomes. Buy Cuban Magic Mushrooms online.<\/p>\n<p>Strong and intense physical and cerebral high, fast acting and will instantly lift your mind to a cloud and make your body feel all the gravity. Jealousy (Gelato41 x Sherb bx1) by Cookies and Mintz bred by Seed Junky Genetics. Jealous buds have a dark purple hue and a frosty sheen. The gelato and sherbet flavors are a perfect marriage of gassy, \u200b\u200bfunky, and sweet. You can share or you can make your friends jealous. Buy Jealousy in Arizona buy CHOCOLATE FUDGE BROWNIE<\/p>\n<p>Gorgeous purple flower, very sticky and dense, bright orange hairs and emerald green leaves sprouting throughout the flower, with tons of #trichomes. Buy Jealousy Marijuana Strain Online In Poland<\/p>\n<p>Strong and intense physical and cerebral high, fast acting and will instantly lift your mind to a cloud and make your body feel all the gravity.<\/p>","protected":false},"excerpt":{"rendered":"<h2 style=\"text-align: center;\"><strong>Jealousy<\/strong><\/h2>\n<hr \/>\n<p>Gorgeous purple bud, very sticky and dense, bright orange hairs and emerald green leaves sprouting throughout the bud, with tons of trichomes.<\/p>\n<p>&nbsp;<\/p>","protected":false},"featured_media":629,"comment_status":"open","ping_status":"closed","template":"","meta":{"_monsterinsights_skip_tracking":false,"_monsterinsights_sitenote_active":false,"_monsterinsights_sitenote_note":"","_monsterinsights_sitenote_category":0},"product_cat":[126,245,351],"product_tag":[299,233,301,302,303,304,305,306,307,308,309,300],"_links":{"self":[{"href":"https:\/\/runtzcartsdisposables.com\/en\/wp-json\/wp\/v2\/product\/628"}],"collection":[{"href":"https:\/\/runtzcartsdisposables.com\/en\/wp-json\/wp\/v2\/product"}],"about":[{"href":"https:\/\/runtzcartsdisposables.com\/en\/wp-json\/wp\/v2\/types\/product"}],"replies":[{"embeddable":true,"href":"https:\/\/runtzcartsdisposables.com\/en\/wp-json\/wp\/v2\/comments?post=628"}],"wp:featuredmedia":[{"embeddable":true,"href":"https:\/\/runtzcartsdisposables.com\/en\/wp-json\/wp\/v2\/media\/629"}],"wp:attachment":[{"href":"https:\/\/runtzcartsdisposables.com\/en\/wp-json\/wp\/v2\/media?parent=628"}],"wp:term":[{"taxonomy":"product_cat","embeddable":true,"href":"https:\/\/runtzcartsdisposables.com\/en\/wp-json\/wp\/v2\/product_cat?post=628"},{"taxonomy":"product_tag","embeddable":true,"href":"https:\/\/runtzcartsdisposables.com\/en\/wp-json\/wp\/v2\/product_tag?post=628"}],"curies":[{"name":"wp","href":"https:\/\/api.w.org\/{rel}","templated":true}]}}