{"id":652,"date":"2023-01-14T17:49:08","date_gmt":"2023-01-14T17:49:08","guid":{"rendered":"https:\/\/runtzcartsdisposables.com\/?post_type=product&#038;p=652"},"modified":"2024-11-25T20:11:21","modified_gmt":"2024-11-25T20:11:21","slug":"lemon-cherry-gelato","status":"publish","type":"product","link":"https:\/\/runtzcartsdisposables.com\/en\/product\/lemon-cherry-gelato\/","title":{"rendered":"Lemon cherry gelato"},"content":{"rendered":"<h1>Buy Lemon Cherry Gelato online in Greece<\/h1>\n<p>Buy Lemon Cherry Gelato online in Greece. Antique, an Oakland-based operation, is working hard to show that the East Bay is still at the forefront.<\/p>\n<p>Her latest drop of Lemon Cherry Gelato? ? is the next level. Big Mex Magic Mushroom Online USA.<\/p>\n<p>The first thing that strikes you is how well he's grown, flushed, healed, and cared for. It burns incredibly smooth reminiscent of clean green certified flowers.buy Cookies Pre-Rolls<\/p>\n<p>The flavor profile feels like it was made by a famous chef. The balance between cherry, lemon and gelato is impeccable. The gelato isn't too overwhelming while the lemon and cherry notes compliment the gelato so well.<\/p>\n<p>Lemon Gelato ist eine indicadominierte Hybridsorte, die Liebhabern von Geruch und Geschmack gefallen wird. Wie der Name schon sagt, bietet Lemon Gelato einen s\u00fc\u00dfen, Sorbet-\u00e4hnlichen Geschmack, der an Zitronen und Blaubeeren erinnert, aber mit einem holzartigen Geschmack beim Ausatmen. Der Duft ist \u00e4hnlich und wird nur noch intensiver, wenn man die Knospen dieser Sorte aufbricht. Mit ihrer Abstammung von Sunset Sherbet, Thin Mint Girl Scout Cookies und Lemon Haze ist es kein Wunder, dass sowohl ihr Duft als auch ihr Geschmack so abwechslungsreich und lecker sind. Kubanische <a href=\"https:\/\/bobdispensary.com\/\" target=\"_blank\" rel=\"noopener\">Magic Mushrooms<\/a> online kaufen<\/p>\n<h2>Buy Lemon Cherry Gelato online in Greece<\/h2>\n<p>A well-cultivated batch of Lemon Gelato produces nugs with deep green tips that lighten towards the stem, along with golden-brown pistils and a light pollination of trichomes. Buy MoneyBagg Runtz in Dammam<\/p>\n<p>Der<a href=\"https:\/\/runtzcartsdisposables.com\/en\/product\/la-kush-cake-jungleboy-bestellen\/\"> THC-Gehalt<\/a> von Lemon Gelato kann variieren, daher sollte man den Prozentsatz \u00fcberpr\u00fcfen, bevor man sie probiert. Rezensenten dieser Sorte haben oft angegeben, dass ihr Fokus zusammen mit der Energie zunimmt, und ein zerebraler Kopf Rausch wird von einem K\u00f6rper Summen, das von Kopf bis Fu\u00df schwingt begleitetFans dieser Sorte schwelgen oft in Entspannung, Ruhe und Frieden, wenn sie es versuchen, und haben auch festgestellt, dass es helfen kann, Schmerzen zu lindern, Kopfschmerzen, und m\u00f6glicherweise von M\u00fcdigkeit zu befreien.<\/p>","protected":false},"excerpt":{"rendered":"<h4 style=\"text-align: center;\">Lemon cherry gelato<\/h4>\n<hr \/>\n<p>This strain descends from the Sunset Sherbet strain. We are the number one supplier of gelato.<br \/>\nLemon Gelato is an indica-dominant hybrid strain that will appeal to lovers of smell and. Just as the name suggests, Lemon Gelato offers a sweet, sorbet-like flavor reminiscent of lemons and blueberries.<\/p>","protected":false},"featured_media":653,"comment_status":"open","ping_status":"closed","template":"","meta":{"_monsterinsights_skip_tracking":false,"_monsterinsights_sitenote_active":false,"_monsterinsights_sitenote_note":"","_monsterinsights_sitenote_category":0},"product_cat":[126,245,351],"product_tag":[],"_links":{"self":[{"href":"https:\/\/runtzcartsdisposables.com\/en\/wp-json\/wp\/v2\/product\/652"}],"collection":[{"href":"https:\/\/runtzcartsdisposables.com\/en\/wp-json\/wp\/v2\/product"}],"about":[{"href":"https:\/\/runtzcartsdisposables.com\/en\/wp-json\/wp\/v2\/types\/product"}],"replies":[{"embeddable":true,"href":"https:\/\/runtzcartsdisposables.com\/en\/wp-json\/wp\/v2\/comments?post=652"}],"wp:featuredmedia":[{"embeddable":true,"href":"https:\/\/runtzcartsdisposables.com\/en\/wp-json\/wp\/v2\/media\/653"}],"wp:attachment":[{"href":"https:\/\/runtzcartsdisposables.com\/en\/wp-json\/wp\/v2\/media?parent=652"}],"wp:term":[{"taxonomy":"product_cat","embeddable":true,"href":"https:\/\/runtzcartsdisposables.com\/en\/wp-json\/wp\/v2\/product_cat?post=652"},{"taxonomy":"product_tag","embeddable":true,"href":"https:\/\/runtzcartsdisposables.com\/en\/wp-json\/wp\/v2\/product_tag?post=652"}],"curies":[{"name":"wp","href":"https:\/\/api.w.org\/{rel}","templated":true}]}}