{"id":658,"date":"2023-01-14T18:02:05","date_gmt":"2023-01-14T18:02:05","guid":{"rendered":"https:\/\/runtzcartsdisposables.com\/?post_type=product&#038;p=658"},"modified":"2024-11-25T20:11:19","modified_gmt":"2024-11-25T20:11:19","slug":"mimosa","status":"publish","type":"product","link":"https:\/\/runtzcartsdisposables.com\/en\/product\/mimosa\/","title":{"rendered":"Mimosa"},"content":{"rendered":"<h1>Buy mimosa in Virginia US<\/h1>\n<p><span class=\"css-1uwmyp9-text css-1en5rd2 css-13sga99 css-6n7j50\">Mimosa strain <\/span>Buy Mimosa in Virginia US. Order Mimosa in Virginia US. Mimosa is a sativa-dominant strain <a href=\"https:\/\/runtzcartsdisposables.com\/index.php\/product-category\/blumen\/hybrid-sorten\/\">Hybridsorte<\/a> (70% Sativa\/30% Indica) obtained by crossing the classic P<a href=\"https:\/\/www.alchimiaweb.com\/en\/purple-punch-x-do-si-dos-product-12372.php#:~:text=Purple%20Punch%20x%20Do%2DSi%2Ddos%20by%20Philosopher%20Seeds%20is,production%2C%20appearance%20and%20psychedelic%20effect.\" target=\"_blank\" rel=\"noopener\">urple Punch X<\/a> Clementine varieties emerged. If you're looking for an early morning pick-me-up (non-alcoholic), this strain is for you. Mimosa has a bright and upbeat daytime effect that's perfect to ward off sleep and kick-start your day with a positive vibe. At the onset of the high, you'll feel an energetic, clear head that fills your brain with euphoric motivation and laser-sharp focus. This effect is accompanied by a slight tingling sensation, mainly in the body and not in the head. With these effects and high average THC levels of 19-27%, Mimosa is a perfect choice for treating people suffering from strawnana.<\/p>\n<h4>THC<\/h4>\n<p>Tetrahydrocannabinol<br \/>\nThe higher the percentage of THC, the higher the potency (high). Buy Mimosa Cannabis Europe<\/p>\n<h4>CBD<\/h4>\n<p><strong>Cannabidiol<\/strong><br \/>\nCBD, or cannabidiol, is the second most common ingredient in most marijuana strains. Some strains are bred to contain more CBD than THC. CBD has a high medicinal effect, but does not get you high as it has no psychoactive properties. CBD is used to treat many conditions: pain, inflammation, anxiety, and many other ailments. cbd brownies<\/p>\n<p>Mimosa ist eine dominante Indica-Sorte, die ein starkes Hybrid-High hat. Sie hat eine unglaublich hohe <a href=\"https:\/\/runtzcartsdisposables.com\/en\/product\/orangenkekse-jungleboys-kaufen\/\">THC<\/a>-Konzentration, die bei 20 Prozent beginnt. Sie hat ein sehr einzigartiges und stechendes Aroma, das manchmal s\u00fc\u00df erscheint.<\/p>\n<p>Its aroma has hints of citrus and earthy flavors as well. The variety has a mossy appearance that is greenish and rusty in color. Mimosa has a good flavor that is a mix of earthy and citrus flavors. The positive effects of this strain are amazing. It has a strong calming effect on the nerves and makes you happy and euphoric at the same time.<\/p>\n<p><span class=\"css-1uwmyp9-text css-1en5rd2 css-13sga99 css-6n7j50\">Mimosa strain <\/span>Nach dem Rauchen von Mimosa f\u00fchlt man sich entspannt. Es kann auch dazu f\u00fchren, dass man sich kreativ f\u00fchlt. Mimose eignet sich hervorragend zur Behandlung von Angstzust\u00e4nden und Depressionen verschiedener Art. Sie k\u00f6nnen es auch f\u00fcr die Heilung von Hyperaktivit\u00e4t verwenden<a href=\"http:\/\/gblkaufenn.com\" target=\"_blank\" rel=\"noopener\">.<\/a> High THC Weed kaufen. All American Brownie kaufen<\/p>\n<p>A hybrid is a mix of two genetically different marijuana strains. Hybrids are formed when the pollen of one cultivar (male) is transferred (by an insect or by hand) to a flower (female) of another cultivar. The plant then produces seeds that contain the genetics of both parents. Hybrids sometimes exhibit higher potency and hardiness than their parents. For example, the Chemdawg strain is a cross between OG Kush and Sour Diesel.<\/p>","protected":false},"excerpt":{"rendered":"<h2 class=\"css-1uwmyp9-text css-1en5rd2 css-13sga99 css-13o7eu2 css-542wex\" style=\"text-align: center;\"><span class=\"css-1uwmyp9-text css-1en5rd2 css-13sga99 css-6n7j50\"><span class=\"css-1uwmyp9-text css-1en5rd2 css-13sga99 css-6n7j50\">Mimosa strain<\/span><\/span><\/h2>\n<hr \/>\n<p>Mimosa is a sativa-dominant hybrid strain (70% sativa\/30% indica) created by crossing classic Purple Punch X Clementine strains.<\/p>\n<p>&nbsp;<\/p>","protected":false},"featured_media":659,"comment_status":"open","ping_status":"closed","template":"","meta":{"_monsterinsights_skip_tracking":false,"_monsterinsights_sitenote_active":false,"_monsterinsights_sitenote_note":"","_monsterinsights_sitenote_category":0},"product_cat":[126,245,351],"product_tag":[],"_links":{"self":[{"href":"https:\/\/runtzcartsdisposables.com\/en\/wp-json\/wp\/v2\/product\/658"}],"collection":[{"href":"https:\/\/runtzcartsdisposables.com\/en\/wp-json\/wp\/v2\/product"}],"about":[{"href":"https:\/\/runtzcartsdisposables.com\/en\/wp-json\/wp\/v2\/types\/product"}],"replies":[{"embeddable":true,"href":"https:\/\/runtzcartsdisposables.com\/en\/wp-json\/wp\/v2\/comments?post=658"}],"wp:featuredmedia":[{"embeddable":true,"href":"https:\/\/runtzcartsdisposables.com\/en\/wp-json\/wp\/v2\/media\/659"}],"wp:attachment":[{"href":"https:\/\/runtzcartsdisposables.com\/en\/wp-json\/wp\/v2\/media?parent=658"}],"wp:term":[{"taxonomy":"product_cat","embeddable":true,"href":"https:\/\/runtzcartsdisposables.com\/en\/wp-json\/wp\/v2\/product_cat?post=658"},{"taxonomy":"product_tag","embeddable":true,"href":"https:\/\/runtzcartsdisposables.com\/en\/wp-json\/wp\/v2\/product_tag?post=658"}],"curies":[{"name":"wp","href":"https:\/\/api.w.org\/{rel}","templated":true}]}}