{"id":688,"date":"2023-01-14T18:32:28","date_gmt":"2023-01-14T18:32:28","guid":{"rendered":"https:\/\/runtzcartsdisposables.com\/?post_type=product&#038;p=688"},"modified":"2024-11-25T20:11:12","modified_gmt":"2024-11-25T20:11:12","slug":"purple-punch-2","status":"publish","type":"product","link":"https:\/\/runtzcartsdisposables.com\/en\/product\/purple-punch-2\/","title":{"rendered":"Purple Punch"},"content":{"rendered":"<h1>Buy purple punch online UK<\/h1>\n<p>Buy Purple Punch online. It's thanks to UK Mystery breeders that Purple Punch entered our lives, as this potent bud offers a taste explosion with an effect you'll keep craving. Crossing Granddaddy Purple with Larry OG was a smart idea as this indica-dominant strain brings out the best of both parents. Individuals craving an equally potent mental and physical high should give this strain a try. Buy Cake Mix\/Minntz<\/p>\n<p>Auch wenn sie mit 20% THC nicht sehr stark klingt, enth\u00e4lt Purple Punch auch 1%<a href=\"https:\/\/nembutalprezzo.com\/\" target=\"_blank\" rel=\"noopener\"> CBD<\/a> und trifft Dich wie ein Mack Truck. Die Nuggets sind sehr flauschig und hell mit einem Neon-Ton, begleitet von r\u00f6tlichen Stempeln und bernsteinfarbenen Trichomen. Einige w\u00fcrden die Aromen und Geschmacksrichtungen dieser Knospe als einen Schlag ins Gesicht beschreiben, und das zu Recht, da eine starke Trauben-Kool-Aid-Note vorhanden ist. Dies wird jedoch durch andere k\u00f6stliche Aromen wie Blaubeeren, Vanille und Kr\u00e4uter ausgeglichen.buy Northern light<\/p>\n<p>The high with Purple Punch starts off with full force, as powerful cerebral stimulation hits you right behind the eyes. The mood lifts with ease and you will almost feel like a balloon rising into the sky. As you literally soar higher and higher, the physical effects kick in, helping to balance things out with a heavy state of sedation. Depending on your tolerance, this is the ideal time to curl up and go to sleep, or at least the point in the evening to watch your favorite movie and relax.Mintz<\/p>\n<p>Purple Punch ist bekannt f\u00fcr seine F\u00e4higkeit, die Stimmung mit Leichtigkeit zu heben, und so ist es nicht verwunderlich, dass sich medizinische Anwender an sie wenden, wenn sie niedergeschlagen sind. Sowohl Stress als auch Depressionen werden relativ schnell gelindert, und auch k\u00f6rperliche Schmerzen werden mit Leichtigkeit behandelt. Wenn Sie Kopfschmerzen, Kr\u00e4mpfe, Muskelkr\u00e4mpfe oder fast jedes andere Leiden haben, wenden Sie sich an Purple Punch. Nat\u00fcrlich ist diese Knospe auch gro\u00dfartig f\u00fcr Menschen, die regelm\u00e4\u00dfig mit Schlaflosigkeit zu <a href=\"https:\/\/runtzcartsdisposables.com\/en\/product\/purple-haze\/\">k\u00e4mpfen haben<\/a>.<\/p>\n<p>If you've fallen in love with this strain, chances are you'll want to take it home and make it your own. Luckily, Purple Punch seeds are very easy to obtain, and after only 8 to 10 weeks you will be looking forward to a very heavy yield. Growing specs are a little fuzzy on this strain, but we know that she can be easily grown both indoors and outdoors Buy Pluto Cookies online.<\/p>\n<p>If you want to treat your taste buds and have a truly unforgettable cannabis experience, Purple Punch is for you. This bud is available in many locations across the country, so give this bud a try and watch all your worries fade away. blue dream<\/p>","protected":false},"excerpt":{"rendered":"<h3 style=\"text-align: center;\">Purple Punch<\/h3>\n<hr \/>\n<p>Purple Punch is the sweet and soothing fusion of two indica-dominant classics. By crossing Larry OG with Granddaddy Purple, the amazing\u2026<\/p>\n<p>&nbsp;<\/p>","protected":false},"featured_media":689,"comment_status":"open","ping_status":"closed","template":"","meta":{"_monsterinsights_skip_tracking":false,"_monsterinsights_sitenote_active":false,"_monsterinsights_sitenote_note":"","_monsterinsights_sitenote_category":0},"product_cat":[126,245,351],"product_tag":[],"_links":{"self":[{"href":"https:\/\/runtzcartsdisposables.com\/en\/wp-json\/wp\/v2\/product\/688"}],"collection":[{"href":"https:\/\/runtzcartsdisposables.com\/en\/wp-json\/wp\/v2\/product"}],"about":[{"href":"https:\/\/runtzcartsdisposables.com\/en\/wp-json\/wp\/v2\/types\/product"}],"replies":[{"embeddable":true,"href":"https:\/\/runtzcartsdisposables.com\/en\/wp-json\/wp\/v2\/comments?post=688"}],"wp:featuredmedia":[{"embeddable":true,"href":"https:\/\/runtzcartsdisposables.com\/en\/wp-json\/wp\/v2\/media\/689"}],"wp:attachment":[{"href":"https:\/\/runtzcartsdisposables.com\/en\/wp-json\/wp\/v2\/media?parent=688"}],"wp:term":[{"taxonomy":"product_cat","embeddable":true,"href":"https:\/\/runtzcartsdisposables.com\/en\/wp-json\/wp\/v2\/product_cat?post=688"},{"taxonomy":"product_tag","embeddable":true,"href":"https:\/\/runtzcartsdisposables.com\/en\/wp-json\/wp\/v2\/product_tag?post=688"}],"curies":[{"name":"wp","href":"https:\/\/api.w.org\/{rel}","templated":true}]}}