{"id":712,"date":"2023-01-14T18:53:32","date_gmt":"2023-01-14T18:53:32","guid":{"rendered":"https:\/\/runtzcartsdisposables.com\/?post_type=product&#038;p=712"},"modified":"2024-11-25T20:11:07","modified_gmt":"2024-11-25T20:11:07","slug":"sour-diesel","status":"publish","type":"product","link":"https:\/\/runtzcartsdisposables.com\/en\/product\/sour-diesel\/","title":{"rendered":"Sour diesel"},"content":{"rendered":"<h1>Buy Sour Diesel Online In Denmark<\/h1>\n<p>Kaufen Sie Sour Diesel online in D\u00e4nemark. Das energiegeladene und positive High von Sour Diesel macht es leicht zu verstehen, warum sich die Sorte in den Vereinigten Staaten so gro\u00dfer Beliebtheit erfreut. Sie hat beliebte und geschmackvolle Sorten wie Sour Tsunami und Sour Jack hervorgebracht und gleichzeitig Sorten wie NYC Diesel inspiriert, die ihren einzigartigen Geschmack imitiert. Sie ist in lebhaften sozialen Situationen ebenso genie\u00dfbar wie beim alleinigen Konsum, und ihre Kombination aus k\u00f6rperlichen und geistigen Wirkungen macht sie vielseitig genug, um dem Zweck des Konsumenten zu entsprechen. Sour-Diesel, manchmal auch als Sour D abgek\u00fcrzt, ist eine \u00e4u\u00dferst beliebte Sorte, die sich durch den treibstoff\u00e4hnlichen chemischen Geruch ihrer Bl\u00fcten auszeichnet. Sie hat ein \u00fcberwiegend Sativa-High mit einigen subtilen k\u00f6rperlichen Entspannungsindikatoren, was sie bei Freizeit- und medizinischen Nutzern gleicherma\u00dfen beliebt macht. Es handelt sich um eine potente Sorte mit einem THC-Gehalt, der zwischen 20% und 25% gemessen wurde. Diazepam 10mg Tabletten online kaufen.<\/p>\n<p>Da der Untergrund-Cannabismarkt der 1980er und 90er Jahre ohne jede Art von dauerhafter Dokumentation funktionierte, ist der genaue Ursprung von Sour-Diesel nicht bekannt. Obwohl es keine endg\u00fcltige Einigung \u00fcber seine urspr\u00fcngliche genetische Zusammensetzung gibt, hat die Popularit\u00e4t von Sour-Diesel sie zum Gegenstand vieler Spekulationen gemacht. Einige glauben, dass die echte Sour-Diesel als eigenst\u00e4ndiger Ph\u00e4notyp einer urspr\u00fcnglichen Sorte namens Diesel entstanden ist. Andere sagen, dass sie ein Ph\u00e4notyp von Chemdawg war, der mehr zur Sativa als zur Indica tendierte. Wieder andere behaupten, dass sie eine Kreuzung von Chemdawg und Northern Lights war, oder vielleicht Chemdawg, Northern Lights und Skunk #1. Sour Diesel online in D\u00e4nemark kaufen<\/p>\n<p>Sour Diesel in New York kaufen. Sour-Diesel hat runde, mittelgro\u00dfe Knospen mit Bl\u00e4ttern, die gelblich-gr\u00fcn erscheinen. Rote Haare, die Stempel genannt werden, Strukturen, die dazu dienen, Pollen von m\u00e4nnlichen Pflanzen aufzufangen, kontrastieren mit den dicht gepackten Bl\u00e4ttern. Wenn sie richtig ausgeh\u00e4rtet sind, sind die Bl\u00fcten etwas klebrig &#8211; die Trichome sind nicht so offensichtlich wie bei harzigeren Sorten wie White Widow. Wenn man die Knospen aufbricht, sieht man jedoch Trichome, die das Innere der dichten Bl\u00fcten bedecken. Die Knospen haben einen \u00fcberw\u00e4ltigenden Geruch, der, getreu dem Namen dieser <a href=\"https:\/\/runtzcartsdisposables.com\/en\/product\/godfather-og\/\">Sorte<\/a>, dem von Benzin sehr \u00e4hnlich ist. Der Geruch hat auch einen Hauch von Orange. Wenn man die Knospen aufbricht oder zerkleinert, wird dieser Geruch noch intensiver, und es kommen Komponenten von Moschus und Kiefernsaft hinzu. Sour-Diesel hat einen notorisch scharfen, bei\u00dfenden Rauch, der bei den Nutzern Husten oder Tr\u00e4nen in den Nebenh\u00f6hlen hervorrufen kann. Der Rauch hat einen sauren und vage skunkigen Geschmack, den viele als unangenehm beschreiben; beim Ausatmen sticht der fast ammoniak\u00e4hnliche Geschmack des Diesels den Gaumen und kann noch lange nachklingen. Raucher, die versuchen, diskret zu bleiben, sollten gewarnt werden, dass es sich um eine sehr scharfe Sorte handelt, deren Geruch \u00fcber eine gro\u00dfe Entfernung wahrgenommen werden kann. Sour-Diesel online in D\u00e4nemark kaufen.<\/p>\n<h2>Sour Diesel online in D\u00e4nemark kaufen<\/h2>\n<p>Das High von Sour Diesel tritt bei den Konsumenten schnell in Form eines warmen und angenehmen Kopfschmerzes ein. Ein Stimmungsaufschwung kann ebenfalls sp\u00fcrbar sein. Obwohl Sour-Diesel die synaptische Aktivit\u00e4t im Gehirn stimuliert, ist der Charakter dieses Kopf-Highs eher spacig als intensiv zerebral. Die Konsumenten k\u00f6nnen sich gespr\u00e4chig f\u00fchlen, wenn sie von anderen umgeben sind, oder etwas introspektiv, wenn sie die Sorte alleine genie\u00dfen. F\u00fcr viele ist dieses aufsteigende High teilweise durch ein leichtes Gef\u00fchl der k\u00f6rperlichen Entspannung verankert. Eine k\u00f6rperliche Entspannung, die zu einem vollst\u00e4ndigen Couchlock f\u00fchrt, ist jedoch selten. Das Gef\u00fchl der Euphorie, das mit dieser Sorte einhergeht, kann bei der Behandlung einiger Symptome von leichtem Stress, \u00c4ngsten oder Depressionen hilfreich sein. Ihre Tendenz zu assoziativem Denken kann ein wenig kreative Inspiration hervorrufen. Fans dieser Sorte beschreiben auch eine Linderung von l\u00e4stigen Schmerzen. Die Kombination aus mentalen und somatischen Wirkungen von Sour-Diesel kann sie in bestimmten Situationen auch zu einem starken Aphrodisiakum machen. Wie bei vielen starken Sativas \u00fcblich, kann sich der ver\u00e4nderte mentale Zustand, den Sour-Diesel hervorruft, f\u00fcr manche als \u00fcberw\u00e4ltigend erweisen und zu paranoidem, rekursivem Denken oder dem Gef\u00fchl f\u00fchren, generell keine Kontrolle \u00fcber die eigenen Gedanken oder den eigenen K\u00f6rper zu haben. Konsumenten, insbesondere solche mit einer geringeren THC-Toleranz, sollten ihren Konsum entsprechend anpassen. Kaufen Florida Cake Jungleboys Sour-Diesel hat eine durchschnittliche L\u00e4nge hoch, die etwa 2 bis 3 Stunden dauert. Kaufen Sie Sour-Diesel online in D\u00e4nemark. Gruntz in Connecticut<a href=\"https:\/\/nembutalprezzo.com\/\" target=\"_blank\" rel=\"noopener\"> kaufen<\/a><\/p>\n<p>Samen von Sour-Diesel sind verpackt und zum Verkauf bei verschiedenen Samenbanken erh\u00e4ltlich. Z\u00fcchter k\u00f6nnen Pflanzen auch als Klone z\u00fcchten, indem sie Ableger von ausgewachsenen Pflanzen der gleichen Sorte nehmen. Sour Diesel kann drinnen oder drau\u00dfen angebaut werden, wobei der Anbau im Freien ein halbfeuchtes, mediterranes Klima mit Tagestemperaturen zwischen 72 und 80 Grad Fahrenheit erfordert. Die Pflanzen sind eher typisch Sativa als Indica, mit einem hohen, spindelf\u00f6rmigen Aussehen und gro\u00dfen Abst\u00e4nden zwischen den bl\u00fchenden Knoten. Die Pflanzen k\u00f6nnen \u00fcber einen Meter hoch werden, wobei ihre H\u00f6he w\u00e4hrend der Bl\u00fctezeit exponentiell zunimmt. Beim Anbau in Innenr\u00e4umen kann das Biegen und Beschneiden von Zweigen in der fr\u00fchen Vegetationsphase dazu beitragen, dass die Pflanzen in den begrenzten vertikalen Raum passen. Sour-Diesel bl\u00fcht im Innenanbau innerhalb von 10 Wochen und im Au\u00dfenanbau etwa Anfang November. Sie hat einen m\u00e4\u00dfig hohen Ertrag: Z\u00fcchter k\u00f6nnen zwischen 42 und 56 Gramm (oder zwischen 1,5 und 2 Unzen) pro Quadratmeter Pflanze erwarten. Sour Diesel online in D\u00e4nemark kaufen.<\/p>","protected":false},"excerpt":{"rendered":"<h3 style=\"text-align: center;\">Sour diesel<\/h3>\n<hr \/>\n<p>Sour Diesel's energetic and positive high makes it easy to see why the strain is so popular in the United States<\/p>\n<p>&nbsp;<\/p>","protected":false},"featured_media":713,"comment_status":"open","ping_status":"closed","template":"","meta":{"_monsterinsights_skip_tracking":false,"_monsterinsights_sitenote_active":false,"_monsterinsights_sitenote_note":"","_monsterinsights_sitenote_category":0},"product_cat":[126,245,351],"product_tag":[276,324,323,325,326,327,328,329,331,330],"_links":{"self":[{"href":"https:\/\/runtzcartsdisposables.com\/en\/wp-json\/wp\/v2\/product\/712"}],"collection":[{"href":"https:\/\/runtzcartsdisposables.com\/en\/wp-json\/wp\/v2\/product"}],"about":[{"href":"https:\/\/runtzcartsdisposables.com\/en\/wp-json\/wp\/v2\/types\/product"}],"replies":[{"embeddable":true,"href":"https:\/\/runtzcartsdisposables.com\/en\/wp-json\/wp\/v2\/comments?post=712"}],"wp:featuredmedia":[{"embeddable":true,"href":"https:\/\/runtzcartsdisposables.com\/en\/wp-json\/wp\/v2\/media\/713"}],"wp:attachment":[{"href":"https:\/\/runtzcartsdisposables.com\/en\/wp-json\/wp\/v2\/media?parent=712"}],"wp:term":[{"taxonomy":"product_cat","embeddable":true,"href":"https:\/\/runtzcartsdisposables.com\/en\/wp-json\/wp\/v2\/product_cat?post=712"},{"taxonomy":"product_tag","embeddable":true,"href":"https:\/\/runtzcartsdisposables.com\/en\/wp-json\/wp\/v2\/product_tag?post=712"}],"curies":[{"name":"wp","href":"https:\/\/api.w.org\/{rel}","templated":true}]}}