{"id":718,"date":"2023-01-14T19:00:03","date_gmt":"2023-01-14T19:00:03","guid":{"rendered":"https:\/\/runtzcartsdisposables.com\/?post_type=product&#038;p=718"},"modified":"2024-11-25T20:11:05","modified_gmt":"2024-11-25T20:11:05","slug":"strawberry-kush","status":"publish","type":"product","link":"https:\/\/runtzcartsdisposables.com\/en\/product\/strawberry-kush\/","title":{"rendered":"Strawberry Kush"},"content":{"rendered":"<h1>Buy Strawberry Kush online<\/h1>\n<p>Buy Strawberry Kush Online: Strawberry Kush is a strong and sweet strain that is a well-rounded lady. With her musky strawberry flavor, this strain lives up to her lineage. Typically a cross between the sweet Strawberry Cough and the pungent OG Kush, Strawberry Kush is strong but not overwhelming. A potent strain for.<\/p>\n<p>Beginners, it's a sleepy strain that produces a calming, heavy body feeling, although effects can vary depending on dosage and users. For growers, Strawberry Kush is only available as a clone and typically flowers between 8 and 9 weeks.<\/p>\n<h2>Buy Strawberry Kush online<\/h2>\n<p>Strawberry Kush online kaufen. ist s\u00fc\u00df, stark und wahrhaft abgerundet. Diese Sorte rechtfertigt sicherlich ihre Abstammung und enth\u00e4lt einen moschusartigen k\u00fcnstlichen Erdbeergeschmack mit einem THC-Gehalt von 16 &#8211; 18% Prozent. Sie ist im Wesentlichen als eine Kreuzung zwischen der bitteren <a href=\"https:\/\/runtzcartsdisposables.com\/en\/product\/purple-og-kush\/\">OG Kush<\/a> und der zuckerhaltigen Strawberry Cough zu finden und ist meist stark, aber nicht \u00fcberw\u00e4ltigend. Je nach Apotheke variiert die Abstammung dieser Sorte. Manche Apotheken bieten eher Sativa-dominierte oder hybride Versionen an, die zu einer gegenteiligen, stimulierenden Wirkung f\u00fchren. Diese Sorte bl\u00fcht in der Regel in acht bis neun Wochen und ist nur durch Klonen zu erhalten. Strawberry Kush enth\u00e4lt Sativa-Genetik und wird eher wie eine Sativa als wie eine Indica geraucht. Wenn man dieses Weed anz\u00fcndet, erkennt man sofort Zitrusfr\u00fcchte, Kiefer und nat\u00fcrlich Erdbeeren. Die fruchtige Kombination sorgt f\u00fcr einen sauberen Geschmack und der Rausch dieses Weeds stimuliert eine Person geistig, macht sie wach und bereit f\u00fcr Action. buy weed online Europe Strawberry Kush ist ein guter Rauch f\u00fcr den Tagesgebrauch, da sie nicht schl\u00e4frig macht. Aus medizinischer Sicht hilft sie Patienten bei Stress und Appetitlosigkeit.<\/p>\n<h3>Information about the variety<\/h3>\n<p>Genetically classified as Sativa (80% Sativa and 20% Indica). This strain is said to be a cross between Strawberry Fields and a mysterious old-school Haze strain. Although there is much speculation about the facts of how this potent sativa came about.<\/p>\n<h3>Aroma, taste and appearance<\/h3>\n<p>Wie der Name schon sagt, ist das Gesamtaroma von Strawberry Kush \u00fcberwiegend gut. Strawberry; erinnert an frische Sommerbeeren, die auf einem Feld auf dem Land wachsen. Einige Untert\u00f6ne auch Spitze durch das <a href=\"https:\/\/nembutalprezzo.com\/\" target=\"_blank\" rel=\"noopener\">Duftprofil<\/a>, mit einem Hauch von Erde und Skunk, weshalb diese Marihuana-Sorte neigt sein k\u00f6nnte. Husten zu verursachen, nachdem sie inhaliert wurde. Der Duft verzehrt sofort jeden Raum, in dem er sich befindet, und verweilt f\u00fcr eine lange Zeit. Sogar nachdem die Knospen selbst fest weggeschlossen wurden.<br \/>\nThe taste of Strawberry Banana Kush is similar to the aroma, apart from a few subtle differences. The overall flavor is of course rich in fruity strawberries, but there is also a hint of earth to be tasted, similar to a berry picked straight from the earth.<\/p>\n<h5>Effects<\/h5>\n<p>Strawberry Kush is a somewhat complex sativa strain, as it exhibits the same energy and lift as other strains of the same categorization, while being very smooth and relaxing at the same time.<\/p>\n<p>&nbsp;<\/p>\n<p>&nbsp;<\/p>\n<p>&nbsp;<\/p>","protected":false},"excerpt":{"rendered":"<p>Strawberry Kush is a somewhat complex sativa strain, exhibiting the same energy and lift as other strains of the same categorization, while being very smooth and relaxing at the same time.<\/p>\n<p>&nbsp;<\/p>","protected":false},"featured_media":719,"comment_status":"open","ping_status":"closed","template":"","meta":{"_monsterinsights_skip_tracking":false,"_monsterinsights_sitenote_active":false,"_monsterinsights_sitenote_note":"","_monsterinsights_sitenote_category":0},"product_cat":[126,245],"product_tag":[],"_links":{"self":[{"href":"https:\/\/runtzcartsdisposables.com\/en\/wp-json\/wp\/v2\/product\/718"}],"collection":[{"href":"https:\/\/runtzcartsdisposables.com\/en\/wp-json\/wp\/v2\/product"}],"about":[{"href":"https:\/\/runtzcartsdisposables.com\/en\/wp-json\/wp\/v2\/types\/product"}],"replies":[{"embeddable":true,"href":"https:\/\/runtzcartsdisposables.com\/en\/wp-json\/wp\/v2\/comments?post=718"}],"wp:featuredmedia":[{"embeddable":true,"href":"https:\/\/runtzcartsdisposables.com\/en\/wp-json\/wp\/v2\/media\/719"}],"wp:attachment":[{"href":"https:\/\/runtzcartsdisposables.com\/en\/wp-json\/wp\/v2\/media?parent=718"}],"wp:term":[{"taxonomy":"product_cat","embeddable":true,"href":"https:\/\/runtzcartsdisposables.com\/en\/wp-json\/wp\/v2\/product_cat?post=718"},{"taxonomy":"product_tag","embeddable":true,"href":"https:\/\/runtzcartsdisposables.com\/en\/wp-json\/wp\/v2\/product_tag?post=718"}],"curies":[{"name":"wp","href":"https:\/\/api.w.org\/{rel}","templated":true}]}}