{"id":730,"date":"2023-01-14T19:11:32","date_gmt":"2023-01-14T19:11:32","guid":{"rendered":"https:\/\/runtzcartsdisposables.com\/?post_type=product&#038;p=730"},"modified":"2024-11-25T20:11:02","modified_gmt":"2024-11-25T20:11:02","slug":"white-cherry-gelato","status":"publish","type":"product","link":"https:\/\/runtzcartsdisposables.com\/en\/product\/white-cherry-gelato\/","title":{"rendered":"White cherry gelato"},"content":{"rendered":"<h1>Buy White Cherry gelato online in Europe<\/h1>\n<p>White cherry gelato- Kaufen Sie White Cherry-gelato online in Europa. Gelato (auch als &#8222;Larry Bird&#8220; bezeichnet) ist eine verlockende Cannabis-Hybridsorte von Cookie Fam und <a href=\"https:\/\/runtzcartsdisposables.com\/en\/product\/moonrocks\/\">Sherbinski<\/a>, die in die Fu\u00dfstapfen ihrer Eltern Sunset Sherbet und Thin Mint GSC tritt. Diese aus der Bay Area, Kalifornien stammende Sorte hat ihren Namen von dem fruchtigen, dessert\u00e4hnlichen Aroma, einem gemeinsamen genetischen Faden in der Cookie-Familie. Neulinge sollten sich diesem THC-Kraftpaket mit Vorsicht n\u00e4hern, aber diejenigen, die \u00fcber eine hohe Toleranz verf\u00fcgen, werden sich an der heftigen Euphorie von Gelato erfreuen. buy JealousyPhysical relaxation comes on strong, but many find themselves still mentally agile <a href=\"https:\/\/woodwholesalepzoo.com\" target=\"_blank\" rel=\"noopener\">enough<\/a> to stay productive and creative when enjoying Gelato during the day.buy Super Og Cookie<\/p>\n<h2>Kaufen Sie White Cherry-Gelato Online In Europa<\/h2>","protected":false},"excerpt":{"rendered":"<h2 style=\"text-align: center;\">White cherry gelato<\/h2>\n<hr \/>\n<p>Gelato (aka \"Larry Bird\") is an enticing hybrid cannabis strain created by Cookie Fam and Sherbinski, following in the footsteps of her parents Sunset Sherbet and Thin Mint GSC<\/p>\n<p>&nbsp;<\/p>","protected":false},"featured_media":731,"comment_status":"open","ping_status":"closed","template":"","meta":{"_monsterinsights_skip_tracking":false,"_monsterinsights_sitenote_active":false,"_monsterinsights_sitenote_note":"","_monsterinsights_sitenote_category":0},"product_cat":[126,245,351],"product_tag":[332,338,339,340,333,334,336,342,341,337,335],"_links":{"self":[{"href":"https:\/\/runtzcartsdisposables.com\/en\/wp-json\/wp\/v2\/product\/730"}],"collection":[{"href":"https:\/\/runtzcartsdisposables.com\/en\/wp-json\/wp\/v2\/product"}],"about":[{"href":"https:\/\/runtzcartsdisposables.com\/en\/wp-json\/wp\/v2\/types\/product"}],"replies":[{"embeddable":true,"href":"https:\/\/runtzcartsdisposables.com\/en\/wp-json\/wp\/v2\/comments?post=730"}],"wp:featuredmedia":[{"embeddable":true,"href":"https:\/\/runtzcartsdisposables.com\/en\/wp-json\/wp\/v2\/media\/731"}],"wp:attachment":[{"href":"https:\/\/runtzcartsdisposables.com\/en\/wp-json\/wp\/v2\/media?parent=730"}],"wp:term":[{"taxonomy":"product_cat","embeddable":true,"href":"https:\/\/runtzcartsdisposables.com\/en\/wp-json\/wp\/v2\/product_cat?post=730"},{"taxonomy":"product_tag","embeddable":true,"href":"https:\/\/runtzcartsdisposables.com\/en\/wp-json\/wp\/v2\/product_tag?post=730"}],"curies":[{"name":"wp","href":"https:\/\/api.w.org\/{rel}","templated":true}]}}