{"id":736,"date":"2023-01-14T19:17:05","date_gmt":"2023-01-14T19:17:05","guid":{"rendered":"https:\/\/runtzcartsdisposables.com\/?post_type=product&#038;p=736"},"modified":"2024-11-25T20:11:00","modified_gmt":"2024-11-25T20:11:00","slug":"white-cherry-gelato-2","status":"publish","type":"product","link":"https:\/\/runtzcartsdisposables.com\/en\/product\/white-cherry-gelato-2\/","title":{"rendered":"white cherry gelato"},"content":{"rendered":"<h1>Buy White Cherry Gelato in Australia<\/h1>\n<p>Buy white cherry gelato in Australia. which has gained popularity in recent years. With their peanut butter smell and taste. Most smokers have admired and recommended the White Cherry Gelato strain. With such a taste, you will never be satisfied with your dosage. White Cherry Gelato is also another great strain from the Cherry family. It is no exaggeration to say that it is one of the best hybrid\/exotic strains. As the name suggests, this strain has a sweet, sorbet-like flavor that is always reminiscent of white and blueberries. It also has a woody taste. Buy White Cherry Gelato online. Buy Cuban Magic Mushrooms online.<\/p>\n<p>This strain comes from the lineage of Sunset Sorbet, Thin Mint Girl Scout Cookies, and Lemon Haze. Therefore, their taste and smell are so varied and delicious. What a wonderful strain with so many beautiful properties.buyPluto Cookies<\/p>\n<h2>Buy White Cherry Gelato in Australia<\/h2>\n<p>Kaufen Sie wei\u00dfe Kirsche Gelato in Australien. Wenn sie unter g\u00fcnstigen Bedingungen kultiviert wird, wird eine Charge White Cherry-Gelato Nuggets mit tiefem Gr\u00fcn produzieren. An den Spitzen werden sie zum Stiel hin heller und weisen eine leichte Trichomisierung auf. White Cherry-Gelato hat einen THC-Gehalt von etwa 23-25%. Mit diesem hohen THC-Gehalt ist diese Sorte daf\u00fcr bekannt, dass sie zur L\u00f6sung vieler gesundheitlicher Probleme eingesetzt wird. Zu diesen gesundheitlichen Problemen, die durch das Rauchen von Lemon Cherry Gelato gel\u00f6st werden, geh\u00f6ren Kopfschmerzen, K\u00f6rperschmerzen und M\u00fcdigkeit. Kaufen White Runtz in Seattle Es hilft auch, in Entspannung, Ruhe und Frieden zu fr\u00f6nen, wenn Sie es versuchen. kaufen Chapo Cookies<\/p>\n<p>Name der Sorte: White Cherry-Gelato.<\/p>\n<p>Geschm\u00e4cker: Zitrone, Zitrusfr\u00fcchte, S\u00fc\u00df.<\/p>\n<p>Wirkungen: Gl\u00fccklich, Aufgeputscht, Euphorisch, Energetisch, Entspannend. MoneyBagg Runtz in Dammam <a href=\"http:\/\/ketaminkaufenn.com\" target=\"_blank\" rel=\"noopener\">kaufen<\/a><\/p>\n<p>Medicinal Uses Stress, Depression, Pain, Fatigue, Headaches. Big Mex Magic Mushroom Online USA.<\/p>\n<p>Kaufen Sie White Cherry-Gelato, Nachdem Sie all dies \u00fcber diese wunderbare Sorte gelesen haben, warum wollen Sie sie nicht ausprobieren? Ja, nat\u00fcrlich, werfen Sie einen Blick auf die Nugs und holen Sie sich. <a href=\"https:\/\/runtzcartsdisposables.com\/en\/\">Wo kann man in Europa Gras online kaufen<\/a>?<\/p>\n<p>&nbsp;<\/p>\n<p>&nbsp;<\/p>\n<p>&nbsp;<\/p>","protected":false},"excerpt":{"rendered":"<h3 style=\"text-align: center;\">White cherry gelato<\/h3>\n<hr \/>\n<p>When grown under favorable conditions, a batch of White Cherry Gelato will produce deep green buds. At their tips that lighten towards the stem and a light pollination of trichomes. White Cherry Gelato has a THC level of around 23-25%. With such high THC levels, this strain is known for being used to solve many health issues<\/p>\n<p>&nbsp;<\/p>","protected":false},"featured_media":737,"comment_status":"open","ping_status":"closed","template":"","meta":{"_monsterinsights_skip_tracking":false,"_monsterinsights_sitenote_active":false,"_monsterinsights_sitenote_note":"","_monsterinsights_sitenote_category":0},"product_cat":[126,245,351],"product_tag":[],"_links":{"self":[{"href":"https:\/\/runtzcartsdisposables.com\/en\/wp-json\/wp\/v2\/product\/736"}],"collection":[{"href":"https:\/\/runtzcartsdisposables.com\/en\/wp-json\/wp\/v2\/product"}],"about":[{"href":"https:\/\/runtzcartsdisposables.com\/en\/wp-json\/wp\/v2\/types\/product"}],"replies":[{"embeddable":true,"href":"https:\/\/runtzcartsdisposables.com\/en\/wp-json\/wp\/v2\/comments?post=736"}],"wp:featuredmedia":[{"embeddable":true,"href":"https:\/\/runtzcartsdisposables.com\/en\/wp-json\/wp\/v2\/media\/737"}],"wp:attachment":[{"href":"https:\/\/runtzcartsdisposables.com\/en\/wp-json\/wp\/v2\/media?parent=736"}],"wp:term":[{"taxonomy":"product_cat","embeddable":true,"href":"https:\/\/runtzcartsdisposables.com\/en\/wp-json\/wp\/v2\/product_cat?post=736"},{"taxonomy":"product_tag","embeddable":true,"href":"https:\/\/runtzcartsdisposables.com\/en\/wp-json\/wp\/v2\/product_tag?post=736"}],"curies":[{"name":"wp","href":"https:\/\/api.w.org\/{rel}","templated":true}]}}