{"id":742,"date":"2023-01-14T19:21:08","date_gmt":"2023-01-14T19:21:08","guid":{"rendered":"https:\/\/runtzcartsdisposables.com\/?post_type=product&#038;p=742"},"modified":"2024-11-25T20:10:59","modified_gmt":"2024-11-25T20:10:59","slug":"white-widow","status":"publish","type":"product","link":"https:\/\/runtzcartsdisposables.com\/en\/product\/white-widow\/","title":{"rendered":"White widow"},"content":{"rendered":"<h1>Buy White Widow online<\/h1>\n<p>Buy White Widow Online. One of the most famous strains worldwide is White Widow, a balanced hybrid first bred in the Netherlands by Green House Seeds. A cross between a Brazilian sativa landrace and a resinous South Indian indica, White Widow has graced the menus of every Dutch coffeeshop since her birth in the 1990s. Her buds are white with crystalline resin, warning you of the powerful effect that awaits you. A powerful burst of euphoria<\/p>\n<p>And energy immediately bursts through, stimulating both conversation and creativity. White Widow genetics have spawned many other legends such as White Russian, White Rhino, and Blue Widow. Still, many growers prefer to grow the original White Widow, which flowers in around 60 days indoors. buy weed online Europe<\/p>\n<h2>Buy White Widow online<\/h2>\n<p>The White Widow strain has beneficial effects. First, it creates euphoria.<br \/>\nThe chemical component THC in marijuana triggers the release of the feel-good hormone dopamine in the brain's reward system, making people feel good and uncontrollably happy.<br \/>\nZweitens sorgt die Sorte f\u00fcr Entspannung. Sie erreicht dies, indem sie die Rezeptoren im K\u00f6rper, die <a href=\"https:\/\/runtzcartsdisposables.com\/en\/product\/biscotti\/\">Stress<\/a>, geistige und k\u00f6rperliche Erm\u00fcdung verarbeiten, hohen THC- und Cannabinoidkonzentrationen aussetzt, wodurch sich die Stimmung \u00e4ndert, der Geist frei wird und Spannungen im K\u00f6rper abgebaut werden. Drittens bietet die Sorte ein Mittel zur Energiegewinnung. Die Hybridsorte enth\u00e4lt einen hohen Anteil an Sativa, der die Energie des Nutzers wieder auff\u00fcllt und es ihm erm\u00f6glicht, an verschiedenen Aktivit\u00e4ten zu arbeiten, ohne sich ersch\u00f6pft zu f\u00fchlen. Viertens: White Window ist die perfekte Sorte, um gl\u00fccklich zu werden. Wenn ein Benutzer es verwendet, wird man gl\u00fccklich, giggly, und geschickt in sozialen Aktivit\u00e4ten mit Leichtigkeit. Au\u00dferdem erhebt sie den Nutzer, indem sie Traurigkeit, Wut und Stress abbaut und sie durch positive Gef\u00fchle ersetzt, die den Nutzer gl\u00fccklich machen.<br \/>\nThe White Widow also has undesirable effects. First, it leads to dry mouth. With continued consumption of the strain, the THC binds to the saliva-producing receptors in the mouth and shuts them off.<br \/>\nConsequently, they stop the salivary glands from producing saliva, leading to dry mouth. Second, it leads to paranoia as the strain alters the user's senses, allowing them to feel and see things that are not there but are a product of their imagination. Third, users develop anxiety.<br \/>\nTaking a high dose of White Widow causes users to develop scary tendencies and negative thoughts that scare them. Fourth, consuming this strain can cause dry eyes as the tear film tissue is inactivated, resulting in dry eyes.<br \/>\nIn addition, the strain causes dizziness. When a user consumes a high dose of this strain, blood pressure drops and blood flow to the brain decreases, leading to dizziness.<br \/>\nZusammenfassend l\u00e4sst sich sagen, dass die White Widow<a href=\"http:\/\/ketaminkaufenn.com\" target=\"_blank\" rel=\"noopener\"> Sorte<\/a> von Marihuana eine gro\u00dfartige Sorte ist, deren hohe Potenz sowohl medizinische als auch positive Vorteile mit sich bringt. Allerdings ruft sie auch Nebenwirkungen hervor.<\/p>","protected":false},"excerpt":{"rendered":"<h3 style=\"text-align: center;\">White widow<\/h3>\n<hr \/>\n<p>The White Widow strain of marijuana is a great strain whose high potency brings both medicinal and positive benefits. However, it also causes side effects.<\/p>\n<p>&nbsp;<\/p>","protected":false},"featured_media":743,"comment_status":"open","ping_status":"closed","template":"","meta":{"_monsterinsights_skip_tracking":false,"_monsterinsights_sitenote_active":false,"_monsterinsights_sitenote_note":"","_monsterinsights_sitenote_category":0},"product_cat":[126,245],"product_tag":[],"_links":{"self":[{"href":"https:\/\/runtzcartsdisposables.com\/en\/wp-json\/wp\/v2\/product\/742"}],"collection":[{"href":"https:\/\/runtzcartsdisposables.com\/en\/wp-json\/wp\/v2\/product"}],"about":[{"href":"https:\/\/runtzcartsdisposables.com\/en\/wp-json\/wp\/v2\/types\/product"}],"replies":[{"embeddable":true,"href":"https:\/\/runtzcartsdisposables.com\/en\/wp-json\/wp\/v2\/comments?post=742"}],"wp:featuredmedia":[{"embeddable":true,"href":"https:\/\/runtzcartsdisposables.com\/en\/wp-json\/wp\/v2\/media\/743"}],"wp:attachment":[{"href":"https:\/\/runtzcartsdisposables.com\/en\/wp-json\/wp\/v2\/media?parent=742"}],"wp:term":[{"taxonomy":"product_cat","embeddable":true,"href":"https:\/\/runtzcartsdisposables.com\/en\/wp-json\/wp\/v2\/product_cat?post=742"},{"taxonomy":"product_tag","embeddable":true,"href":"https:\/\/runtzcartsdisposables.com\/en\/wp-json\/wp\/v2\/product_tag?post=742"}],"curies":[{"name":"wp","href":"https:\/\/api.w.org\/{rel}","templated":true}]}}