{"id":773,"date":"2023-01-16T07:34:55","date_gmt":"2023-01-16T07:34:55","guid":{"rendered":"https:\/\/runtzcartsdisposables.com\/?post_type=product&#038;p=773"},"modified":"2024-11-25T20:10:55","modified_gmt":"2024-11-25T20:10:55","slug":"buy-jungle-cake-jungleboys-in-michigan","status":"publish","type":"product","link":"https:\/\/runtzcartsdisposables.com\/en\/product\/buy-jungle-cake-jungleboys-in-michigan\/","title":{"rendered":"Buy jungle cake jungleboys in Michigan"},"content":{"rendered":"<p>Buy jungle cake jungleboys in Michigan Entdecken Sie das exotische Aroma und die kraftvolle Wirkung von Jungle Cake Jungleboys in Michigan. Diese hochwertige Cannabis-Sorte bietet ein intensives Geschmackserlebnis mit Noten von exotischen Fr\u00fcchten und einem Hauch von Gew\u00fcrzen. Die dichten, harzigen Knospen sind reich an THC und sorgen f\u00fcr ein starkes, langanhaltendes High. Perfekt f\u00fcr den Genuss in geselliger Runde oder zur Entspannung nach einem langen Tag. Kaufen Sie jetzt Jungle Cake Jungleboys und erleben Sie die Magie des Dschungels in<a href=\"https:\/\/runtzcartsdisposables.com\/en\/product\/og-kush\/\"> Michigan<\/a>.<\/p>","protected":false},"excerpt":{"rendered":"<h2 style=\"text-align: center;\">Buy jungle cake jungleboys in Michigan<\/h2>\n<hr \/>\n<p>Jungle <a href=\"https:\/\/hhcgraskaufen.com\/\">Cake<\/a>, manchmal auch als CAKE bezeichnet (die Namen sind buchst\u00e4blich austauschbar), ist eine s\u00fc\u00dfe und berauschende Marihuanasorte mit einem Namen, der zu ihrer erhebenden Wirkung und ihrem schmackhaften Geschmacksprofil passt.<\/p>","protected":false},"featured_media":774,"comment_status":"open","ping_status":"closed","template":"","meta":{"_monsterinsights_skip_tracking":false,"_monsterinsights_sitenote_active":false,"_monsterinsights_sitenote_note":"","_monsterinsights_sitenote_category":0},"product_cat":[126,352],"product_tag":[353,354,362,355,356,357,358,359,360,361],"_links":{"self":[{"href":"https:\/\/runtzcartsdisposables.com\/en\/wp-json\/wp\/v2\/product\/773"}],"collection":[{"href":"https:\/\/runtzcartsdisposables.com\/en\/wp-json\/wp\/v2\/product"}],"about":[{"href":"https:\/\/runtzcartsdisposables.com\/en\/wp-json\/wp\/v2\/types\/product"}],"replies":[{"embeddable":true,"href":"https:\/\/runtzcartsdisposables.com\/en\/wp-json\/wp\/v2\/comments?post=773"}],"wp:featuredmedia":[{"embeddable":true,"href":"https:\/\/runtzcartsdisposables.com\/en\/wp-json\/wp\/v2\/media\/774"}],"wp:attachment":[{"href":"https:\/\/runtzcartsdisposables.com\/en\/wp-json\/wp\/v2\/media?parent=773"}],"wp:term":[{"taxonomy":"product_cat","embeddable":true,"href":"https:\/\/runtzcartsdisposables.com\/en\/wp-json\/wp\/v2\/product_cat?post=773"},{"taxonomy":"product_tag","embeddable":true,"href":"https:\/\/runtzcartsdisposables.com\/en\/wp-json\/wp\/v2\/product_tag?post=773"}],"curies":[{"name":"wp","href":"https:\/\/api.w.org\/{rel}","templated":true}]}}