{"id":794,"date":"2023-01-16T08:15:02","date_gmt":"2023-01-16T08:15:02","guid":{"rendered":"https:\/\/runtzcartsdisposables.com\/?post_type=product&#038;p=794"},"modified":"2024-11-25T20:10:45","modified_gmt":"2024-11-25T20:10:45","slug":"kurupt-moon-rock","status":"publish","type":"product","link":"https:\/\/runtzcartsdisposables.com\/en\/product\/kurupt-moon-rock\/","title":{"rendered":"Kurupt Moon Rock"},"content":{"rendered":"<h1 style=\"text-align: center;\"><span style=\"color: #ff6600;\">Kurupt Moon Rock online kaufen Europa<\/span><\/h1>\n<p>Kurupt Moon Rock online kaufen Europa, eine Art Marihuana, stammt nicht von einer bestimmten Cannabissorte, sondern ist eine Kombination aus einer potenten Cannabissorte, die als Girl Scout Cookies bekannt ist, die in Haschisch\u00f6l getaucht und mit Kief (Harze von Cannabispflanzen) bestreut werden. Dies f\u00fchrt zu einem dramatischen Anstieg des Wirkstoffs in Cannabis, Delta-9-Tetrahydrocannabinol (THC). Moonrocks online kaufen Europa. Gruntz in Connecticut kaufen<\/p>\n<p>According to the Substance Abuse and Mental Health Services Administration (SAMHSA), the term moonrocks can also. It refers to a range of synthetic cannabinoids. Chemicals manufactured in laboratories that are sprayed onto plant material and intended for smoking. As legal alternatives to marijuana products. BUY JUNGLEBOYS PACKS ONLINE in Hawaii<\/p>\n<p>Buy moon rocks online in Germany. Buy Cannabis Wax Online Sell marijuana in England buy weed in berlin. buy moon rocks Buy OG Kush online. Buy Pluto Cookies online<\/p>\n<h2>Kurupt Moon Rock online kaufen Europa<\/h2>\n<p>Both substances are potentially dangerous. Inhaling Moon Rocks produces an extremely pleasant, terpene-rich kief flavor that will have you saying, \"Woooo, that's delicious.\" The clouds of smoke produced are super big and full, making each toke almost an experience in its own right. Buy cherry pie<\/p>\n<p>And the intoxication? Oh buddy, oh buddy, don't even get me started on the high. The high of Moon Rocks starts in the head and eventually spreads throughout the body all the way down to the toes. The high from Moon Rocks is one of those slow highs that you definitely feel at first, but 30 minutes later you realize you've reached a mountain peak that you might not have been ready to climb. I smoked my gram of Moon Rocks around 5pm and when I woke up at 7am the next morning I was still on Mars waiting for the train back to Earth. Buy moon rocks online in Germany. Buy Cannabis Wax Online Marijuana for sale in England.<\/p>\n<h3>Although Moon Rocks are typically made with GSC Flower and\/or GSC Concentrate, you are free to make your own Moon Rocks however you like. All you need is the following:<\/h3>\n<p>Deine Lieblingssorte\/<a href=\"https:\/\/runtzcartsdisposables.com\/en\/product\/hawaiian-skunk\/\">Blume<\/a><br \/>\nYour favorite concentrate\/hash oil<br \/>\nA large bowl of kief from the bottom of your grinder<br \/>\nA pair of pliers (or any gripping\/pulling device). Buy Moonrocks online Europe<br \/>\nA liquid dropper<br \/>\nSchritt 1: Nehmen Sie ein oder zwei Knospen Ihrer bevorzugten Knospe\/Blume. Ich schlage vor, eine der dichteren Knospen zu verwenden, da sie den endg\u00fcltigen Cannabis-Cocktail besser zusammenhalten wird. Schritt 2: Nimm dein Lieblingskonzentrat<a href=\"https:\/\/lsdkaufen.store\/\" target=\"_blank\" rel=\"noopener\">.<\/a> Wenn es sehr dickfl\u00fcssig und schwer zu handhaben ist, erhitze es, bis es ein wenig fl\u00fcssig ist, und verwende dann einen Tropfer, mit dem Du Deine Knospe vollst\u00e4ndig bedecken kannst, ohne sie in das Konzentrat tauchen zu m\u00fcssen. (Die \u00dcbers\u00e4ttigung Ihrer Knospe k\u00f6nnte zu l\u00e4ngeren Trocknungszeiten und Schwierigkeiten beim Anz\u00fcnden f\u00fchren). Moonrocks online kaufen Europa Schritt 3: Nimm die Knospe mit der Zange und w\u00e4lze sie in Kief, bis der gesamte Nug mit kristalliner G\u00fcte bedeckt ist.<\/p>","protected":false},"excerpt":{"rendered":"<h2 style=\"text-align: center;\">Kurupt Moon Rock<\/h2>\n<hr \/>\n<p>&nbsp;<\/p>\n<p>Buy moonrocks online, Dr. Zodiak moonrock strain from the pharmacy is the strongest bud you will ever find in your galaxy, buy Zodiak moonrock clear. \u2026.where to buy moonrocks online ireland.where to buy moonrocks online germany.<\/p>\n<p>&nbsp;<\/p>","protected":false},"featured_media":795,"comment_status":"open","ping_status":"closed","template":"","meta":{"_monsterinsights_skip_tracking":false,"_monsterinsights_sitenote_active":false,"_monsterinsights_sitenote_note":"","_monsterinsights_sitenote_category":0},"product_cat":[363],"product_tag":[],"_links":{"self":[{"href":"https:\/\/runtzcartsdisposables.com\/en\/wp-json\/wp\/v2\/product\/794"}],"collection":[{"href":"https:\/\/runtzcartsdisposables.com\/en\/wp-json\/wp\/v2\/product"}],"about":[{"href":"https:\/\/runtzcartsdisposables.com\/en\/wp-json\/wp\/v2\/types\/product"}],"replies":[{"embeddable":true,"href":"https:\/\/runtzcartsdisposables.com\/en\/wp-json\/wp\/v2\/comments?post=794"}],"wp:featuredmedia":[{"embeddable":true,"href":"https:\/\/runtzcartsdisposables.com\/en\/wp-json\/wp\/v2\/media\/795"}],"wp:attachment":[{"href":"https:\/\/runtzcartsdisposables.com\/en\/wp-json\/wp\/v2\/media?parent=794"}],"wp:term":[{"taxonomy":"product_cat","embeddable":true,"href":"https:\/\/runtzcartsdisposables.com\/en\/wp-json\/wp\/v2\/product_cat?post=794"},{"taxonomy":"product_tag","embeddable":true,"href":"https:\/\/runtzcartsdisposables.com\/en\/wp-json\/wp\/v2\/product_tag?post=794"}],"curies":[{"name":"wp","href":"https:\/\/api.w.org\/{rel}","templated":true}]}}