{"id":796,"date":"2023-01-16T10:19:49","date_gmt":"2023-01-16T10:19:49","guid":{"rendered":"https:\/\/runtzcartsdisposables.com\/?post_type=product&#038;p=796"},"modified":"2024-11-25T20:10:44","modified_gmt":"2024-11-25T20:10:44","slug":"moonrocks","status":"publish","type":"product","link":"https:\/\/runtzcartsdisposables.com\/en\/product\/moonrocks\/","title":{"rendered":"Moon Rocks"},"content":{"rendered":"<h1>Buy Moonrock in Australia<\/h1>\n<p>Moonrocks in Australien kaufen Warst du jemals so high, dass du deine Augenbrauen nicht mehr sp\u00fcren konntest, selbst wenn du sie ber\u00fchrst? Wenn nicht, versuchen Sie Moon Rocks zu rauchen und ich garantiere Ihnen, dass Sie es schaffen werden. Ich habe sie vor kurzem zum ersten Mal geraucht, und zwei Monate sp\u00e4ter bin ich immer noch nicht in der Lage, meine Gesichtsz\u00fcge zu erkennen. (Es lohnt sich \u00fcbrigens.)<\/p>\n<p>Through this process, the product achieves a THC content of 51.2%. In small doses, it relieves pain, stimulates the appetite and reduces nausea.<\/p>\n<h2>Buy Moonrock in Australia<\/h2>\n<p>For the best flavor and smoke, the girls at Kush N Wax recommend using a hash bowl or pipe and not grinding the buds with a grinder as you will lose most of the kif in the process.<br \/>\nMoonrocks Der Preis f\u00fcr ein Gramm Marihuana mag hoch erscheinen, aber die Qualit\u00e4t des Produkts spricht f\u00fcr sich. Snoop Dogg selbst ist zu sehen, wie er seine Expertenmeinung \u00fcber das Cannabis seines Dog Pound-Mitglieds abgibt.<\/p>\n<p>Tag | Mondschein online kaufen, Mondschein online kaufen, Mondschein kaufen, wo man Mondschein online kaufen kann, wie man Mondschein online kaufen kann. Weed online kaufen(Moonrocks)<\/p>\n<p>What are moon rocks?<br \/>\nMoon Rocks are not really a type of marijuana strain, but rather a way of using cannabis. Typically, they're nuggets of the Girl Scout Cookies marijuana strain, dipped in hash oil and then sprinkled with kef. Moon Rocks for sale<\/p>\n<p>If you've ever dipped ice cream cones in chocolate and covered them in sprinkles, then you know exactly what Moon Rocks is. When you combine consuming moon rocks with ice cream cones, it sure is delicious.<\/p>\n<p>Take a walk on the moon<br \/>\nA few celebrities have trademarked their own moon herbs, which they claim are the most potent hemp products on the market. Krupp, the American rapper and former vice president of Death Row Records, has \"Kurrupts Mooncrock,\" which has a THC content of 51.2%. In small doses, such a super Frankenstein cannabis product can be effective for pain relief<br \/>\n. Large quantities can simply be sent to the moon. moon rocks for sale<\/p>\n<p>Betreten Sie das Raumschiff hier. <a href=\"https:\/\/runtzcartsdisposables.com\/en\/product\/kurupt-moon-rock\/\">Moonrock<\/a>-Eis kaufen<\/p>\n<p>For optimal consumption of Moon Rocks, use a hash bowl or pipe and be careful not to grind the buds in a grinder or you will lose kief.<br \/>\nKeep in mind that average weed contains between 17% and 30% THC. Moon Rocks has almost twice the amount of THC. Moon Rocks for sale<br \/>\nWenn Sie Moonrocks nicht ohne Weiteres in einer Apotheke finden, k\u00f6nnen Sie Ihren Lieblingsfreund fragen, wie Sie es selbst herstellen k\u00f6nnen. Du solltest ihn fragen, wie viele Dinge du kaufen solltest und welche Art von Sorte, Haschisch\u00f6l und Kif du brauchst, um dein Raumschiff auf dem Mond zu bauen. Ich w\u00fcrde sie auch fragen, ob dies die Art von Cannabis-Erfahrung ist, die man in der Sicherheit und Bequemlichkeit des eigenen Zuhauses machen sollte, oder ob sie anst\u00e4ndig genug w\u00e4ren, in die \u00d6ffentlichkeit zu gehen. ich sage nur. Moon Rocks zum Verkauf kaufen Blueberry<\/p>\n<p>Die Urspr\u00fcnge von Moonrocks sind etwas unklar, aber es gibt Ger\u00fcchte, dass die Apotheke Starbudz760 sie zuerst zusammengebraut hat, wobei der legend\u00e4re West Coast Rapper Kurupt das Produkt popul\u00e4r machte und seine eigene Version namens Kurupt Moonrock markenrechtlich sch\u00fctzen lie\u00df. buyPluto Cookies<\/p>\n<p>Moonrocks sind ein THC-Megazord &#8211; sie bestehen im Wesentlichen aus Cannabisknospen (historisch gesehen GSC<a href=\"https:\/\/hhcvapekaufen.com\/\" target=\"_blank\" rel=\"noopener\">,<\/a> aber jede Sorte reicht aus), die in Haschisch\u00f6l getaucht oder damit bespr\u00fcht und dann gerollt werden.<\/p>","protected":false},"excerpt":{"rendered":"<h2 style=\"text-align: center;\">Moon Rocks<\/h2>\n<hr \/>\n<p style=\"text-align: left;\">\nwe have 100% THC Moon Rocks for sale. We guarantee a 100% mail order and issue tracking numbers and invoice after each...<\/p>\n<p>&nbsp;<\/p>","protected":false},"featured_media":797,"comment_status":"open","ping_status":"closed","template":"","meta":{"_monsterinsights_skip_tracking":false,"_monsterinsights_sitenote_active":false,"_monsterinsights_sitenote_note":"","_monsterinsights_sitenote_category":0},"product_cat":[16],"product_tag":[],"_links":{"self":[{"href":"https:\/\/runtzcartsdisposables.com\/en\/wp-json\/wp\/v2\/product\/796"}],"collection":[{"href":"https:\/\/runtzcartsdisposables.com\/en\/wp-json\/wp\/v2\/product"}],"about":[{"href":"https:\/\/runtzcartsdisposables.com\/en\/wp-json\/wp\/v2\/types\/product"}],"replies":[{"embeddable":true,"href":"https:\/\/runtzcartsdisposables.com\/en\/wp-json\/wp\/v2\/comments?post=796"}],"wp:featuredmedia":[{"embeddable":true,"href":"https:\/\/runtzcartsdisposables.com\/en\/wp-json\/wp\/v2\/media\/797"}],"wp:attachment":[{"href":"https:\/\/runtzcartsdisposables.com\/en\/wp-json\/wp\/v2\/media?parent=796"}],"wp:term":[{"taxonomy":"product_cat","embeddable":true,"href":"https:\/\/runtzcartsdisposables.com\/en\/wp-json\/wp\/v2\/product_cat?post=796"},{"taxonomy":"product_tag","embeddable":true,"href":"https:\/\/runtzcartsdisposables.com\/en\/wp-json\/wp\/v2\/product_tag?post=796"}],"curies":[{"name":"wp","href":"https:\/\/api.w.org\/{rel}","templated":true}]}}