{"id":235,"date":"2023-01-12T09:01:13","date_gmt":"2023-01-12T09:01:13","guid":{"rendered":"https:\/\/runtzcartsdisposables.com\/?post_type=product&#038;p=235"},"modified":"2024-11-25T20:13:01","modified_gmt":"2024-11-25T20:13:01","slug":"kolumbianisches-gold","status":"publish","type":"product","link":"https:\/\/runtzcartsdisposables.com\/es\/product\/kolumbianisches-gold\/","title":{"rendered":"Kolumbianisches Gold"},"content":{"rendered":"<h1>Comprar variedad Goldm colombiana en l\u00ednea FinlandiaCompara anuncios variados Goldm colombiana en l\u00ednea Finlandia<\/h1>\n<p>Kolumbianisches Gold Kaufen Sie Colombian Goldm Strain Online Finnland. Colombian Gold ist eine klassische <a href=\"https:\/\/runtzcartsdisposables.com\/index.php\/product-category\/blumen\/sativa-sorte\/\">Sativa-Landrasse<\/a>, que se origina en las monta\u00f1as de Santa Marta en Colombia. Sus cogollos son esponjosos y est\u00e1n cubiertos de cristales, y exudan notas dulces y skunk de lim\u00f3n y lima. Esta sativa nativa dio origen a la famosa Skunk #1, un h\u00edbrido que se ha convertido en un elemento b\u00e1sico de la cr\u00eda de cannabis. El efecto activo, edificante y enfocado de Colombian Gold viene sin paranoia ni ansiedad,<\/p>\n<h2>Comprar Hongos M\u00e1gicos Cubanos online<\/h2>\n<p>Esto hace que esta variedad sea una buena opci\u00f3n para principiantes o para aquellos que buscan seguir siendo productivos durante el tratamiento. Colombian Gold puede ayudar a los pacientes a aliviar la tensi\u00f3n muscular, el dolor y otros s\u00edntomas f\u00edsicos, pero sus cualidades estimulantes y alegres tambi\u00e9n se pueden usar para la depresi\u00f3n y el ADD\/ADHD. Compre tabletas de diazepam de 10 mg en l\u00ednea.<\/p>\n<p>Colombian <a href=\"https:\/\/runtzcartsdisposables.com\/es\/product\/gelato-weed-copy\/\">Gold<\/a> ist eine legend\u00e4re Sativa-Landrasse aus dem gebirgigen Norden Kolumbiens. Diese Sorte, die in den sp\u00e4ten 1960er und 1970er Jahren in den USA extrem popul\u00e4r war, ist inzwischen sehr selten geworden, und einige Cannabis-Historiker behaupten, dass es keine Samen oder Klone des urspr\u00fcnglichen Landrassen-Genotyps mehr gibt. Unabh\u00e4ngig davon, ob Colombian Gold noch konsumiert werden kann oder nicht, wurde sie zur Z\u00fcchtung beliebter Grundnahrungsmittel wie Skunk #1 verwendet. Der <a href=\"https:\/\/en.wikipedia.org\/wiki\/Tetrahydrocannabinol\" target=\"_blank\" rel=\"noopener\">THC<\/a>-El contenido de la variedad se ha medido en 14% a 20%. COMPRAR HIERBA ONLINE EN EUROPA<\/p>\n<p>Kolumbianisches Gold von kommerziell gez\u00fcchteten Indicas und Hybriden sind mit den Bl\u00fcten von Colombian Gold vielleicht nicht vertraut. Die Bl\u00fcten sind klein bis mittelgro\u00df und haben eine lockere, bl\u00e4ttrige Struktur<a href=\"https:\/\/20ftschiffscontainer.com\/wp-admin\/\" target=\"_blank\" rel=\"noopener\">,<\/a> die f\u00fcr eine reine Sativa charakteristisch ist &#8211; Cannabiskenner werden die Silhouetten dieser zerlumpten Bl\u00fcten als \u00e4hnlich wie bei jamaikanischen oder thail\u00e4ndischen Sativa-Landrassen erkennen. Die Bl\u00e4tter sind blass fr\u00fchlingsgr\u00fcn und werden von leuchtend orangefarbenen Stempeln durchzogen. Diese langen, spitz zulaufenden Knospen sind auch sehr harzig: bernsteinfarbene Trichome bedecken die Innen- und Au\u00dfenfl\u00e4chen und verleihen ihnen den goldenen Schimmer, auf den sich ihr Name bezieht. OG KUSH ONLINE KAUFEN<\/p>\n<p>Cuando se cura adecuadamente, la Colombian Gold desprende el olor acre de la Skunk, lo que explica la acritud de la cepa infantil Skunk #1. Tras una inspecci\u00f3n m\u00e1s cercana, el sabor c\u00edtrico del lim\u00f3n y la lima tambi\u00e9n est\u00e1 en juego. Cuando se quema, la Colombian Gold tiene un olor terroso a hach\u00eds. Su humo puede ser \u00e1spero y expandir los pulmones al inhalar y tiene un sabor herbal al exhalar. Finalmente, esta cepa puede ser un humo particularmente picante; aquellos que deseen mantener su consumo discreto deben tomar todas las precauciones necesarias. COMPRAR DIAMANTE OG ONLINE<\/p>\n<h2>Comprar variedad Goldm colombiana en l\u00ednea FinlandiaCompara anuncios variados Goldm colombiana en l\u00ednea Finlandia<\/h2>\n<p>Los usuarios de esta variedad hist\u00f3rica han informado de efectos cerebrales muy fuertes. El subid\u00f3n llega lentamente y permanece embriagador durante su duraci\u00f3n; se dice que el efecto dura mucho m\u00e1s que el promedio. La creatividad y la locuacidad son comunes ya que las mentes de los fumadores saltan de uno a otro en r\u00e1pida asociaci\u00f3n libre. Tambi\u00e9n se informa com\u00fanmente una sensaci\u00f3n general de bienestar a medida que los factores estresantes ambientales restantes pasan a un segundo plano. La mentalidad altamente anal\u00edtica de Colombian Gold puede ser particularmente valiosa<\/p>","protected":false},"excerpt":{"rendered":"<h2 style=\"text-align: center;\">Kolumbianisches Gold<\/h2>\n<hr \/>\n<p>Colombian Gold es una sativa aut\u00f3ctona cl\u00e1sica que tiene su origen en las monta\u00f1as de Santa Marta en Colombia. Sus cogollos son esponjosos y est\u00e1n cubiertos de cristales, y exudan notas dulces y skunk de lim\u00f3n y lima.<\/p>","protected":false},"featured_media":236,"comment_status":"open","ping_status":"closed","template":"","meta":{"_monsterinsights_skip_tracking":false,"_monsterinsights_sitenote_active":false,"_monsterinsights_sitenote_note":"","_monsterinsights_sitenote_category":0},"product_cat":[126,127],"product_tag":[],"_links":{"self":[{"href":"https:\/\/runtzcartsdisposables.com\/es\/wp-json\/wp\/v2\/product\/235"}],"collection":[{"href":"https:\/\/runtzcartsdisposables.com\/es\/wp-json\/wp\/v2\/product"}],"about":[{"href":"https:\/\/runtzcartsdisposables.com\/es\/wp-json\/wp\/v2\/types\/product"}],"replies":[{"embeddable":true,"href":"https:\/\/runtzcartsdisposables.com\/es\/wp-json\/wp\/v2\/comments?post=235"}],"wp:featuredmedia":[{"embeddable":true,"href":"https:\/\/runtzcartsdisposables.com\/es\/wp-json\/wp\/v2\/media\/236"}],"wp:attachment":[{"href":"https:\/\/runtzcartsdisposables.com\/es\/wp-json\/wp\/v2\/media?parent=235"}],"wp:term":[{"taxonomy":"product_cat","embeddable":true,"href":"https:\/\/runtzcartsdisposables.com\/es\/wp-json\/wp\/v2\/product_cat?post=235"},{"taxonomy":"product_tag","embeddable":true,"href":"https:\/\/runtzcartsdisposables.com\/es\/wp-json\/wp\/v2\/product_tag?post=235"}],"curies":[{"name":"wp","href":"https:\/\/api.w.org\/{rel}","templated":true}]}}