{"id":242,"date":"2023-01-12T14:19:15","date_gmt":"2023-01-12T14:19:15","guid":{"rendered":"https:\/\/runtzcartsdisposables.com\/?post_type=product&#038;p=242"},"modified":"2024-11-25T20:12:59","modified_gmt":"2024-11-25T20:12:59","slug":"fruchtpunsch","status":"publish","type":"product","link":"https:\/\/runtzcartsdisposables.com\/es\/product\/fruchtpunsch\/","title":{"rendered":"Fruchtpunsch"},"content":{"rendered":"<h1>Comprar ponche de frutas en Loveland<\/h1>\n<p>Compra ponche de frutas en Loveland. Pide ponche de frutas en Loveland. Fruit Punch es una variedad Sativa de Heavyweight Seeds, quienes crearon este potente sabor a partir de la gen\u00e9tica Skunk, Haze y Northern Lights. Llamada as\u00ed por su r\u00e1pido golpe de sabores dulces afrutados y tropicales, esta sativa tiene un gran impacto en ambos frentes. Comprar Hongos M\u00e1gicos Cubanos online.<\/p>\n<p>sabor y efecto. Fruit Punch carga la mente con energ\u00eda creativa y social, as\u00ed que mant\u00e9n esta variedad en tu reserva para d\u00edas activos con amigos o pasatiempos personales. Compra Member Berry<\/p>\n<p>Fruit Punch es una variedad Sativa de Heavyweight Seeds, quienes crearon esta potencia llena de sabor a partir de la gen\u00e9tica Skunk, Haze y Northern Lights. Llamada as\u00ed por su r\u00e1pido golpe de sabores dulces afrutados y tropicales, esta sativa tiene un gran impacto tanto en sabor como en efecto. Fruit Punch carga la mente con energ\u00eda creativa y social, as\u00ed que mant\u00e9n esta cepa en tu reserva para d\u00edas activos con amigos o pasatiempos personales. Desarrollada por el criador de cannabis Heavyweight Seeds, Fruit Punch es un potente h\u00edbrido de cepas legendarias: Skunk, Haze y Northern Lights. Seg\u00fan el criador, la Fruit Punch tiene un sabor brumoso con notas de lim\u00f3n, mango y lima, junto con un aroma c\u00edtrico. Seg\u00fan el sitio web de Heavyweight Seeds, la variedad contiene un 21 % de THC y un 1,1 % de CBD. Tan f\u00e1cil como es de disfrutar, Fruit Punch tambi\u00e9n es f\u00e1cil de cultivar seg\u00fan el criador, quien dice que es adecuada tanto para principiantes como para profesionales. El h\u00edbrido de tendencia sativa, que seg\u00fan Heavyweight Seeds es una cepa autofloreciente, crece hasta alrededor de 1,3 metros de altura y florece entre 70 y 80 d\u00edas despu\u00e9s de la germinaci\u00f3n, produciendo grandes cosechas de colas gordas y recubiertas de resina de color verde brillante y con puntas de pelo con cicatriz naranja.comprar Mintz<\/p>\n<h2>Comprar Fruit Punch en Loveland<\/h2>\n<p>Fruchtpunsch Kaufen Sie Fruit Punch in Loveland. bestellen Sie Fruit Punch in Loveland. Durch die Kreuzung der Genetik von drei bekannten Cannabis-Namen wird die einzigartige Chemie der <a href=\"https:\/\/runtzcartsdisposables.com\/es\/product\/white-widow\/\">Fruit<\/a> Punch-Sorte zu einem absoluten No-Brainer, wenn man ihr Erbe betrachtet. Ihre drei Vorfahren &#8211; Northern Lights, Skunk und Haze &#8211; sind allesamt Schwergewichte auf ihrem Gebiet und liefern herausragende Ergebnisse, die auf verschiedene Probleme des t\u00e4glichen Lebens abzielen.buy Moonrocks<\/p>\n<p>Die Sorte Northern Fruchtpunsch Lights bewegt sich am Rande einer vollst\u00e4ndigen Indica-Dominanz und weist ein komplexes Kr\u00e4uteraroma auf, das an den Geschmack von Tee erinnert, der l\u00e4nger als n\u00f6tig gezogen wurde. Die delikate Bitterkeit am Ende des Zuges verleiht dem Geschmackserlebnis der Sorte Tiefe und Dimension, und ihre beruhigende Euphorie <a href=\"https:\/\/thcvapecarts.net\" target=\"_blank\" rel=\"noopener\">kann<\/a> eine tr\u00f6stliche Erleichterung von der gew\u00f6hnlichen Not bieten.buy God&#8217;s gift<\/p>\n<p>Skunk, por otro lado, es exactamente lo que sugiere su nombre: una variedad picante mejor conocida por su olor repugnante pero deseable. Con un perfil gen\u00e9tico ligeramente sativo, esta cepa estimula la creatividad con sus potentes efectos, pero no sin despertar primero el cuerpo con sus poderosos efectos.<\/p>","protected":false},"excerpt":{"rendered":"<h2 style=\"text-align: center;\">Fruchtpunsch<\/h2>\n<hr \/>\n<p>Fruit Punch es una variedad Sativa de Heavyweight Seeds, quienes crearon este potente sabor a partir de la gen\u00e9tica Skunk, Haze y Northern Lights. Llamada as\u00ed por su r\u00e1pido golpe de sabores dulces, afrutados y tropicales, esta sativa tiene algo que ofrecer tanto<\/p>\n<p>&nbsp;<\/p>","protected":false},"featured_media":243,"comment_status":"open","ping_status":"closed","template":"","meta":{"_monsterinsights_skip_tracking":false,"_monsterinsights_sitenote_active":false,"_monsterinsights_sitenote_note":"","_monsterinsights_sitenote_category":0},"product_cat":[126,127],"product_tag":[],"_links":{"self":[{"href":"https:\/\/runtzcartsdisposables.com\/es\/wp-json\/wp\/v2\/product\/242"}],"collection":[{"href":"https:\/\/runtzcartsdisposables.com\/es\/wp-json\/wp\/v2\/product"}],"about":[{"href":"https:\/\/runtzcartsdisposables.com\/es\/wp-json\/wp\/v2\/types\/product"}],"replies":[{"embeddable":true,"href":"https:\/\/runtzcartsdisposables.com\/es\/wp-json\/wp\/v2\/comments?post=242"}],"wp:featuredmedia":[{"embeddable":true,"href":"https:\/\/runtzcartsdisposables.com\/es\/wp-json\/wp\/v2\/media\/243"}],"wp:attachment":[{"href":"https:\/\/runtzcartsdisposables.com\/es\/wp-json\/wp\/v2\/media?parent=242"}],"wp:term":[{"taxonomy":"product_cat","embeddable":true,"href":"https:\/\/runtzcartsdisposables.com\/es\/wp-json\/wp\/v2\/product_cat?post=242"},{"taxonomy":"product_tag","embeddable":true,"href":"https:\/\/runtzcartsdisposables.com\/es\/wp-json\/wp\/v2\/product_tag?post=242"}],"curies":[{"name":"wp","href":"https:\/\/api.w.org\/{rel}","templated":true}]}}