{"id":250,"date":"2023-01-12T14:59:08","date_gmt":"2023-01-12T14:59:08","guid":{"rendered":"https:\/\/runtzcartsdisposables.com\/?post_type=product&#038;p=250"},"modified":"2024-11-25T20:12:58","modified_gmt":"2024-11-25T20:12:58","slug":"geisterstamm-dunst","status":"publish","type":"product","link":"https:\/\/runtzcartsdisposables.com\/es\/product\/geisterstamm-dunst\/","title":{"rendered":"Geisterstamm-Dunst"},"content":{"rendered":"<h1>Comprar Ghost Strain Haze online en Suecia<\/h1>\n<p>Geisterstamm-Dunstt Strain Haze Online In Schweden. <a href=\"https:\/\/www.leafly.com\/strains\/ghost-og\" target=\"_blank\" rel=\"noopener\">Ghost Train<\/a> Creada por primera vez por Rare Dankness, Haze es un cruce sativa entre Ghost OG y Neville's Wreck. A diferencia de las sativas t\u00edpicas, la Ghost Train Haze produce densos cogollos cubiertos de tricomas blancos cubiertos de cristales. Con un aroma agrio, c\u00edtrico y floral, la Ghost Train Haze ofrece una potente dosis de THC para adormecer el dolor, la depresi\u00f3n y la p\u00e9rdida de apetito, pero los pacientes son propensos a ello. Comprar hierba online en Europa<\/p>\n<p>Las personas que sufren de ansiedad deben mantenerse alejadas de esta poderosa droga. Las dosis bajas fomentan la concentraci\u00f3n y la creatividad, pero cuanto m\u00e1s fumas, m\u00e1s confuso se vuelve tu cerebro. Ghost Train Haze es una variedad de exterior adecuada para climas c\u00e1lidos y tiene un tiempo de floraci\u00f3n de 65 a 80 d\u00edas en interior. Galletas Tropicales<\/p>\n<h3>Comprar Ghost Strain Haze online en Suecia<\/h3>\n<p>Sativa-dominanter Hybrid &#8211; 80% Sativa \/ 20% Indica<\/p>\n<p>THC: 27%<\/p>\n<p>Ghost Train Haze es una de las variedades m\u00e1s intensas que existen <a href=\"https:\/\/runtzcartsdisposables.com\/es\/\">Marihuana<\/a>-universo fue introducido. Esta variedad no es para principiantes, despu\u00e9s de todo, la Ghost Train Haze fue nombrada \"la variedad m\u00e1s potente del mundo\" por la revista High Times en 2012. Criada a partir de Ghost OG y Neville's Wreck, esta variedad cuenta con un incre\u00edble nivel de THC del 27%. La GTH es mayoritariamente sativa (proporci\u00f3n 80:20 sativa\/indica), por lo que si eres un fumador novato o sufres de ansiedad, ser\u00e1 mejor que te mantengas alejado de esta alocada cepa. Fumar mucho GTH puede inducir una sensaci\u00f3n casi psicod\u00e9lica que puede inducir a la paranoia. Los pacientes que eligen Ghost Train Haze son aquellos que sufren de depresi\u00f3n o aquellos que simplemente quieren pasar un buen rato. En peque\u00f1as dosis, GTH puede provocar f\u00e1cilmente ataques de risa y estimular la mente creativa. El aroma de esta variedad es una mezcla dulce de \u00e1cido, c\u00edtricos y pino que es muy picante. Con una gran cantidad de tricomas y cabello, GTH se ve b\u00e1sicamente tan incre\u00edble como dice ser. Gran neblina de lim\u00f3n<\/p>\n<p>Geisterstamm-Dunst Cannabis-Sorte Ghost Train Haze ist ein potenter, Sativa-dominanter Hybrid, der von Rare Dankness gez\u00fcchtet wurde. Sie belegte den ersten Platz beim High Times Cannabis Cup 2014 in den USA in der Kategorie Sativa und den zweiten Platz beim High Times Cannabis Cup 2013 in der Kategorie Medical Sativa. Die Knospen sind dicht, hellgr\u00fcn in der Farbe und durchtr\u00e4nkt mit Trichomen, die fast wei\u00df erscheinen. Ghost Train Haze ist sehr potent und wurde von High Times ausgew\u00e4hlt, um die st\u00e4rksten Sorten der Welt zu repr\u00e4sentieren. Ghost Strain Haze online in Schweden kaufen. Mango Haz<a href=\"https:\/\/hhcgraskaufen.com\/\" target=\"_blank\" rel=\"noopener\">e<\/a><br \/>\ntipo de intoxicaci\u00f3n<br \/>\nGeisterstamm-Dunst Die Marihuana-Sorte Ghost Train Haze l\u00f6st in niedrigeren Dosen eine zerebrale Euphorie aus, hebt die Stimmung, erh\u00f6ht die Konzentration, entspannt den K\u00f6rper und hat eine schmerzlindernde Wirkung. Sie kann Druck auf die Augen und die Nase aus\u00fcben. H\u00f6here Dosen k\u00f6nnen Paranoia und Halluzinationen hervorrufen. Lila Dunst<br \/>\ngen\u00e9tica<br \/>\nGeisterstamm-Dunst Die Cannabis-Sorte Ghost Train Haze ist eine Kreuzung zwischen Ghost <a href=\"https:\/\/runtzcartsdisposables.com\/es\/product\/platinum-og\/\">OG<\/a> und Nevil&#8217;s Wreck (Trainwreck und Neville&#8217;s Haze).<\/p>","protected":false},"excerpt":{"rendered":"<h2 style=\"text-align: center;\">Geisterstamm-Dunst<\/h2>\n<hr \/>\n<p>Geisterstamm-Dunst&#8211; Ghost Train Haze wurde zuerst von Rare Dankness gez\u00fcchtet und ist eine Sativa-Kreuzung aus Ghost OG und Neville&#8217;s Wreck. Im Gegensatz zu typischen Sativas bildet Ghost Train Haze dichte Knospen aus, die mit wei\u00dfen, kristallbedeckten Trichomen bedeckt sind.<\/p>\n<p>&nbsp;<\/p>","protected":false},"featured_media":249,"comment_status":"open","ping_status":"closed","template":"","meta":{"_monsterinsights_skip_tracking":false,"_monsterinsights_sitenote_active":false,"_monsterinsights_sitenote_note":"","_monsterinsights_sitenote_category":0},"product_cat":[126,127],"product_tag":[136,137,138,139,140,141],"_links":{"self":[{"href":"https:\/\/runtzcartsdisposables.com\/es\/wp-json\/wp\/v2\/product\/250"}],"collection":[{"href":"https:\/\/runtzcartsdisposables.com\/es\/wp-json\/wp\/v2\/product"}],"about":[{"href":"https:\/\/runtzcartsdisposables.com\/es\/wp-json\/wp\/v2\/types\/product"}],"replies":[{"embeddable":true,"href":"https:\/\/runtzcartsdisposables.com\/es\/wp-json\/wp\/v2\/comments?post=250"}],"wp:featuredmedia":[{"embeddable":true,"href":"https:\/\/runtzcartsdisposables.com\/es\/wp-json\/wp\/v2\/media\/249"}],"wp:attachment":[{"href":"https:\/\/runtzcartsdisposables.com\/es\/wp-json\/wp\/v2\/media?parent=250"}],"wp:term":[{"taxonomy":"product_cat","embeddable":true,"href":"https:\/\/runtzcartsdisposables.com\/es\/wp-json\/wp\/v2\/product_cat?post=250"},{"taxonomy":"product_tag","embeddable":true,"href":"https:\/\/runtzcartsdisposables.com\/es\/wp-json\/wp\/v2\/product_tag?post=250"}],"curies":[{"name":"wp","href":"https:\/\/api.w.org\/{rel}","templated":true}]}}