{"id":255,"date":"2023-01-12T15:09:40","date_gmt":"2023-01-12T15:09:40","guid":{"rendered":"https:\/\/runtzcartsdisposables.com\/?post_type=product&#038;p=255"},"modified":"2024-11-25T20:12:56","modified_gmt":"2024-11-25T20:12:56","slug":"grapefruit","status":"publish","type":"product","link":"https:\/\/runtzcartsdisposables.com\/es\/product\/grapefruit\/","title":{"rendered":"Grapefruit"},"content":{"rendered":"<h1>Comprar variedad de marihuana Grapefruit online en Francia<\/h1>\n<p>Comprar variedad de marihuana Grapefruit online en Francia. Esta potente sativa fue creada cruzando <a href=\"https:\/\/www.leafly.com\/strains\/cinderella-99\" target=\"_blank\" rel=\"noopener\">Centerrilla 99<\/a> desarrollada con una sativa de r\u00e1pida floraci\u00f3n seleccionada por su rico aroma a pomelo. El aroma c\u00edtrico tropical de la toronja se combina con los efectos energizantes para brindarle un relajante calmante para el estr\u00e9s que tambi\u00e9n es bueno para combatir las migra\u00f1as.<\/p>\n<p>Bienvenido al mundo del pomelo, el <a href=\"https:\/\/runtzcartsdisposables.com\/es\/\">Sativa<\/a>donde ella es la jefa y todos vivimos seg\u00fan sus reglas. Como descendiente de la cepa Cinderella 99 cruzada con una cepa no identificada, el sabor es como ning\u00fan otro. COMPRAR MARIHUANA ONLINE EN LOS PA\u00cdSES BAJOS<\/p>\n<p>Comprar variedad de marihuana Grapefruit online en Francia<br \/>\nestetica<\/p>\n<p>Oft werden Sorten falsch etikettiert und erhalten einen Namen, den sie nicht verdienen. Grape-fruit schmeckt genau so, wie man es erwarten w\u00fcrde, nur 10 Mal besser. Zitronige Obert\u00f6ne \u00fcberziehen die Zunge und schmecken wie ein teures deutsches Radler. Wenn Sie schon dachten, dass der Geschmack erstaunlich ist, dann warten Sie, bis der Duft in Ihre Nasenl\u00f6cher eindringt. Der Geruch wird von keiner anderen Knospe auf dem Markt \u00fcbertroffen. Big Mex Magic Mushroom Online USA<\/p>\n<p>Ein s\u00fc\u00dfes und aromatisches Erlebnis, das Deinem Gehirn vorgaukelt, Du w\u00e4rst mit dem Gesicht voran in eine frisch gepfl\u00fcckte Grape-fruit gelaufen. Was kann man sich als Liebhaber fruchtiger Sorten noch w\u00fcnschen?<\/p>\n<p>Grape-fruit Effekte + Vorteile<\/p>\n<p>Du hast alle Utensilien beisammen: Pinsel, Staffelei,<a href=\"https:\/\/hhcgraskaufen.com\/\" target=\"_blank\" rel=\"noopener\"> Wasser<\/a> und Acrylfarben stehen bereit f\u00fcr einen Nachmittag voller Magie. Als du den Pinsel zum 5. Mal in die gelbe Farbe tippst, ist dein Gehirn wie mit angezogener Handbremse blockiert. Etwas frustriert legst du den Pinsel wieder hin und seufzt. Vielleicht ist heute nicht der richtige Zeitpunkt. Diazepam 10mg Tabletten online kaufen<\/p>\n<p>un campo altamente creativo. En momentos de consumo, es como si las anteojeras del caballo se aflojaran y el cepillo se moviera por s\u00ed solo. As\u00ed deber\u00eda ser el arte, simple y descontracturante, no al rev\u00e9s.<\/p>\n<p>Es ist schwierig, eine Sorte zu finden, die f\u00fcr den<a href=\"https:\/\/runtzcartsdisposables.com\/es\/product\/bestellung-motor-breath-jungleboys\/\"> Tagesgebrauch<\/a> geeignet ist. Gerade wenn man denkt, dass man sie gefunden hat, scheint es so, als ob man ein paar Stunden sp\u00e4ter schon wieder in den Mittagsschlaf f\u00e4llt. Grape-fruit hat viele positive Seiten, aber ihre gr\u00f6\u00dfte Waffe ist das Fehlen von Sedierung und das Gef\u00fchl von Wohlbefinden. Angst spielt keine Rolle, sie l\u00f6st sich auf wie Salz im Wasser und w\u00e4scht jegliches Gef\u00fchl der Unruhe weg. Grapefruit Marihuana Strain online kaufen in Frankreich<\/p>\n<p>Una gran variedad como esta no aparece todos los d\u00edas. Sal por la puerta y entra en la vida con la confianza para tomar la iniciativa con Grapefruit. COMPRAR GALLETAS SCOUT ONLINE EN EUROPA<\/p>\n<p>Bis zu 18-20% THC<\/p>","protected":false},"excerpt":{"rendered":"<h2 style=\"text-align: center;\">Grapefruit<\/h2>\n<hr \/>\n<p>Bienvenido al mundo de la toronja, la sativa, donde ella es la jefa y todos vivimos seg\u00fan sus reglas. Descendiente de la cepa Cinderella 99 cruzada con una cepa no identificada, el sabor es como ning\u00fan otro.<\/p>\n<p>&nbsp;<\/p>","protected":false},"featured_media":256,"comment_status":"open","ping_status":"closed","template":"","meta":{"_monsterinsights_skip_tracking":false,"_monsterinsights_sitenote_active":false,"_monsterinsights_sitenote_note":"","_monsterinsights_sitenote_category":0},"product_cat":[126,127],"product_tag":[142,143,144,145,146,147],"_links":{"self":[{"href":"https:\/\/runtzcartsdisposables.com\/es\/wp-json\/wp\/v2\/product\/255"}],"collection":[{"href":"https:\/\/runtzcartsdisposables.com\/es\/wp-json\/wp\/v2\/product"}],"about":[{"href":"https:\/\/runtzcartsdisposables.com\/es\/wp-json\/wp\/v2\/types\/product"}],"replies":[{"embeddable":true,"href":"https:\/\/runtzcartsdisposables.com\/es\/wp-json\/wp\/v2\/comments?post=255"}],"wp:featuredmedia":[{"embeddable":true,"href":"https:\/\/runtzcartsdisposables.com\/es\/wp-json\/wp\/v2\/media\/256"}],"wp:attachment":[{"href":"https:\/\/runtzcartsdisposables.com\/es\/wp-json\/wp\/v2\/media?parent=255"}],"wp:term":[{"taxonomy":"product_cat","embeddable":true,"href":"https:\/\/runtzcartsdisposables.com\/es\/wp-json\/wp\/v2\/product_cat?post=255"},{"taxonomy":"product_tag","embeddable":true,"href":"https:\/\/runtzcartsdisposables.com\/es\/wp-json\/wp\/v2\/product_tag?post=255"}],"curies":[{"name":"wp","href":"https:\/\/api.w.org\/{rel}","templated":true}]}}