{"id":261,"date":"2023-01-12T15:19:41","date_gmt":"2023-01-12T15:19:41","guid":{"rendered":"https:\/\/runtzcartsdisposables.com\/?post_type=product&#038;p=261"},"modified":"2024-11-25T20:12:55","modified_gmt":"2024-11-25T20:12:55","slug":"gruener-riss","status":"publish","type":"product","link":"https:\/\/runtzcartsdisposables.com\/es\/product\/gruener-riss\/","title":{"rendered":"Gr\u00fcner Riss"},"content":{"rendered":"<h1>Comprar crack verde online Croacia<\/h1>\n<p>Kaufen Sie Green Crack Online Kroatien. Lassen Sie sich nicht vom Namen t\u00e4uschen: Dies ist reines Cannabis. Es gibt nur wenige Sorten, die mit Green Crack vergleichbar sind, Gr\u00fcner Riss\u00a0 da sie einen belebenden, mentalen Rausch ausl\u00f6sen, der Sie den ganzen Tag \u00fcber in Schwung h\u00e4lt. Mit ihrem spritzigen, fruchtigen Geschmack, der an Mango erinnert, ist Green Crack eine gro\u00dfartige Sorte f\u00fcr den Tag, die Konsumenten helfen kann, M\u00fcdigkeit<\/p>\n<p>Combate la fatiga, el estr\u00e9s y la depresi\u00f3n. Porque el nombre es una imagen negativa de <a href=\"https:\/\/runtzcartsdisposables.com\/es\/\">Cannabis<\/a> transmitido, algunas personas llaman a esta cepa Cush (con una 'C') o Green Cush en su lugar.<\/p>\n<p>Todo el mundo pasa por una fase de fatiga a veces. Con nuestras vidas agitadas y horarios exigentes, es solo cuesti\u00f3n de tiempo antes de que nuestra energ\u00eda se agote por completo. Tenemos la soluci\u00f3n perfecta para este l\u00edo: Green Crack. Es la cepa sativa de tus sue\u00f1os.<\/p>\n<p>Criado desde el <a href=\"https:\/\/en.seedfinder.eu\/strain-info\/Skunk_Nr1\/Sensi_Seeds\/\" target=\"_blank\" rel=\"noopener\">Skunk #1 Linie<\/a>, ist <a href=\"https:\/\/www.leafly.com\/strains\/green-crack\" target=\"_blank\" rel=\"noopener\">GC<\/a> una delicia para todos los consumidores de cannabis. Especialmente Snoop Dogg, quien la llam\u00f3 su cepa favorita. bollo de miel<\/p>\n<p>Est\u00e9tica GC<\/p>\n<p>Green Crack est\u00e1 llena de notas afrutadas y especiadas que estimulan los sentidos. El humo es ligero y f\u00e1cil de inhalar, perfecto para los nuevos en el mundo del cannabis. Los cogollos est\u00e1n densamente empaquetados pero son de tama\u00f1o peque\u00f1o. Los usuarios pueden notar que los cogollos son como \"palomitas de ma\u00edz\". Comprar Hongos M\u00e1gicos Cubanos online<\/p>\n<h2>Comprar Green Crack Online Croacia<\/h2>\n<p>Green Crack es un humo sabroso, pero su verdadera belleza radica en su euforia energ\u00e9tica. Big Mex Magic Mushroom en l\u00ednea EE. UU.<\/p>\n<p>Efectos Green Crack + Beneficios. Comprar BROWNIE DE MENTA CON INFUSI\u00d3N DE CANNABIS<\/p>\n<p>Tan pronto como GC llega al sistema, una oleada de energ\u00eda vigorizante acelera los procesos mentales. Tu pensamiento se vuelve m\u00e1s r\u00e1pido, m\u00e1s claro y lleno de planes complejos. El pensamiento abstracto se convierte en una segunda naturaleza, seguido de un fuerte sentido de enfoque. La mayor\u00eda de los usuarios notan que la cepa se usa mejor durante el d\u00eda. Las 5 mejores marcas de ropa cann\u00e1bica<\/p>\n<p>Gr\u00fcner Riss Obwohl Green Crack am Morgen gro\u00dfartig ist, sollte man es auch in der Nacht verwenden. Stell dir das vor. Sweet Tea Cookies kaufen<\/p>\n<p>Hojeas tu gu\u00eda de estudio y sigues olvid\u00e1ndote de d\u00f3nde est\u00e1s. Cada p\u00e1gina est\u00e1 borrosa y tus nervios est\u00e1n de punta. Sientes que es hora de un espresso doble o Redbull. Comprar Banana Runtz<\/p>\n<p>Gr\u00fcner Riss Auch die medizinischen Vorteile sind vielf\u00e4ltig. Gr\u00fcner Riss GC baut Stress ab und reduziert Depressionen und Angstzust\u00e4nde in leichten F\u00e4llen. Au\u00dferdem ist diese Sorte optimal f\u00fcr den Gebrauch w\u00e4hrend des Tages, um die Symptome chronischer Schmerzen zu lindern. Pfirsich kaufen<\/p>\n<p>Legen Sie den Energydrink weg und greifen Sie zu Green Crack. Du wirst uns sp\u00e4ter danken. Super <a href=\"https:\/\/runtzcartsdisposables.com\/es\/product\/paris-og\/\">Og<\/a> Cookie kaufen<\/p>","protected":false},"excerpt":{"rendered":"<h2 style=\"text-align: center;\">Gr\u00fcner Riss<\/h2>\n<hr \/>\n<p>Que no te enga\u00f1e el nombre: esto es cannabis puro. Hay pocas cepas que se comparen con la Green Crack, ya que induce un subid\u00f3n mental estimulante que te acompa\u00f1ar\u00e1 durante todo el d\u00eda.<\/p>","protected":false},"featured_media":262,"comment_status":"open","ping_status":"closed","template":"","meta":{"_monsterinsights_skip_tracking":false,"_monsterinsights_sitenote_active":false,"_monsterinsights_sitenote_note":"","_monsterinsights_sitenote_category":0},"product_cat":[126,127],"product_tag":[],"_links":{"self":[{"href":"https:\/\/runtzcartsdisposables.com\/es\/wp-json\/wp\/v2\/product\/261"}],"collection":[{"href":"https:\/\/runtzcartsdisposables.com\/es\/wp-json\/wp\/v2\/product"}],"about":[{"href":"https:\/\/runtzcartsdisposables.com\/es\/wp-json\/wp\/v2\/types\/product"}],"replies":[{"embeddable":true,"href":"https:\/\/runtzcartsdisposables.com\/es\/wp-json\/wp\/v2\/comments?post=261"}],"wp:featuredmedia":[{"embeddable":true,"href":"https:\/\/runtzcartsdisposables.com\/es\/wp-json\/wp\/v2\/media\/262"}],"wp:attachment":[{"href":"https:\/\/runtzcartsdisposables.com\/es\/wp-json\/wp\/v2\/media?parent=261"}],"wp:term":[{"taxonomy":"product_cat","embeddable":true,"href":"https:\/\/runtzcartsdisposables.com\/es\/wp-json\/wp\/v2\/product_cat?post=261"},{"taxonomy":"product_tag","embeddable":true,"href":"https:\/\/runtzcartsdisposables.com\/es\/wp-json\/wp\/v2\/product_tag?post=261"}],"curies":[{"name":"wp","href":"https:\/\/api.w.org\/{rel}","templated":true}]}}