{"id":267,"date":"2023-01-12T15:26:07","date_gmt":"2023-01-12T15:26:07","guid":{"rendered":"https:\/\/runtzcartsdisposables.com\/?post_type=product&#038;p=267"},"modified":"2024-11-25T20:12:53","modified_gmt":"2024-11-25T20:12:53","slug":"hawaiianischer-dunst","status":"publish","type":"product","link":"https:\/\/runtzcartsdisposables.com\/es\/product\/hawaiianischer-dunst\/","title":{"rendered":"Hawaiianischer Dunst"},"content":{"rendered":"<h1>Comparar variedad Hawaiian Haze online en Dinamarca<\/h1>\n<p>Compre Hawaiian Haze Strain Online en Dinamarca. Hawaiian Haze es una cepa principalmente sativa que produce algunos efectos sativos de alta calidad. Una mezcla de <a href=\"https:\/\/www.leafly.com\/strains\/hawaiian-haze\" target=\"_blank\" rel=\"noopener\">Hawaiian und Haze Genetik<\/a>, estos cogollos ligeros y aireados te dejar\u00e1n con la cabeza en las nubes. Muchos usuarios tambi\u00e9n informan que los hace sociables y conversadores, por lo que puede ser una buena opci\u00f3n para fumar durante el d\u00eda. neblina hawaiana. Comprar hierba en l\u00ednea Europa<\/p>\n<p>El olor floral y el sabor de las frutas tropicales pueden hacerte so\u00f1ar con unas vacaciones en la isla. Estas plantas son altas y de floraci\u00f3n lenta, tardan entre 12 y 14 semanas, por lo que probablemente sean m\u00e1s adecuadas para un cultivador con algo de experiencia y paciencia.<\/p>\n<p>Hawaiianischer Dunst Eine Mischung aus Hawaiian und Haze Genetik, ein ausgewogener 50\/50 Hybrid, diese leichten, luftigen Knospen werden Ihren Kopf in den Wolken haben.diamond <a href=\"https:\/\/runtzcartsdisposables.com\/es\/product\/moonrocks\/\">OG<\/a> Hash kaufen<\/p>\n<p>Big Mex Magic Mushroom en l\u00ednea EE. UU.<\/p>\n<h2>Comparar variedad Hawaiian Haze online en Dinamarca<\/h2>\n<p>Espere ser muy sociable y hablador, por lo que se disfruta mejor en grupo durante el d\u00eda. compre Lemon Skittle<\/p>\n<p>El aroma floral y el sabor a frutas tropicales de Hawaiian Haze pueden hacerte so\u00f1ar con unas vacaciones en una isla. Compre tabletas de diazepam de 10 mg en l\u00ednea.<\/p>\n<p>Aparece principalmente como una variedad sativa y ofrece un asombroso nivel de THC del 26 %. comprarParallax Shop<\/p>\n<p>Hawaiian Haze ofrece una exquisita combinaci\u00f3n de sabores amaderados, tropicales y de pino que sin duda espera con ansias.comprar BROWNIE DE FUDGE DE CHOCOLATE<\/p>\n<p>Despu\u00e9s de fumar esta variedad, te sentir\u00e1s en\u00e9rgico y euf\u00f3rico al mismo tiempo. Si est\u00e1s teniendo un mal d\u00eda, Hawaiian Haze es justo lo que necesitas para volver a la normalidad.comprar helado de cereza blanca<\/p>\n<p>GARANT\u00cdA DE CALIDAD<\/p>\n<p>Hawaiianischer Dunst Unser Ziel ist es, Ihnen die hochwertigsten Hanfbl\u00fcten von sorgf\u00e4ltigen, geschickten Z\u00fcchtern zu liefern, die sich um die Pflanzen k\u00fcmmern, von dem Zeitpunkt an, an dem der Samen in die organische Erde eingegraben wird, bis er seinen Weg zu Ihnen findet. Alle unsere erstklassigen CBD-Hanfbl\u00fcten werden unabh\u00e4ngig im Labor getestet, um ihre Legalit\u00e4t sicherzustellen. Ein QR-Code, der direkt zu unserer Seite mit den Laborergebnissen f\u00fchrt, befindet sich wie bei allen unseren Produkten auf dem Etikett jeder Produktverpackung. traube CBD Vape Pen kaufen<\/p>\n<p>Comprar barritas de chocolate Mushee Magic Mushroom<\/p>","protected":false},"excerpt":{"rendered":"<h2 style=\"text-align: center;\">Hawaiianischer Dunst<\/h2>\n<hr \/>\n<p>Hawaiianischer Dunst &#8211; Der blumige Geruch und der Geschmack von tropischen Fr\u00fcchten der Hawaiian Haze lassen Sie vielleicht von einem Inselurlaub tr\u00e4umen.<\/p>\n<p>Aparece principalmente como una cepa sativa, que ofrece un nivel asombroso de THC del 26%.<\/p>","protected":false},"featured_media":268,"comment_status":"open","ping_status":"closed","template":"","meta":{"_monsterinsights_skip_tracking":false,"_monsterinsights_sitenote_active":false,"_monsterinsights_sitenote_note":"","_monsterinsights_sitenote_category":0},"product_cat":[126,127],"product_tag":[],"_links":{"self":[{"href":"https:\/\/runtzcartsdisposables.com\/es\/wp-json\/wp\/v2\/product\/267"}],"collection":[{"href":"https:\/\/runtzcartsdisposables.com\/es\/wp-json\/wp\/v2\/product"}],"about":[{"href":"https:\/\/runtzcartsdisposables.com\/es\/wp-json\/wp\/v2\/types\/product"}],"replies":[{"embeddable":true,"href":"https:\/\/runtzcartsdisposables.com\/es\/wp-json\/wp\/v2\/comments?post=267"}],"wp:featuredmedia":[{"embeddable":true,"href":"https:\/\/runtzcartsdisposables.com\/es\/wp-json\/wp\/v2\/media\/268"}],"wp:attachment":[{"href":"https:\/\/runtzcartsdisposables.com\/es\/wp-json\/wp\/v2\/media?parent=267"}],"wp:term":[{"taxonomy":"product_cat","embeddable":true,"href":"https:\/\/runtzcartsdisposables.com\/es\/wp-json\/wp\/v2\/product_cat?post=267"},{"taxonomy":"product_tag","embeddable":true,"href":"https:\/\/runtzcartsdisposables.com\/es\/wp-json\/wp\/v2\/product_tag?post=267"}],"curies":[{"name":"wp","href":"https:\/\/api.w.org\/{rel}","templated":true}]}}