{"id":273,"date":"2023-01-12T15:37:01","date_gmt":"2023-01-12T15:37:01","guid":{"rendered":"https:\/\/runtzcartsdisposables.com\/?post_type=product&#038;p=273"},"modified":"2024-11-25T20:12:52","modified_gmt":"2024-11-25T20:12:52","slug":"hawaiischer-schnee","status":"publish","type":"product","link":"https:\/\/runtzcartsdisposables.com\/es\/product\/hawaiischer-schnee\/","title":{"rendered":"Hawaiischer Schnee"},"content":{"rendered":"<h1>Comprar nieve hawaiana en l\u00ednea en Portugal Ordenar nieve hawaiana en l\u00ednea Reino Unido<\/h1>\n<p>Compre Hawaiian Snow en l\u00ednea en Portugal Pida Hawaiian Snow en l\u00ednea en el Reino Unido. Hawaiian Snow, ganadora de la Cannabis Cup en 2003, es un tr\u00edo de gen\u00e9tica Haze que incluye Neville's Haze, <a href=\"https:\/\/essencevegas.com\/kb\/cannabis-strains\/vt-pure-haze\/\" target=\"_blank\" rel=\"noopener\">Pure Haze<\/a> und <a href=\"https:\/\/runtzcartsdisposables.com\/index.php\/product\/hawaiianischer-dunst\/\">Hawaiian Haze<\/a> en un superior <a href=\"https:\/\/runtzcartsdisposables.com\/index.php\/product-category\/blumen\/sativa-sorte\/\">Sativa<\/a>l\u00ednea unida. Tiene todas las caracter\u00edsticas que cabr\u00eda esperar de su linaje gen\u00e9tico: una estructura alta y el\u00e1stica, un tiempo de floraci\u00f3n lento (hasta 14 semanas), un intenso aroma especiado a incienso con notas c\u00edtricas y de eucalipto, y generosas cantidades de THC. Lo que realmente distingue a la Hawaiian Snow es su subid\u00f3n, un dolor de cabeza muy estimulante, perfecto para la interacci\u00f3n social y actividades creativas. Hawaiian Snow es conocido por dejar a los usuarios con un abrumador ataque de risa. Compre tabletas de diazepam de 10 mg en l\u00ednea.<\/p>\n<h2>Comprar nieve hawaiana en l\u00ednea en Portugal Ordenar nieve hawaiana en l\u00ednea<\/h2>","protected":false},"excerpt":{"rendered":"<h3 style=\"text-align: center;\">Hawaiischer Schnee<\/h3>\n<hr \/>\n<p>Ganador de la Cannabis Cup 2003, Hawaiian Snow es un tr\u00edo de gen\u00e9tica Haze que combina Neville's Haze, Pure Haze y Hawaiian Haze en una l\u00ednea sativa superior.<\/p>","protected":false},"featured_media":275,"comment_status":"open","ping_status":"closed","template":"","meta":{"_monsterinsights_skip_tracking":false,"_monsterinsights_sitenote_active":false,"_monsterinsights_sitenote_note":"","_monsterinsights_sitenote_category":0},"product_cat":[126,127],"product_tag":[148,149,150,151,152],"_links":{"self":[{"href":"https:\/\/runtzcartsdisposables.com\/es\/wp-json\/wp\/v2\/product\/273"}],"collection":[{"href":"https:\/\/runtzcartsdisposables.com\/es\/wp-json\/wp\/v2\/product"}],"about":[{"href":"https:\/\/runtzcartsdisposables.com\/es\/wp-json\/wp\/v2\/types\/product"}],"replies":[{"embeddable":true,"href":"https:\/\/runtzcartsdisposables.com\/es\/wp-json\/wp\/v2\/comments?post=273"}],"wp:featuredmedia":[{"embeddable":true,"href":"https:\/\/runtzcartsdisposables.com\/es\/wp-json\/wp\/v2\/media\/275"}],"wp:attachment":[{"href":"https:\/\/runtzcartsdisposables.com\/es\/wp-json\/wp\/v2\/media?parent=273"}],"wp:term":[{"taxonomy":"product_cat","embeddable":true,"href":"https:\/\/runtzcartsdisposables.com\/es\/wp-json\/wp\/v2\/product_cat?post=273"},{"taxonomy":"product_tag","embeddable":true,"href":"https:\/\/runtzcartsdisposables.com\/es\/wp-json\/wp\/v2\/product_tag?post=273"}],"curies":[{"name":"wp","href":"https:\/\/api.w.org\/{rel}","templated":true}]}}