{"id":287,"date":"2023-01-12T15:55:04","date_gmt":"2023-01-12T15:55:04","guid":{"rendered":"https:\/\/runtzcartsdisposables.com\/?post_type=product&#038;p=287"},"modified":"2024-11-25T20:12:49","modified_gmt":"2024-11-25T20:12:49","slug":"jack-herer","status":"publish","type":"product","link":"https:\/\/runtzcartsdisposables.com\/es\/product\/jack-herer\/","title":{"rendered":"Jack Herer"},"content":{"rendered":"<h1>Jack Herer online in Europa kaufen<\/h1>\n<p>Compre Jack Herer en l\u00ednea en Europa. Jack Herer es una variedad de cannabis con dominancia sativa que se ha vuelto tan conocida como su hom\u00f3nimo, el activista de la marihuana y autor de The <a href=\"https:\/\/en.wikipedia.org\/wiki\/The_Emperor_Wears_No_Clothes\" target=\"_blank\" rel=\"noopener\">Emperor Wears No Clothes<\/a>. Al combinar uno <a href=\"https:\/\/www.leafly.com\/strains\/haze\" target=\"_blank\" rel=\"noopener\">Haze-Hybriden<\/a> mit einer <a href=\"https:\/\/www.ilovegrowingmarijuana.com\/strains\/northern-lights-no-5\/\" target=\"_blank\" rel=\"noopener\">Northern Lights #5<\/a> und einer <a href=\"https:\/\/www.wikileaf.com\/strain\/shiva-skunk\/\" target=\"_blank\" rel=\"noopener\">Shiva Skunk<\/a>-Kreuzung schuf Sensi Seeds Jack Herer in der Hoffnung, sowohl ein zerebrales Hochgef\u00fchl als auch eine starke Harzproduktion zu erreichen. Ihr reicher genetischer Hintergrund f\u00fchrt zu verschiedenen Variationen von Jack-Herer, wobei jeder Ph\u00e4notyp seine eigenen einzigartigen Eigenschaften und Wirkungen hat. Die Konsumenten beschreiben diesen 55%igen Sativa-Hybriden jedoch in der Regel als gl\u00fcckselig, klar im Kopf und kreativ. Hochwertiges Weed online in Europa kaufen<\/p>\n<p>Jack Herer wurde Mitte der 1990er Jahre in den Niederlanden entwickelt, wo sie sp\u00e4ter von niederl\u00e4ndischen Apotheken als anerkannte medizinische Sorte vertrieben wurde. Seitdem hat diese w\u00fcrzige, nach Kiefer duftende Sorte zahlreiche Auszeichnungen f\u00fcr ihre Qualit\u00e4t und Potenz erhalten. Viele Z\u00fcchter haben versucht, diese Hauptsorte in sonnigen oder mediterranen Klimazonen selbst zu z\u00fcchten. Indoor-Z\u00fcchter sollten 50 bis 70 Tage warten, bis Jack-Herer bl\u00fcht. Candy Jack kaufen<\/p>\n<p>&nbsp;<\/p>\n<p>La variedad Jack Herer es una de las m\u00e1s conocidas en Norteam\u00e9rica. ElsativaObtuvo su nombre de Jack Herer, el autor de El emperador no lleva ropa. As\u00ed que se comprom\u00e9tase con la difusi\u00f3n de informaci\u00f3n pro-cannabis bien conocida. Debe considerarse entre los precursores de la legalizaci\u00f3n. Comparar Mango Haze <a href=\"https:\/\/www.wikileaf.com\/strain\/shiva-skunk\/\" target=\"_blank\" rel=\"noopener\">Sativa<\/a> erhielt ihren Namen von Jack-Herer, dem Autor von &#8222;Der Kaiser tr\u00e4gt keine Kleider&#8220;. Sein Engagement f\u00fcr die Verbreitung von Pro-Cannabis-Informationen ist weithin bekannt. Er gilt als einer der Vorv\u00e4ter der Legalisierung. Mango Haze kaufen<\/p>\n<p>Gracias a Sensi Seeds, la leyenda de Jack Herer sigue viva en los hogares de millones de personas. comprar gato<\/p>\n<p>Frosties Cookies descendencia de Northern Lights #5 y Shiva Skunk. Comprar auroras boreales<\/p>\n<p>&nbsp;<\/p>\n<p>estetica<\/p>\n<p>La mayor\u00eda conoce a Jack Herer por su impacto, pero su apariencia no es diferente. Sus densos cogollos est\u00e1n repletos de tricomas, lo que la convierte en una planta pegajosa. Recomendamos usar guantes al romper o recortar. Comprar Galletas del Chapo<\/p>\n<p>Si quieres a\u00f1adir una cepa galardonada a tu repertorio, no busques m\u00e1s. La lista de trofeos de Jack Herer es impresionante. Actualmente posee 9 Cannabis Cup Championships e innumerables otros premios locales de todo el mundo. Comprar guijarros afrutados<\/p>\n<p>Con su variedad celestial de aromas y sabores c\u00edtricos, \u00bfc\u00f3mo podr\u00eda no ganar premios como este? Para colmo, fumar Jack Herer produce un regusto a pino que me recuerda a los frondosos bosques del noroeste del Pac\u00edfico. Los reci\u00e9n llegados disfrutar\u00e1n del humo suave que es f\u00e1cil para la garganta. Comprar Garrison Lane<\/p>\n<h2>Compre Jack Herer en l\u00ednea en Europa<\/h2>\n<p>Jack Here Efectos + Beneficios<\/p>\n<p>Una vez consumido, el efecto se activa de inmediato. Comienza un ligero zumbido en la cabeza, tonificando los sentidos y liberando toneladas de endorfinas. A medida que el subid\u00f3n progresa, el subid\u00f3n se mueve hacia el cuerpo. No tanto como para decapitar al usuario, pero lo suficiente para que se sienta relajado y ligero. Comprar Sour Diesel<\/p>\n<p>Los efectos creativos de Jack son insuperables. Desde el momento en que el humo toca la lengua hasta el momento en que el perfil de cannabinoides entra en el torrente sangu\u00edneo, tiene lugar un despertar art\u00edstico. Entrar en un estado de enfoque en el arte, la m\u00fasica, la escritura y otras artesan\u00edas es perfecto. La actividad cerebral incluye una sensaci\u00f3n mundana de asombro que lleva al usuario a cuestionar su existencia. comprar un pastel de cereza<\/p>\n<p>Warnung: Wenn Ihre Freunde nichts von Ihren tiefgr\u00fcndigen Gedanken \u00fcber Jack-Herer h\u00f6ren wollen, ist es an der Zeit, sich neue Freunde zu suchen! Big Mex Magic Mushroom Online USA<\/p>\n<p>Es broma pero te hace muy hablador y sociable. Esto hace que esta cepa sea una excelente compa\u00f1era para las interacciones sociales. La conversaci\u00f3n se convierte en una brisa y presentarse a nuevas personas es divertido. Comprar Galleta Super Og<\/p>\n<p>No solo las cualidades creativas y sociales hacen que esta cepa sea muy especial, sino que la euforia que induce ayuda a quienes sufren de depresi\u00f3n. Convierte la tristeza en flor, la tristeza en alegr\u00eda. Comprar Skittle de lim\u00f3n<\/p>\n<p>Es ist unn\u00f6tig zu erw\u00e4hnen, dass <a href=\"https:\/\/runtzcartsdisposables.com\/es\/product\/jack\/\">Jack Herer<\/a> eine gro\u00dfartige Wahl f\u00fcr die Medikation w\u00e4hrend des Tages ist. Ein paar Z\u00fcge und es ist ein Hintergrundrauschen, aber selbst in gr\u00f6\u00dferen Mengen erlaubt die energetisierende Wirkung den Nutzern, mit ihrem Leben weiterzumachen. Kaufen Sie Jack-Herer Online In Europa Kaufen Sie Member Berry.<\/p>","protected":false},"excerpt":{"rendered":"<h2 style=\"text-align: center;\">Jack Herer<\/h2>\n<hr \/>\n<p>Jack Herer es una variedad de cannabis con dominancia sativa que se ha vuelto tan conocida como su hom\u00f3nimo, el activista de la marihuana y autor de The Emperor Wears No Clothes.<\/p>\n<p>&nbsp;<\/p>","protected":false},"featured_media":288,"comment_status":"open","ping_status":"closed","template":"","meta":{"_monsterinsights_skip_tracking":false,"_monsterinsights_sitenote_active":false,"_monsterinsights_sitenote_note":"","_monsterinsights_sitenote_category":0},"product_cat":[126,127],"product_tag":[155,156,157,158,159],"_links":{"self":[{"href":"https:\/\/runtzcartsdisposables.com\/es\/wp-json\/wp\/v2\/product\/287"}],"collection":[{"href":"https:\/\/runtzcartsdisposables.com\/es\/wp-json\/wp\/v2\/product"}],"about":[{"href":"https:\/\/runtzcartsdisposables.com\/es\/wp-json\/wp\/v2\/types\/product"}],"replies":[{"embeddable":true,"href":"https:\/\/runtzcartsdisposables.com\/es\/wp-json\/wp\/v2\/comments?post=287"}],"wp:featuredmedia":[{"embeddable":true,"href":"https:\/\/runtzcartsdisposables.com\/es\/wp-json\/wp\/v2\/media\/288"}],"wp:attachment":[{"href":"https:\/\/runtzcartsdisposables.com\/es\/wp-json\/wp\/v2\/media?parent=287"}],"wp:term":[{"taxonomy":"product_cat","embeddable":true,"href":"https:\/\/runtzcartsdisposables.com\/es\/wp-json\/wp\/v2\/product_cat?post=287"},{"taxonomy":"product_tag","embeddable":true,"href":"https:\/\/runtzcartsdisposables.com\/es\/wp-json\/wp\/v2\/product_tag?post=287"}],"curies":[{"name":"wp","href":"https:\/\/api.w.org\/{rel}","templated":true}]}}