{"id":323,"date":"2023-01-12T18:39:19","date_gmt":"2023-01-12T18:39:19","guid":{"rendered":"https:\/\/runtzcartsdisposables.com\/?post_type=product&#038;p=323"},"modified":"2024-11-25T20:12:40","modified_gmt":"2024-11-25T20:12:40","slug":"strawberry-cough","status":"publish","type":"product","link":"https:\/\/runtzcartsdisposables.com\/es\/product\/strawberry-cough\/","title":{"rendered":"Strawberry Cough"},"content":{"rendered":"<h1>Comprar tos de fresa online<\/h1>\n<p>Comprar Strawberry Cough online. Conocida por su dulce olor a fresas frescas y una sensaci\u00f3n de propagaci\u00f3n que puede hacer toser incluso al fumador m\u00e1s experimentado, Strawberry Cough es una variedad potente con or\u00edgenes gen\u00e9ticos misteriosos. Los sabores skunk a bayas conquistar\u00e1n tus sentidos mientras<\/p>\n<p>el efecto cerebral y edificante crea un aura de euforia que seguramente te har\u00e1 sonre\u00edr. Strawberry Cough es una gran soluci\u00f3n en momentos de mayor estr\u00e9s.<\/p>\n<p>La variedad Strawberry Cough es una sativa para todos los tiempos. Ofrece todo lo que podr\u00edas desear en una variedad matutina y m\u00e1s. Comprar hierba online en Europa<\/p>\n<p>Esta sativa sensacional tiene una historia particularmente bien documentada. ella era de <a href=\"https:\/\/www.facebook.com\/KushmanVeganics\/\" target=\"_blank\" rel=\"noopener\">Kyle Kushman<\/a> desarrollado a partir del cruce de Strawberry Fields y Haze. Despu\u00e9s de perfeccionarlos, condujo desde Nueva York a Los \u00c1ngeles y distribuy\u00f3 clones siempre que pudo con la esperanza de difundir la cepa. Una vez en California, se esforz\u00f3 por aumentar la popularidad de la cepa. Galletas Chapo<\/p>\n<p>Gracias a su trabajo, Strawberry Cough ha calentado los pulmones y el coraz\u00f3n de innumerables personas en todo el mundo.<\/p>\n<p><a href=\"https:\/\/runtzcartsdisposables.com\/es\/\">Weed online kaufen in Europa<\/a><\/p>\n<h2>Comprar tos de fresa online<\/h2>\n<p>estetica<\/p>\n<p>El estatus legendario de Strawberry Cough comienza con el aroma. Un agradable ramo de fresas irrita las fosas nasales, recordando por qu\u00e9 lleva ese nombre. A medida que la fresa se lava, un toque de pimienta herbal llena los espacios. Lemon Zkittle El sabor es pr\u00e1cticamente el mismo, con un poco de picante y dulzura. Si bien uno esperar\u00eda que un cogollo que tiene tanto que ofrecer en t\u00e9rminos de sabor y aroma fuera un humo suave, desafortunadamente uno estar\u00eda equivocado. La parte de la tos del nombre es tan v\u00e1lida como la fresa. Lim\u00f3n Zkittle<\/p>\n<p>Incluso los usuarios experimentados de marihuana toser\u00e1n por el humo de la variedad. kush de fresa<\/p>\n<p>&nbsp;<\/p>\n<p>Strawberry Cough Effekte + Vorteile<\/p>\n<p>Cualquier cepa con este notable perfil de sabor ser\u00e1 un tema de conversaci\u00f3n. Pero a pesar de que el sabor rivaliza con el mejor de ellos, el subid\u00f3n es una mejor representaci\u00f3n de la cepa. brib\u00f3n. A medida que el ataque de tos disminuye y el subid\u00f3n aumenta, se abre paso un subid\u00f3n de euforia. Muchos describen el evento como esclarecedor o que aumenta la sabidur\u00eda. Strawberry Cough es una cepa que fomenta conversaciones profundas y significativas. Si Plat\u00f3n o S\u00f3crates fumaran cannabis, seguramente estar\u00edan interesados \u200b\u200ben esta variedad. S\u00faper Galleta Og<\/p>\n<p>Junto con el perspicaz tren de pensamiento hay un enfoque y una energ\u00eda como ninguna otra cosa. En unos momentos, te pone en un estado que te impulsa a perseguir metas, completar tareas y conquistar el mundo. COMPRAR CRECER (por gramo)<\/p>\n<p>Strawberry Cough es una llave para la creatividad y abre la puerta a un mundo de imaginaci\u00f3n. Ayuda a derribar las barreras que te han llevado a perseguir ideas. En cambio, las ideas fluyen a trav\u00e9s de ti. El \u00fanico problema es decidir cu\u00e1l abrazar y cu\u00e1l descartar. Tambi\u00e9n se describe como un psicod\u00e9lico suave experimentado por algunos. Bu\u00f1uelos de manzana<\/p>\n<p>Muchas de las caracter\u00edsticas que hacen de la Strawberry Cough una cepa recreativa excepcional tambi\u00e9n son beneficiosas para uso medicinal. El estr\u00e9s y la depresi\u00f3n se pueden tratar gracias a sus propiedades reparadoras. Incluso las peores tendencias bajistas se revierten en un instante. Comprar mezcla para pastel\/Minntz<\/p>\n<p>Se ha demostrado que el Trastorno por D\u00e9ficit de Atenci\u00f3n, o ADD, mejora con el uso de esta flor. Consulte a su m\u00e9dico antes de suspender cualquier medicamento. gato de caramelo<\/p>\n<p>La cepa Strawberry Cough es una cepa \u00fanica. Es perfecto para comenzar el d\u00eda y ayudarte a sobresalir donde sea que te lleve la vida. comprar pastel de cereza<\/p>\n<p>Bis zu 21-23% THC<\/p>","protected":false},"excerpt":{"rendered":"<h2 style=\"text-align: center;\"><strong>Strawberry Cough<\/strong><\/h2>\n<hr \/>\n<p style=\"text-align: center;\">\n<p>Conocida por su dulce olor a fresas frescas y una sensaci\u00f3n de propagaci\u00f3n que puede hacer toser incluso al fumador m\u00e1s experimentado, la Strawberry Cough es una variedad potente con or\u00edgenes gen\u00e9ticos misteriosos.<\/p>","protected":false},"featured_media":324,"comment_status":"open","ping_status":"closed","template":"","meta":{"_monsterinsights_skip_tracking":false,"_monsterinsights_sitenote_active":false,"_monsterinsights_sitenote_note":"","_monsterinsights_sitenote_category":0},"product_cat":[126,127],"product_tag":[],"_links":{"self":[{"href":"https:\/\/runtzcartsdisposables.com\/es\/wp-json\/wp\/v2\/product\/323"}],"collection":[{"href":"https:\/\/runtzcartsdisposables.com\/es\/wp-json\/wp\/v2\/product"}],"about":[{"href":"https:\/\/runtzcartsdisposables.com\/es\/wp-json\/wp\/v2\/types\/product"}],"replies":[{"embeddable":true,"href":"https:\/\/runtzcartsdisposables.com\/es\/wp-json\/wp\/v2\/comments?post=323"}],"wp:featuredmedia":[{"embeddable":true,"href":"https:\/\/runtzcartsdisposables.com\/es\/wp-json\/wp\/v2\/media\/324"}],"wp:attachment":[{"href":"https:\/\/runtzcartsdisposables.com\/es\/wp-json\/wp\/v2\/media?parent=323"}],"wp:term":[{"taxonomy":"product_cat","embeddable":true,"href":"https:\/\/runtzcartsdisposables.com\/es\/wp-json\/wp\/v2\/product_cat?post=323"},{"taxonomy":"product_tag","embeddable":true,"href":"https:\/\/runtzcartsdisposables.com\/es\/wp-json\/wp\/v2\/product_tag?post=323"}],"curies":[{"name":"wp","href":"https:\/\/api.w.org\/{rel}","templated":true}]}}