{"id":329,"date":"2023-01-12T18:47:40","date_gmt":"2023-01-12T18:47:40","guid":{"rendered":"https:\/\/runtzcartsdisposables.com\/?post_type=product&#038;p=329"},"modified":"2024-11-25T20:12:38","modified_gmt":"2024-11-25T20:12:38","slug":"super-lemon-haze","status":"publish","type":"product","link":"https:\/\/runtzcartsdisposables.com\/es\/product\/super-lemon-haze\/","title":{"rendered":"Super Lemon Haze"},"content":{"rendered":"<h1>Comprar Super Lemon Haze online en Alemania<\/h1>\n<p>Compre Super Lemon Haze en l\u00ednea en Alemania. Un h\u00edbrido sativa dominante de <a href=\"https:\/\/www.wikileaf.com\/strain\/lemon-skunk\/\" target=\"_blank\" rel=\"noopener\">Lemon Skunk<\/a> und <a href=\"https:\/\/weedmaps.com\/strains\/super-silver-haze\" target=\"_blank\" rel=\"noopener\">Super Silver Haze<\/a> y dos veces ganador de la Cannabis Cup de Green House Seeds. La Super Lemon Haze es una maravilla multicolor con infusi\u00f3n de kief. Como sugiere su nombre, esta variedad tiene caracter\u00edsticas realmente alimonadas. El olor es picante, c\u00edtrico y un poco dulce. En cuanto al sabor, es lo que esperar\u00edas de su hom\u00f3nimo: agrio y dulce como el caramelo Lemonheads, no tan picante como cabr\u00eda esperar. El efecto es excepcionalmente en\u00e9rgico y vibrante, y puede que no sea la mejor cepa para aquellos de nosotros que somos muy tensos por naturaleza. Compra online marihuana de primera calidad en los Pa\u00edses Bajos<\/p>\n<p>Super Lemon Haze fue desarrollada por la gen\u00e9tica ETHOS. En 2008 recibieron semillas en Holanda directamente de los criadores de Greenhouse Seed, este proyecto lleva 10 a\u00f1os activo. Despu\u00e9s de que les dijeron que el cruce real es Jack x Lemon Skunk, no Super Silver Haze, comenzaron con un macho de Jack Herer en Lemon Man's, Lemon Skunk. Despu\u00e9s de la primera ronda, se dieron cuenta de que estos eran los padres. Una vez que tuvieron al macho, lo aparearon con nuestro corte SLH favorito y comenz\u00f3 el proceso. La Jack domina muchas de las expresiones, adem\u00e1s de un tiempo de floraci\u00f3n m\u00e1s r\u00e1pido y un efecto sativa m\u00e1s relajado. comprar pastel de bayas<\/p>\n<p>Perfil de cannabinoides y terpenos: el <a href=\"https:\/\/runtzcartsdisposables.com\/es\/\">THC<\/a>-El contenido de Super Lemon Haze es relativamente alto, del 25 %. Otros cannabinoides son CBN (0 % a 0,02 %), CBG (0,8 % a 1,7 %), THCV (0,1 % a 0,3 %), CBC (0 % a 0,1 %) y CBD (1 % a 2 %), Su Alteza .<\/p>\n<h2>Comprar Super Lemon Haze online en Alemania<\/h2>\n<p>Super Lemon Haze contiene altos niveles de terpinoleno, mirceno, nerolidol y limoneno. Tambi\u00e9n tiene cariofileno, linalool, humuleno, eucaliptol, terpineno, pineno y cuidado. Comprar galletas dulces de t\u00e9<\/p>\n<p>Sabores\/Aroma: Super Lemon Haze tiene un aroma terroso con toques de c\u00edtricos, lim\u00f3n y especias. El sabor es una combinaci\u00f3n de dulce, \u00e1cido y picante. Puede degustar toques de caramelo dulce, lim\u00f3n agrio y c\u00edtricos picantes. comprar gato<\/p>\n<p>Efectos: como variedad predominantemente sativa, puedes esperar un fuerte efecto euf\u00f3rico. Al principio sentir\u00e1s un subid\u00f3n agradable y suave en la cabeza, que se extender\u00e1 lentamente a tu cuerpo, dej\u00e1ndote relajado pero lleno de energ\u00eda. Comprar Strawberry Kush<\/p>\n<p>Tambi\u00e9n sentir\u00e1s una mejora en tu estado de \u00e1nimo. Te sentir\u00e1s m\u00e1s feliz, m\u00e1s vivo y m\u00e1s sociable, lo que la convierte en una buena variedad para las reuniones sociales. Tambi\u00e9n te sentir\u00e1s m\u00e1s creativo y productivo. Comprar Hongos M\u00e1gicos Cubanos online.<\/p>\n<p>Condiciones medicinales: Super Lemon Haze es perfecta para usar durante el d\u00eda. Compra surtidores. El dulce sabor a lim\u00f3n estimula tus sentidos mientras que su efecto te energiza y te anima. Super Lemon Haze es ideal para personas a las que les resulta dif\u00edcil concentrarse en sus tareas diarias, ya que aumenta su concentraci\u00f3n y creatividad. Comprar Galleta Super Og<\/p>\n<p>La Super Lemon Haze tiene potentes efectos analg\u00e9sicos y antiinflamatorios, lo que la convierte en la opci\u00f3n perfecta para quienes padecen dolor cr\u00f3nico, fatiga e inflamaci\u00f3n. Puede ayudar a aliviar los s\u00edntomas de la artritis, los dolores de cabeza, el dolor cr\u00f3nico, la fibromialgia y las migra\u00f1as. comprar mermelada de uva<\/p>\n<p>Esta variedad tambi\u00e9n mejora el estado de \u00e1nimo y puede ayudar a estabilizar los pensamientos y estados de \u00e1nimo negativos relacionados con la depresi\u00f3n y la ansiedad. El uso de Super Lemon Haze tambi\u00e9n disminuye las n\u00e1useas y los v\u00f3mitos y puede ayudar a mejorar la p\u00e9rdida de apetito.<\/p>","protected":false},"excerpt":{"rendered":"<p>Un h\u00edbrido sativa dominante de Lemon Skunk y Super Silver Haze y dos veces ganador de la Cannabis Cup de Green House Seeds. La Super Lemon Haze es una maravilla multicolor empapada en kief. Como sugiere su nombre, esta variedad tiene caracter\u00edsticas realmente alimonadas.<\/p>\n<p>&nbsp;<\/p>","protected":false},"featured_media":330,"comment_status":"open","ping_status":"closed","template":"","meta":{"_monsterinsights_skip_tracking":false,"_monsterinsights_sitenote_active":false,"_monsterinsights_sitenote_note":"","_monsterinsights_sitenote_category":0},"product_cat":[126,127],"product_tag":[178,179,180,181],"_links":{"self":[{"href":"https:\/\/runtzcartsdisposables.com\/es\/wp-json\/wp\/v2\/product\/329"}],"collection":[{"href":"https:\/\/runtzcartsdisposables.com\/es\/wp-json\/wp\/v2\/product"}],"about":[{"href":"https:\/\/runtzcartsdisposables.com\/es\/wp-json\/wp\/v2\/types\/product"}],"replies":[{"embeddable":true,"href":"https:\/\/runtzcartsdisposables.com\/es\/wp-json\/wp\/v2\/comments?post=329"}],"wp:featuredmedia":[{"embeddable":true,"href":"https:\/\/runtzcartsdisposables.com\/es\/wp-json\/wp\/v2\/media\/330"}],"wp:attachment":[{"href":"https:\/\/runtzcartsdisposables.com\/es\/wp-json\/wp\/v2\/media?parent=329"}],"wp:term":[{"taxonomy":"product_cat","embeddable":true,"href":"https:\/\/runtzcartsdisposables.com\/es\/wp-json\/wp\/v2\/product_cat?post=329"},{"taxonomy":"product_tag","embeddable":true,"href":"https:\/\/runtzcartsdisposables.com\/es\/wp-json\/wp\/v2\/product_tag?post=329"}],"curies":[{"name":"wp","href":"https:\/\/api.w.org\/{rel}","templated":true}]}}