{"id":371,"date":"2023-01-13T05:37:32","date_gmt":"2023-01-13T05:37:32","guid":{"rendered":"https:\/\/runtzcartsdisposables.com\/?post_type=product&#038;p=371"},"modified":"2024-11-25T20:12:27","modified_gmt":"2024-11-25T20:12:27","slug":"blaue-mystikerin","status":"publish","type":"product","link":"https:\/\/runtzcartsdisposables.com\/es\/product\/blaue-mystikerin\/","title":{"rendered":"Blaue Mystikerin"},"content":{"rendered":"<h2>Comprar Blue Mystic en Conconully<\/h2>\n<p>Kaufen Sie Blue Mystic in Conconully. bestellen Sie Blue Mystic in Conconully. Blue Mystic ist so geheimnisvoll wie ihr Name schon sagt, mit unbekannter Genetik, die definitiv etwas Blueberry und m\u00f6glicherweise etwas Skunk oder Northern Lights enth\u00e4lt. Diese Pflanzen bl\u00fchen zwischen 7 und 9 <a href=\"https:\/\/hhcgraskaufen\">Wochen<\/a>, mit einer hellblauen F\u00e4rbung, die die trichome.buy Strawnana<\/p>\n<p>los cogollos cubiertos se ven casi grises. Tiene el inconfundible aroma a Blueberry, pero es bastante sutil en comparaci\u00f3n con otras cepas, lo que la convierte en una buena opci\u00f3n para el cultivador o el paciente que necesita discreci\u00f3n.comprar<a href=\"https:\/\/runtzcartsdisposables.com\/es\/\"> Sweet Tea Cookies<\/a><\/p>\n<h3>Comprar Blue Mystic en Conconully<\/h3>","protected":false},"excerpt":{"rendered":"<p>La Blue Mystic es tan misteriosa como sugiere su nombre, con una gen\u00e9tica desconocida que definitivamente contiene algo de Blueberry y posiblemente algo de Skunk o Northern Lights.<\/p>","protected":false},"featured_media":372,"comment_status":"open","ping_status":"closed","template":"","meta":{"_monsterinsights_skip_tracking":false,"_monsterinsights_sitenote_active":false,"_monsterinsights_sitenote_note":"","_monsterinsights_sitenote_category":0},"product_cat":[126,195],"product_tag":[202,203,204],"_links":{"self":[{"href":"https:\/\/runtzcartsdisposables.com\/es\/wp-json\/wp\/v2\/product\/371"}],"collection":[{"href":"https:\/\/runtzcartsdisposables.com\/es\/wp-json\/wp\/v2\/product"}],"about":[{"href":"https:\/\/runtzcartsdisposables.com\/es\/wp-json\/wp\/v2\/types\/product"}],"replies":[{"embeddable":true,"href":"https:\/\/runtzcartsdisposables.com\/es\/wp-json\/wp\/v2\/comments?post=371"}],"wp:featuredmedia":[{"embeddable":true,"href":"https:\/\/runtzcartsdisposables.com\/es\/wp-json\/wp\/v2\/media\/372"}],"wp:attachment":[{"href":"https:\/\/runtzcartsdisposables.com\/es\/wp-json\/wp\/v2\/media?parent=371"}],"wp:term":[{"taxonomy":"product_cat","embeddable":true,"href":"https:\/\/runtzcartsdisposables.com\/es\/wp-json\/wp\/v2\/product_cat?post=371"},{"taxonomy":"product_tag","embeddable":true,"href":"https:\/\/runtzcartsdisposables.com\/es\/wp-json\/wp\/v2\/product_tag?post=371"}],"curies":[{"name":"wp","href":"https:\/\/api.w.org\/{rel}","templated":true}]}}