{"id":414,"date":"2023-01-13T06:14:43","date_gmt":"2023-01-13T06:14:43","guid":{"rendered":"https:\/\/runtzcartsdisposables.com\/?post_type=product&#038;p=414"},"modified":"2024-11-25T20:12:17","modified_gmt":"2024-11-25T20:12:17","slug":"granddaddy-purple","status":"publish","type":"product","link":"https:\/\/runtzcartsdisposables.com\/es\/product\/granddaddy-purple\/","title":{"rendered":"Granddaddy Purple"},"content":{"rendered":"<h1>Comprar Abuelo P\u00farpura online<\/h1>\n<p>Comprar Granddaddy Purple online. Ordene Granddaddy Purple en l\u00ednea. Presentado por Ken Estes en 2003, Granddaddy Purple (o GDP) es famoso <a href=\"https:\/\/runtzcartsdisposables.com\/index.php\/product-category\/blumen\/indica-sorten\/\">Indica-Kreuzung<\/a> fuera de <a href=\"https:\/\/weedmaps.com\/strains\/purple-urkle\" target=\"_blank\" rel=\"noopener\">Purple Urkle<\/a> und<a href=\"https:\/\/www.leafly.com\/strains\/big-bud\" target=\"_blank\" rel=\"noopener\"> Big Bud<\/a>. Este alimento b\u00e1sico de California hereda un complejo aroma a uva y bayas de su padre Purple Urkle, mientras que Big Bud transmite su estructura de cogollos compactos y de gran tama\u00f1o. Las flores de GDP florecen en profundos tonos de p\u00farpura, un fondo que contrasta con la capa de resina cristalina blanca como la nieve.<\/p>\n<p>Sus potentes efectos se pueden sentir tanto en la mente como en el cuerpo, brindando una fusi\u00f3n de euforia cerebral y relajaci\u00f3n f\u00edsica. Si bien tu mente puede estar flotando en un subid\u00f3n de ensue\u00f1o, tu cuerpo es m\u00e1s capaz de permanecer en un lugar durante la duraci\u00f3n de los efectos del PIB. http:\/\/White Rhino( Granddaddy Purple generalmente se ha retirado del estante para los consumidores que buscan combatir el dolor, el estr\u00e9s, el insomnio, la falta de apetito y los espasmos musculares. GDP bendice a los productores con rendimientos masivos, listos para cosechar despu\u00e9s de un per\u00edodo de floraci\u00f3n de 60 d\u00edas en el interior comprar zombie kush<\/p>\n<h2>Comprar Abuelo P\u00farpura online<\/h2>\n<p>Comprar Granddaddy Purple online. Ordene granddaddy purple en l\u00ednea. Grand Daddy Purple es una variedad \u00edndica dominante y es un cruce entre Big Bud y Purple Urkle. Esta mezcla explica por qu\u00e9 tiene un aroma complejo a bayas y uvas, mientras que sus cogollos son de gran tama\u00f1o con una estructura de cogollos compactos. Los cogollos son incre\u00edblemente densos y esponjosos con tonos de color p\u00farpura intenso que se extienden a trav\u00e9s de los cogollos. Adem\u00e1s, los cogollos est\u00e1n cubiertos de pelos anaranjados que contrastan bien con los cogollos cubiertos de resina. Lo que realmente distingue a esta cepa del resto es que se identifica f\u00e1cilmente solo por su sabor. Su sabor permanece m\u00e1s tiempo en la lengua, ayud\u00e1ndote a sentirte relajado. comprar BlackBerry kush La variedad tiene un gran impacto y sus efectos psicoactivos se pueden sentir tanto en el cuerpo como en la mente. Consigue inducir una abrumadora sensaci\u00f3n de relajaci\u00f3n f\u00edsica y euforia cerebral. comprar Bubblegum Kush. Te encontrar\u00e1s fijo en un lugar mientras tu mente se sumerge en un frenes\u00ed de ensue\u00f1o mientras duren los efectos de Grand Daddy Purple. Como cualquier otra cepa \u00edndica dominante, se utiliza principalmente con fines medicinales. La cepa es muy eficaz para los pacientes que sufren de p\u00e9rdida de apetito, dolor, insomnio, espasmos musculares y estr\u00e9s. para proporcionar una abrumadora sensaci\u00f3n de relajaci\u00f3n f\u00edsica y euforia cerebral. comprar Bubblegum Kush. Te encontrar\u00e1s fijo en un lugar mientras tu mente se sumerge en un frenes\u00ed de ensue\u00f1o mientras duren los efectos de Grand Daddy Purple. Como cualquier otra cepa \u00edndica dominante, se utiliza principalmente con fines medicinales. La cepa es muy eficaz para los pacientes que sufren de p\u00e9rdida de apetito, dolor, insomnio, espasmos musculares y estr\u00e9s. para proporcionar una abrumadora sensaci\u00f3n de relajaci\u00f3n f\u00edsica y euforia cerebral. comprar Bubblegum Kush. Te encontrar\u00e1s fijo en un lugar mientras tu mente se sumerge en un frenes\u00ed de ensue\u00f1o mientras duren los efectos de Grand Daddy Purple. Como cualquier otra cepa \u00edndica dominante, se utiliza principalmente con fines medicinales. La cepa es muy eficaz para los pacientes que sufren de p\u00e9rdida de apetito, dolor, insomnio, espasmos musculares y estr\u00e9s.<a href=\"https:\/\/runtzcartsdisposables.com\/es\/\">buy weed online Europe<\/a><\/p>","protected":false},"excerpt":{"rendered":"<h4 style=\"text-align: center;\">Granddaddy Purple<\/h4>\n<hr \/>\n<p>Grand Daddy Purple es una variedad de dominancia \u00edndica y un cruce entre Big Bud y Purple Urkle. Esta mezcla explica por qu\u00e9 tiene un aroma complejo a bayas y uvas, mientras que sus cogollos son de gran tama\u00f1o con una estructura de cogollos compactos.<\/p>\n<p>&nbsp;<\/p>","protected":false},"featured_media":415,"comment_status":"open","ping_status":"closed","template":"","meta":{"_monsterinsights_skip_tracking":false,"_monsterinsights_sitenote_active":false,"_monsterinsights_sitenote_note":"","_monsterinsights_sitenote_category":0},"product_cat":[195,126],"product_tag":[],"_links":{"self":[{"href":"https:\/\/runtzcartsdisposables.com\/es\/wp-json\/wp\/v2\/product\/414"}],"collection":[{"href":"https:\/\/runtzcartsdisposables.com\/es\/wp-json\/wp\/v2\/product"}],"about":[{"href":"https:\/\/runtzcartsdisposables.com\/es\/wp-json\/wp\/v2\/types\/product"}],"replies":[{"embeddable":true,"href":"https:\/\/runtzcartsdisposables.com\/es\/wp-json\/wp\/v2\/comments?post=414"}],"wp:featuredmedia":[{"embeddable":true,"href":"https:\/\/runtzcartsdisposables.com\/es\/wp-json\/wp\/v2\/media\/415"}],"wp:attachment":[{"href":"https:\/\/runtzcartsdisposables.com\/es\/wp-json\/wp\/v2\/media?parent=414"}],"wp:term":[{"taxonomy":"product_cat","embeddable":true,"href":"https:\/\/runtzcartsdisposables.com\/es\/wp-json\/wp\/v2\/product_cat?post=414"},{"taxonomy":"product_tag","embeddable":true,"href":"https:\/\/runtzcartsdisposables.com\/es\/wp-json\/wp\/v2\/product_tag?post=414"}],"curies":[{"name":"wp","href":"https:\/\/api.w.org\/{rel}","templated":true}]}}