{"id":420,"date":"2023-01-13T06:20:37","date_gmt":"2023-01-13T06:20:37","guid":{"rendered":"https:\/\/runtzcartsdisposables.com\/?post_type=product&#038;p=420"},"modified":"2024-11-25T20:12:15","modified_gmt":"2024-11-25T20:12:15","slug":"grape-ape","status":"publish","type":"product","link":"https:\/\/runtzcartsdisposables.com\/es\/product\/grape-ape\/","title":{"rendered":"Grape Ape"},"content":{"rendered":"<h1>Comprar Grape Ape online<\/h1>\n<p>Comprar Grape Ape online. Ordene Grape Ape en l\u00ednea. Grape Ape criado por <a href=\"https:\/\/www.apothecarygenetics.com\/\" target=\"_blank\" rel=\"noopener\">Apothecary Genetics<\/a> y Barney's Farm, es una variedad predominantemente \u00edndica que <a href=\"https:\/\/www.newsweed.fr\/varietes\/mendocino-purps\/\" target=\"_blank\" rel=\"noopener\">Mendocino Purps<\/a>, cruces Skunk y Afghani. Nombrado por su distintivo olor a uva, este es <a href=\"https:\/\/runtzcartsdisposables.com\/index.php\/product-category\/blumen\/indica-sorten\/\">Indica<\/a> Conocido por proporcionar una relajaci\u00f3n alegre que puede aliviar el dolor, el estr\u00e9s y la ansiedad. Sus cogollos densos y compactos est\u00e1n rodeados de hojas de color p\u00farpura oscuro que se oscurecen a medida que esta \u00edndica alcanza la madurez completa despu\u00e9s de su per\u00edodo de floraci\u00f3n de 7-8 semanas.<\/p>","protected":false},"excerpt":{"rendered":"<h3 style=\"text-align: center;\">Grape Ape<\/h3>\n<hr \/>\n<p>Grape Ape se caracteriza por colores llamativos y aromas de m\u00faltiples capas: esta es una cepa con m\u00e1s \"atractivo de bolsa\" que la mayor\u00eda. Los cogollos son grandes y tienen una estructura de cogollos densos con hojas muy rizadas.<\/p>","protected":false},"featured_media":421,"comment_status":"open","ping_status":"closed","template":"","meta":{"_monsterinsights_skip_tracking":false,"_monsterinsights_sitenote_active":false,"_monsterinsights_sitenote_note":"","_monsterinsights_sitenote_category":0},"product_cat":[126,195],"product_tag":[221,222,223],"_links":{"self":[{"href":"https:\/\/runtzcartsdisposables.com\/es\/wp-json\/wp\/v2\/product\/420"}],"collection":[{"href":"https:\/\/runtzcartsdisposables.com\/es\/wp-json\/wp\/v2\/product"}],"about":[{"href":"https:\/\/runtzcartsdisposables.com\/es\/wp-json\/wp\/v2\/types\/product"}],"replies":[{"embeddable":true,"href":"https:\/\/runtzcartsdisposables.com\/es\/wp-json\/wp\/v2\/comments?post=420"}],"wp:featuredmedia":[{"embeddable":true,"href":"https:\/\/runtzcartsdisposables.com\/es\/wp-json\/wp\/v2\/media\/421"}],"wp:attachment":[{"href":"https:\/\/runtzcartsdisposables.com\/es\/wp-json\/wp\/v2\/media?parent=420"}],"wp:term":[{"taxonomy":"product_cat","embeddable":true,"href":"https:\/\/runtzcartsdisposables.com\/es\/wp-json\/wp\/v2\/product_cat?post=420"},{"taxonomy":"product_tag","embeddable":true,"href":"https:\/\/runtzcartsdisposables.com\/es\/wp-json\/wp\/v2\/product_tag?post=420"}],"curies":[{"name":"wp","href":"https:\/\/api.w.org\/{rel}","templated":true}]}}