{"id":426,"date":"2023-01-13T06:26:10","date_gmt":"2023-01-13T06:26:10","guid":{"rendered":"https:\/\/runtzcartsdisposables.com\/?post_type=product&#038;p=426"},"modified":"2024-11-25T20:12:13","modified_gmt":"2024-11-25T20:12:13","slug":"hindu-kush","status":"publish","type":"product","link":"https:\/\/runtzcartsdisposables.com\/es\/product\/hindu-kush\/","title":{"rendered":"Hindu kush"},"content":{"rendered":"<h1>Comprar Hindu Kush en San Jos\u00e9<\/h1>\n<p>Compra Hindu Kush en San Jos\u00e9. Pide Hindu Kush en San Jos\u00e9. Esta cepa mayormente \u00edndica es una mezcla de cepas Afghani y Blackberry y tiene hermosos cogollos de color p\u00farpura oscuro con pelos anaranjados. Las plantas florecen en 7-8 semanas y no son particularmente productivas, pero las pepitas densas y duras tienen cristales por todas partes. Blackberry Kush tiende a tener un olor a hach\u00eds y un sabor equilibrado con bayas dulces. La Blackberry Kush suele recomendarse para tratar el dolor debido a sus potentes efectos f\u00edsicos. comprar pastel de cereza<\/p>\n<h2>Comprar Hindu Kush en San Jos\u00e9<\/h2>\n<p>Hindu Kush ist ein echter Favorit unter den Marihuana-Konsumenten auf der ganzen Welt, so beliebt, dass diese Sorte sogar in dem Spiel Hempire auftaucht. Die Hindu-Kush. Diese erstaunliche Haschischpflanze ist mit Trichomen bedeckt. Die Hindu-Kush ist eine reine Indica, die einen klassischen Heavy-Body-Effekt hat, Schmerzen lindert und Muskelverspannungen l\u00f6st. Cake Mix\/<a href=\"https:\/\/runtzcartsdisposables.com\/es\/product\/kush-mint\/\">Mintz kaufen<\/a><\/p>\n<p>Resultados probados en el laboratorio:<br \/>\nTHC: 22%<\/p>\n<p>CBD: 0,1%<\/p>\n<p>Hindu-Kush ist eine reine Indica-Sorte, die in der Hindukusch-Bergkette beheimatet ist, die sich \u00fcber 500 Meilen zwischen Pakistan und Afghanistan erstreckt. Der <a href=\"https:\/\/hhcvapekaufen.com\/\" target=\"_blank\" rel=\"noopener\">THC<\/a>-Gehalt dieser starken Indica schwankt zwischen 14% und 20%. Hindu-Kush hat sich zu einer robusten, harzigen Pflanze entwickelt, um im rauen Hindu-Gebirge zu \u00fcberleben. Das macht sie einfach zu kultivieren und zu einer gro\u00dfartigen Sorte f\u00fcr die Produktion von Haschisch. Hindu Kush hat ein s\u00fc\u00dfes, erdiges Aroma und eignet sich hervorragend zur Schmerzlinderung und Schlaflosigkeit. Hindu-Kush Zum Verkauf Online.buy CANNABIS INFUSED PEPPERMINT BROWNIE<\/p>\n<p>El duro clima de su tierra natal ha llevado a esta cepa a desarrollar una gruesa capa protectora de tricomas cristalinos apreciados por los productores de hach\u00eds de todo el mundo. Con un sutil aroma a s\u00e1ndalo dulce y terroso, Hindu Kush induce una profunda sensaci\u00f3n de calma que ayuda a aliviar a quienes experimentan dolor, n\u00e1useas y trastornos relacionados con el estr\u00e9s.<\/p>\n<p>Hindu-Kush Online kaufen, ein echter Favorit unter den Marihuana-Konsumenten auf der ganzen Welt, so beliebt, dass diese Sorte sogar in dem Spiel Hempire auftaucht. XXX Og kaufenDiese erstaunliche Haschischpflanze ist mit Trichomen bedeckt. Hindu-Kush ist eine reine Indica, die einen klassischen Heavy-Body-Effekt bietet, w\u00e4hrend sie Schmerzen ausschaltet und Muskelverspannungen lindert.<\/p>","protected":false},"excerpt":{"rendered":"<h3 style=\"text-align: center;\">Hindu kush<\/h3>\n<hr \/>\n<p>Esta cepa predominantemente \u00edndica es una mezcla de cepas Afghani y Blackberry y tiene hermosos cogollos de color p\u00farpura oscuro con pelos anaranjados. Las plantas florecen en 7-8 semanas y no son particularmente productivas, pero los cogollos densos y duros tienen cristales por todas partes.<\/p>","protected":false},"featured_media":428,"comment_status":"open","ping_status":"closed","template":"","meta":{"_monsterinsights_skip_tracking":false,"_monsterinsights_sitenote_active":false,"_monsterinsights_sitenote_note":"","_monsterinsights_sitenote_category":0},"product_cat":[126,195],"product_tag":[225,226,224],"_links":{"self":[{"href":"https:\/\/runtzcartsdisposables.com\/es\/wp-json\/wp\/v2\/product\/426"}],"collection":[{"href":"https:\/\/runtzcartsdisposables.com\/es\/wp-json\/wp\/v2\/product"}],"about":[{"href":"https:\/\/runtzcartsdisposables.com\/es\/wp-json\/wp\/v2\/types\/product"}],"replies":[{"embeddable":true,"href":"https:\/\/runtzcartsdisposables.com\/es\/wp-json\/wp\/v2\/comments?post=426"}],"wp:featuredmedia":[{"embeddable":true,"href":"https:\/\/runtzcartsdisposables.com\/es\/wp-json\/wp\/v2\/media\/428"}],"wp:attachment":[{"href":"https:\/\/runtzcartsdisposables.com\/es\/wp-json\/wp\/v2\/media?parent=426"}],"wp:term":[{"taxonomy":"product_cat","embeddable":true,"href":"https:\/\/runtzcartsdisposables.com\/es\/wp-json\/wp\/v2\/product_cat?post=426"},{"taxonomy":"product_tag","embeddable":true,"href":"https:\/\/runtzcartsdisposables.com\/es\/wp-json\/wp\/v2\/product_tag?post=426"}],"curies":[{"name":"wp","href":"https:\/\/api.w.org\/{rel}","templated":true}]}}