{"id":433,"date":"2023-01-13T06:32:08","date_gmt":"2023-01-13T06:32:08","guid":{"rendered":"https:\/\/runtzcartsdisposables.com\/?post_type=product&#038;p=433"},"modified":"2024-11-25T20:12:12","modified_gmt":"2024-11-25T20:12:12","slug":"kosher-kush","status":"publish","type":"product","link":"https:\/\/runtzcartsdisposables.com\/es\/product\/kosher-kush\/","title":{"rendered":"Kosher kush"},"content":{"rendered":"<h1>Comprar Kosher Kush online<\/h1>\n<p>Compra Kusher Kush online. Ordene Kosher Kush en l\u00ednea. Presentada en 2003 por Ken Estes, Granddaddy Purple (o GDP) es un famoso h\u00edbrido \u00edndica de Purple Urkle y Big Bud. Este alimento b\u00e1sico de California hereda un complejo aroma a uva y bayas de su padre Purple Urkle, mientras que Big Bud transmite su estructura de cogollos compactos y de gran tama\u00f1o. Los cogollos de GDP florecen en profundos tonos p\u00farpura, un fondo que contrasta con la capa de resina cristalina blanca como la nieve. comprar helado de cereza blanca<\/p>\n<p>Ihre potente Wirkung ist sowohl im Geist als auch im K\u00f6rper deutlich sp\u00fcrbar und sorgt f\u00fcr eine Verschmelzung von zerebraler Euphorie und k\u00f6rperlicher Entspannung. W\u00e4hrend Ihre Gedanken in einem tr\u00e4umerischen Rausch schweben k\u00f6nnen, ist Ihr K\u00f6rper f\u00fcr die Dauer der GDP-Wirkung eher an einer Stelle fixiert. Granddaddy Purple wird in der Regel f\u00fcr Konsumenten aus dem Regal gezogen, die Schmerzen, Stress, Schlaflosigkeit, Appetitlosigkeit und Muskelkr\u00e4mpfe bek\u00e4mpfen wollen. GDP segnet die Z\u00fcchter mit massiven Ertr\u00e4gen, die nach einer 60-t\u00e4gigen Bl\u00fctezeit im Innenbereich erntereif sind, direkt vom Himmel in Ihre Lungen.white widow <a href=\"https:\/\/runtzcartsdisposables.com\/es\/product\/florida-cake-jungleboys-kaufen\/\">kaufen<\/a><\/p>\n<h2>Comprar Kosher Kush online<\/h2>\n<p>Kosher Kush online kaufen. kosher Kush online bestellen Die meisten Sorten gehen vom Samen zur Pflanze und dann in die Gesch\u00e4fte, aber wie viele werden von einem Rabbi gesegnet? Nur eine, und das ist Kosher-Kush, die dynamische Indica Ihrer Tr\u00e4ume.<\/p>\n<p>Ganadora de las Hightime Cannabis Cups en 2010, 2011 y 2012, KK se ha ganado una buena parte de la fama.<\/p>\n<p>W\u00e4hrend sie f\u00fcr ihren Segen ber\u00fcchtigt ist, ist das nicht alles, wof\u00fcr sie bekannt ist. Kosher-Kush, fr\u00fcher von vielen Kiffern der alten Schule auch als Jew Gold bezeichnet, ist ein Lastwagen einer Indica-Sorte, die zuerst in S\u00fcdkalifornien gez\u00fcchtet wurde. Diese Indica wurde von einem legend\u00e4ren chassidischen Team handwerklicher Z\u00fcchter erschaffen und hat aufgrund ihrer unbekannten Abstammung, ihrer starken Wirkung und ihres schmackhaften Terpenprofils Ber\u00fchmtheit erlangt. Kosher-Kush hat weltweite Aufmerksamkeit erregt und sich ihren Ruf verdient, da sie sowohl 2010 als auch 2011 hintereinander den High Times Cannabis Cup als beste Indica gewonnen hat. buy White Rhino <a href=\"https:\/\/hhcgraskaufen.com\" target=\"_blank\" rel=\"noopener\">THC<\/a>-Gehalte dieser Goldnuggets haben Berichten zufolge bis zu 29% erreicht, wobei die Durchschnittswerte f\u00fcr Kosher-Kush eher zwischen 19-23% liegen, was sie zu einer sehr beeindruckenden Indica und einer gro\u00dfartigen Wahl f\u00fcr diejenigen macht, die einen l\u00e4nger anhaltenden Rausch suchen. Das einzigartige Terpenprofil von Kosher Kush wird durch die Konzentration von Limonen, Beta-Myrcen und Beta-Caryophyllen bestimmt, die Kosher-Kush ihre holzigen, pflanzlichen und pfeffrigen Grundnoten mit zus\u00e4tzlichen Untert\u00f6nen von Zitrusfr\u00fcchten und S\u00fc\u00dfe verleihen. <a href=\"https:\/\/runtzcartsdisposables.com\/es\/\">weed online kaufen Europa<\/a><\/p>","protected":false},"excerpt":{"rendered":"<h4 style=\"text-align: center;\">Kosher kush<\/h4>\n<hr \/>\n<p>Presentada en 2003 por Ken Estes, Granddaddy Purple (o GDP) es un famoso h\u00edbrido \u00edndica de Purple Urkle y Big Bud. Este alimento b\u00e1sico de California hereda un complejo aroma a uva y bayas de su padre Purple Urkle, mientras que Big Bud transmite su estructura de cogollos compactos y de gran tama\u00f1o.<\/p>","protected":false},"featured_media":434,"comment_status":"open","ping_status":"closed","template":"","meta":{"_monsterinsights_skip_tracking":false,"_monsterinsights_sitenote_active":false,"_monsterinsights_sitenote_note":"","_monsterinsights_sitenote_category":0},"product_cat":[126,195],"product_tag":[227,228,229],"_links":{"self":[{"href":"https:\/\/runtzcartsdisposables.com\/es\/wp-json\/wp\/v2\/product\/433"}],"collection":[{"href":"https:\/\/runtzcartsdisposables.com\/es\/wp-json\/wp\/v2\/product"}],"about":[{"href":"https:\/\/runtzcartsdisposables.com\/es\/wp-json\/wp\/v2\/types\/product"}],"replies":[{"embeddable":true,"href":"https:\/\/runtzcartsdisposables.com\/es\/wp-json\/wp\/v2\/comments?post=433"}],"wp:featuredmedia":[{"embeddable":true,"href":"https:\/\/runtzcartsdisposables.com\/es\/wp-json\/wp\/v2\/media\/434"}],"wp:attachment":[{"href":"https:\/\/runtzcartsdisposables.com\/es\/wp-json\/wp\/v2\/media?parent=433"}],"wp:term":[{"taxonomy":"product_cat","embeddable":true,"href":"https:\/\/runtzcartsdisposables.com\/es\/wp-json\/wp\/v2\/product_cat?post=433"},{"taxonomy":"product_tag","embeddable":true,"href":"https:\/\/runtzcartsdisposables.com\/es\/wp-json\/wp\/v2\/product_tag?post=433"}],"curies":[{"name":"wp","href":"https:\/\/api.w.org\/{rel}","templated":true}]}}