{"id":458,"date":"2023-01-13T06:53:40","date_gmt":"2023-01-13T06:53:40","guid":{"rendered":"https:\/\/runtzcartsdisposables.com\/?post_type=product&#038;p=458"},"modified":"2024-11-25T20:12:06","modified_gmt":"2024-11-25T20:12:06","slug":"og-kush","status":"publish","type":"product","link":"https:\/\/runtzcartsdisposables.com\/es\/product\/og-kush\/","title":{"rendered":"OG kush"},"content":{"rendered":"<h1>Compra OG Kush en Coulee Dam<\/h1>\n<p>Kaufen Sie OG Kush in Coulee Dam. Bestellen Sie OG-Kush in Coulee Dam. OG Kush wurde erstmals in den fr\u00fchen 90er Jahren in Florida gez\u00fcchtet, als eine Sorte aus Nordkalifornien mit einer <a href=\"https:\/\/runtzcartsdisposables.com\/index.php\/product\/hindu-kush\/\">Hindu Kush<\/a> Se cruz\u00f3 la planta de Amsterdam. El resultado fue un h\u00edbrido con un perfil de terpenos \u00fanico que exhibe un aroma complejo con notas de combustible, skunk y especias.comprar Banana Runtz<\/p>\n<p>OG Kush, la columna vertebral gen\u00e9tica de las variedades de cannabis de la Costa Oeste, lleg\u00f3 a Los \u00c1ngeles en 1996<\/p>\n<p>als Matt &#8222;Bubba&#8220; Berger sie (zusammen mit &#8222;The Bubba&#8220;, aus der sp\u00e4ter die ber\u00fchmte Bubba Kush entstand) aus Florida zum legend\u00e4ren Z\u00fcchter Josh D. brachte. Seitdem ist OG-Kush zu einem weltweiten Grundnahrungsmittel geworden, aus dem zahlreiche ber\u00fchmte Sorten wie GSC und Headband entstanden sind. Es gibt viele verschiedene Ph\u00e4notypen von OG Kush, darunter Tahoe OG, SFV OG und Ghost OG.buy Blissfully Baked Brownie<\/p>\n<p>OG-Kush ist eine legend\u00e4re Sorte mit tiefen Wurzeln in der Cannabis-Kultur. Sie wurde in den fr\u00fchen 90er Jahren in Florida als Kreuzung zwischen einer unbekannten nordkalifornischen Sorte und der Hindu Kush gez\u00fcchtet. Die OG-Kush, mit der wir heute vertraut sind, wurde von dem gesch\u00e4tzten Z\u00fcchter Matt &#8222;Bubba&#8220; Berger entwickelt, als er den Forum Cut von OG-Kush mit seiner The Bubba kreuzte. Die THC-Konzentration von OG-Kush liegt zwischen 20% und 25%, was sie f\u00fcr eine Hybridsorte ziemlich potent macht. Das ausgepr\u00e4gte Terpenprofil von OG Kush zeichnet sich durch seine erdigen T\u00f6ne von Gas oder Treibstoff, Skunk und Gew\u00fcrzen aus.buy Berry Pie<\/p>\n<h2>Compra OG Kush en Coulee Dam<\/h2>\n<p>Kaufen Sie OG Kush in Coulee Dam. bestellen Sie OG-Kush in Coulee Dam. OG-Kush ist eine der beliebtesten Cannabis-Sorten \u00fcberhaupt. OG-Kush. Diese Sensation aus den 1990er Jahren ist auch die Basis f\u00fcr viele moderne Hybride. Mit einem THC-Gehalt von bis zu 24% ist es kein Wunder, dass diese Sorte so ber\u00fchmt geworden ist.buy Banana Pound Cake<br \/>\nEsta variedad te dejar\u00e1 con una sensaci\u00f3n de euforia y energ\u00eda. Es excelente para tratar estados de depresi\u00f3n, estr\u00e9s y dolor cr\u00f3nico. comprar Ball Family Farms<\/p>\n<h4>Resultados probados en el laboratorio:<\/h4>\n<p>THC: 24%<\/p>\n<p>CBD: 0,1%<\/p>\n<h3>Experiencia OG Kush<\/h3>\n<p>OG Kush es una de las variedades m\u00e1s populares que existen. Sin embargo, su gen\u00e9tica es todo un misterio. Se cree que proviene de un saco de semillas en Florida y luego fue cultivada en California por la gente detr\u00e1s de Imperial Genetics. Se cree que es una mezcla de Chemdawg e Hindu Kush. Comprar Pl\u00e1tano Lato<\/p>\n<p>Diese Sorte ist ein indicadominierter Hybrid mit einem Kush-\u00e4hnlichen Aroma und einer Knospenstruktur. Obwohl es einige Debatten gibt, wird angenommen, dass &#8222;<a href=\"https:\/\/runtzcartsdisposables.com\/es\/product\/kurupt-moon-rock\/\">OG<\/a>&#8220; f\u00fcr Ocean Grown steht, eine Hommage an das kalifornische Erbe dieser Sorte. Trotz ihrer mysteri\u00f6sen Urspr\u00fcnge und des Leichentuchs der Cannabis-\u00dcberlieferungen hat OG-Kush nur an Popularit\u00e4t gewonnen. Sowohl Z\u00fcchter als auch Konsumenten k\u00f6nnen die Finger nicht von dieser Sorte lassen.buy Blueberry<\/p>\n<p>La OG Kush es conocida por sus efectos placenteros y euf\u00f3ricos. Muchas personas que sufren de cambios de humor o estr\u00e9s cr\u00f3nico adoran esta cepa por la felicidad que induce. Este estimulante efecto de coloc\u00f3n va acompa\u00f1ado de un caracter\u00edstico subid\u00f3n \u00edndica. Si bien su estado de \u00e1nimo puede ser ligero y alegre, es probable que su cuerpo est\u00e9 pegado al sof\u00e1. comprar Blue skittlez<\/p>\n<p>Auch Freizeitkonsumenten haben Grund, OG-Kush zu lieben. Seine beruhigende Wirkung ist genau das, was man braucht, wenn man nach Hause kommt und sein Lieblingsvideospiel dominieren oder ein entspanntes Abendessen mit Freunden und Familie genie\u00dfen m\u00f6chte. Neue Konsumenten k\u00f6nnten diese Hybride allerdings als etwas zu sedierend empfinden. Ihr THC-Gehalt kann bis zu 24% betragen, was diese Blume ziemlich potent macht.<\/p>\n<p>Wenn sie richtig ausgeh\u00e4rtet ist, hat diese Sorte einen muffigen Geruch, der den Fans anderer Kush-Sorten bekannt vorkommen wird. Dieser Geruch wird noch intensiver, wenn die Knospen aufgebrochen werden, wobei sich Noten von Zitrusfr\u00fcchten und Kiefer dazugesellen. Der w\u00fcrzige Rauch hat die Tendenz, Marihuana-Konsumenten zum Husten zu bringen, w\u00e4hrend das Aroma wahrscheinlich noch lange in der Luft verweilt, nachdem das <a href=\"https:\/\/hhcgraskaufen.com\" target=\"_blank\" rel=\"noopener\">Gras<\/a> weg ist.<\/p>\n<p>Los tricomas de los cogollos son tan densos que esta variedad casi parece nieve. Ten un molinillo cerca si quieres moler esta variedad, ya que es una hierba pegajosa. Comprar Bubblegum Kush<\/p>\n<h3>Beneficios medicinales de OG Kush<\/h3>\n<p>Diese Sorte bietet die entspannende Wirkung einer Indica mit hohem THC-Gehalt. Diese erfolgreiche Kombination macht OG-Kush zu einer beliebten medizinischen Sorte.<\/p>\n<p>Los pacientes de marihuana medicinal que sufren de dolor, n\u00e1useas y migra\u00f1as encontrar\u00e1n alivio con esta cepa.<\/p>\n<p>Adem\u00e1s, a las personas con ADD\/ADHD les suele gustar esta cepa.<\/p>\n<p>Algunos incluso afirman que esta cepa puede ayudar con la enfermedad de Alzheimer. <a href=\"https:\/\/runtzcartsdisposables.com\/es\/\">weed online kaufen Europa<\/a><\/p>","protected":false},"excerpt":{"rendered":"<p>Entdecken Sie die Welt von OG Kush auf unserer Website. Hochwertige Produkte, umfassende Informationen und alles, was Sie \u00fcber OG Kush wissen m\u00fcssen.<\/p>","protected":false},"featured_media":459,"comment_status":"open","ping_status":"closed","template":"","meta":{"_monsterinsights_skip_tracking":false,"_monsterinsights_sitenote_active":false,"_monsterinsights_sitenote_note":"","_monsterinsights_sitenote_category":0},"product_cat":[195,126],"product_tag":[],"_links":{"self":[{"href":"https:\/\/runtzcartsdisposables.com\/es\/wp-json\/wp\/v2\/product\/458"}],"collection":[{"href":"https:\/\/runtzcartsdisposables.com\/es\/wp-json\/wp\/v2\/product"}],"about":[{"href":"https:\/\/runtzcartsdisposables.com\/es\/wp-json\/wp\/v2\/types\/product"}],"replies":[{"embeddable":true,"href":"https:\/\/runtzcartsdisposables.com\/es\/wp-json\/wp\/v2\/comments?post=458"}],"wp:featuredmedia":[{"embeddable":true,"href":"https:\/\/runtzcartsdisposables.com\/es\/wp-json\/wp\/v2\/media\/459"}],"wp:attachment":[{"href":"https:\/\/runtzcartsdisposables.com\/es\/wp-json\/wp\/v2\/media?parent=458"}],"wp:term":[{"taxonomy":"product_cat","embeddable":true,"href":"https:\/\/runtzcartsdisposables.com\/es\/wp-json\/wp\/v2\/product_cat?post=458"},{"taxonomy":"product_tag","embeddable":true,"href":"https:\/\/runtzcartsdisposables.com\/es\/wp-json\/wp\/v2\/product_tag?post=458"}],"curies":[{"name":"wp","href":"https:\/\/api.w.org\/{rel}","templated":true}]}}