{"id":476,"date":"2023-01-13T07:06:48","date_gmt":"2023-01-13T07:06:48","guid":{"rendered":"https:\/\/runtzcartsdisposables.com\/?post_type=product&#038;p=476"},"modified":"2024-11-25T20:12:01","modified_gmt":"2024-11-25T20:12:01","slug":"peanut-butter-breath","status":"publish","type":"product","link":"https:\/\/runtzcartsdisposables.com\/es\/product\/peanut-butter-breath\/","title":{"rendered":"Peanut butter Breath"},"content":{"rendered":"<h2>Comprar galletas de mantequilla de man\u00ed de aliento en l\u00ednea<\/h2>\n<p>Comprar aliento de galletas de mantequilla de man\u00ed en l\u00ednea. Ordene galletas de man\u00ed en l\u00ednea. Peanut Butter Breath es una rara variedad h\u00edbrida uniformemente equilibrada (50% <a href=\"https:\/\/runtzcartsdisposables.com\/index.php\/product-category\/blumen\/indica-sorten\/\">Indica<\/a>\/50% <a href=\"https:\/\/runtzcartsdisposables.com\/index.php\/product-category\/blumen\/sativa-sorte\/\">Sativa<\/a>), que se cre\u00f3 cruzando las cepas cl\u00e1sicas Dosidos X Mendobreath F2. El nombre lo dice todo con esta cepa: el sabor es a nuez y terroso con un rico trasfondo herb\u00e1ceo. El aroma sigue el mismo perfil, con un trasfondo vegetal y terroso acentuado por una rica nuez. Tan pronto como exhalas, se activa el aliento de mantequilla de man\u00ed. Comienza con una elevaci\u00f3n cerebral antes de extenderse al resto de su cuerpo en hormigueantes oleadas de energ\u00eda. Este hormigueo comienza en el cuello y la columna vertebral antes de extenderse por todo el cuerpo dej\u00e1ndote irremediablemente relajado. Comprar Hongos M\u00e1gicos Cubanos online.<\/p>\n<p>Hybrid -50% Sativa \/50% Indica<br \/>\nTHC: 28%.<br \/>\nXanax Pillen 2MG Online kaufen<\/p>\n<h3>Comprar galletas de mantequilla de man\u00ed de aliento en l\u00ednea<\/h3>\n<p>Comprar aliento de galletas de mantequilla de man\u00ed en l\u00ednea. Ordene aliento de galletas de mantequilla de man\u00ed en l\u00ednea. Peanut Butter Breath es una cepa h\u00edbrida conocida por sus efectos calmantes. Cruzada con Do-Si-Dos y Mendo Breath, Peanut Butter Breath tiene un perfil de terpenos terroso y a nuez \u00fanico cuando se fuma. Terpenos aparte, esta variedad te sumerge en un estado de calma y relajaci\u00f3n. Originaria de ThugPug Genetics, Peanut Butter Breath es muy popular y hay muchos cruces de Do-Si-Dos y Mendo Breath; el criador Clout King tiene uno llamado 'Peanut Butter Cup'.<\/p>\n<p>Los criadores de ThugPug Genetics cruzaron DoSiDos con Mendo Breath F2 (Studly Spewright) de Gage Green Genetics para crear Peanut Butter Breath. Se dice que esta cepa tiene un perfil de sabor amaderado y herb\u00e1ceo. Seg\u00fan el banco de semillas The Dank Bank, Peanut Butter Breath crece alto y produce cogollos de color verde brillante en un ciclo de floraci\u00f3n de ocho a nueve semanas. Los cogollos de Peanut Butter Breath suelen estar cubiertos de tricomas y estigmas de color rojo intenso que a veces desarrollan tonalidades moradas en toda la superficie de la flor. comprar Lemon Skittle<\/p>\n<p>Wenn Sie ein Fan von Erdnussbutter sind, dann k\u00f6nnte Peanut Butter Breath eine Ihrer Lieblingssorten werden. Ihr Terpenprofil verleiht ihr einen nussigen und erdigen Geschmack, wenn Sie ausatmen, als h\u00e4tten Sie gerade ein paar Erdn\u00fcsse genossen, die frisch aus der Erde <a href=\"https:\/\/hhcgraskaufen.com\" target=\"_blank\" rel=\"noopener\">geholt<\/a> wurden. Lassen Sie sich nicht von ihrem Geruch t\u00e4uschen, der eher pflanzlich ist, diese Sorte hat ihren Namen nicht aus der Luft gegriffen.<\/p>\n<p>La gen\u00e9tica de Peanut Butter Breath proviene de la combinaci\u00f3n de Do-Si-Dos y Mendobreath, lo que ya sugiere cu\u00e1n fuerte ser\u00e1 el sabor a man\u00ed. comprar hach\u00eds<\/p>\n<p>Aunque esta cepa est\u00e1 clasificada como un h\u00edbrido 50\/50, lo que significa que se dice que induce los efectos equilibrados de las sativas y las \u00edndicas, muchos usuarios han experimentado una sensaci\u00f3n \u00edndica m\u00e1s fuerte, dej\u00e1ndolos let\u00e1rgicos y hambrientos. Es una buena idea tener algunos bocadillos a la mano al fumar esta variedad y beber muchos l\u00edquidos, ya que puede causar sequedad en la boca. Debido a que los usuarios dicen que induce una poderosa relajaci\u00f3n en todo el cuerpo, afirman que prefieren tomar Peanut Butter Breath m\u00e1s por la tarde o por la noche, cuando han terminado tareas importantes y est\u00e1n listos para prepararse para el d\u00eda para relajarse. Si decides probarlo y est\u00e1s con otras personas mientras fumas esta variedad, es posible que te r\u00edas un poco m\u00e1s.<\/p>\n<p>Algunas personas usan el aliento de mantequilla de man\u00ed para aliviar los s\u00edntomas de la resaca. Entonces, si se despierta por la ma\u00f1ana con n\u00e1useas o dolor de cabeza y no tiene ning\u00fan plan inmediato, el aliento de mantequilla de man\u00ed puede ayudarlo.<\/p>\n<p>Despu\u00e9s de abrir su paquete de Peanut Butter Breath y disfrutar del aroma, descubrir\u00e1 que un lote bien cultivado ofrece cogollos finos de color claro, con solo algunos pistilos de color naranja intenso que sobresalen aqu\u00ed y all\u00e1. La cantidad ideal de tricomas deber\u00eda hacer que parezca que est\u00e1 cubierto de escarcha. <a href=\"https:\/\/runtzcartsdisposables.com\/es\/\">Big Mex Magic Mushroom Online USA.<\/a><\/p>\n<p>&nbsp;<\/p>","protected":false},"excerpt":{"rendered":"<p>Peanut Butter Breath es una cepa h\u00edbrida conocida por sus efectos sedantes. Cruzada con Do-Si-Dos y Mendo Breath, Peanut Butter Breath tiene un perfil de terpenos terroso y a nuez \u00fanico cuando se fuma.<\/p>\n<p>&nbsp;<\/p>","protected":false},"featured_media":477,"comment_status":"open","ping_status":"closed","template":"","meta":{"_monsterinsights_skip_tracking":false,"_monsterinsights_sitenote_active":false,"_monsterinsights_sitenote_note":"","_monsterinsights_sitenote_category":0},"product_cat":[126,195,351],"product_tag":[202,233,235],"_links":{"self":[{"href":"https:\/\/runtzcartsdisposables.com\/es\/wp-json\/wp\/v2\/product\/476"}],"collection":[{"href":"https:\/\/runtzcartsdisposables.com\/es\/wp-json\/wp\/v2\/product"}],"about":[{"href":"https:\/\/runtzcartsdisposables.com\/es\/wp-json\/wp\/v2\/types\/product"}],"replies":[{"embeddable":true,"href":"https:\/\/runtzcartsdisposables.com\/es\/wp-json\/wp\/v2\/comments?post=476"}],"wp:featuredmedia":[{"embeddable":true,"href":"https:\/\/runtzcartsdisposables.com\/es\/wp-json\/wp\/v2\/media\/477"}],"wp:attachment":[{"href":"https:\/\/runtzcartsdisposables.com\/es\/wp-json\/wp\/v2\/media?parent=476"}],"wp:term":[{"taxonomy":"product_cat","embeddable":true,"href":"https:\/\/runtzcartsdisposables.com\/es\/wp-json\/wp\/v2\/product_cat?post=476"},{"taxonomy":"product_tag","embeddable":true,"href":"https:\/\/runtzcartsdisposables.com\/es\/wp-json\/wp\/v2\/product_tag?post=476"}],"curies":[{"name":"wp","href":"https:\/\/api.w.org\/{rel}","templated":true}]}}