{"id":482,"date":"2023-01-14T12:09:05","date_gmt":"2023-01-14T12:09:05","guid":{"rendered":"https:\/\/runtzcartsdisposables.com\/?post_type=product&#038;p=482"},"modified":"2024-11-25T20:11:59","modified_gmt":"2024-11-25T20:11:59","slug":"pineapple-kush","status":"publish","type":"product","link":"https:\/\/runtzcartsdisposables.com\/es\/product\/pineapple-kush\/","title":{"rendered":"Pineapple kush"},"content":{"rendered":"<h1>Comprar Pineapple Kush en Aberdeen.<\/h1>\n<p>Comprar Pineapple Kush en Aberdeen. Ordene Pineapple Kush en l\u00ednea. Pineapple Kush es una variedad de cannabis que tiene un aroma a pi\u00f1a con toques de caramelo y mantequilla. El sabor se describe como un sutil sabor a pi\u00f1a dulce con un trasfondo de menta. Se desconoce el criador de esta cepa, pero las cepas progenitoras son Pineapple y Master Kush. Los cogollos son de color marr\u00f3n\/verde y est\u00e1n cubiertos de cristales de color \u00e1mbar. comprar Paris ogEl subid\u00f3n generalmente se describe como cerebral con una sensaci\u00f3n de cuerpo ligero.comprar Pluto Cookies<\/p>\n<p>Purple Punch es la fusi\u00f3n dulce y relajante de dos cl\u00e1sicos de dominancia \u00edndica. El cruce de Larry OG con Granddaddy Purple dio como resultado la Purple Punch, incre\u00edblemente cargada de tricomas, que huele a caramelo de uva, muffins de ar\u00e1ndanos y tarta de Kool-Aid. La potencia de esta variedad le da al consumidor un doble golpe en la cabeza y el cuerpo, primero aterrizando entre los ojos y luego acomod\u00e1ndose en las extremidades. La Purple Punch es una variedad de postre deliciosa que es mejor para la cena. Sus efectos pueden ayudar a controlar las n\u00e1useas, el estr\u00e9s, los dolores corporales leves y el insomnio. Comprar Ponche Morado<\/p>\n<h2>Comprar Pineapple Kush en Aberdeen<\/h2>\n<p>Kaufen Sie Pineapple Kush in Aberdeen. bestellen Sie Pineapple Kush in Aberdeen. Indica-dominanter Hybrid &#8211; 80% Indica \/ 20% Sativa<br \/>\nTHC: 18% &#8211; 20%, CBD: 1%<br \/>\nPurple Punch ist ein seltener Indica-dominanter Hybrid (80% Indica\/20% Sativa), der durch Kreuzung der klassischen Larry OG mit der k\u00f6stlich potenten Grand Daddy Purps entstanden ist. Mit einem Doppelschlag an euphorisierenden Effekten und einem super hohen durchschnittlichen THC-Gehalt von 18-20% werden Sie den Knockout-Rausch von Purple Punch fast sofort sp\u00fcren. kaufen Sie Purple Og kush. Du wirst einen Schlag der Euphorie sp\u00fcren, gefolgt von einem berauschenden Auftrieb, der Dich in einen Zustand reinen Gl\u00fccks versetzt. W\u00e4hrend Ihr Geist h\u00f6her und h\u00f6her klettert, beginnt Ihr K\u00f6rper in einen entspannenden Zustand abzudriften, der sehr beruhigend und berauschend ist und oft zu einem langen und friedlichen Schlaf f\u00fchrt. In Kombination mit dem hohen THC-Gehalt machen diese Effekte Purple Punch perfekt, um die Auswirkungen von Schlaflosigkeit, chronischem Stress, \u00dcbelkeit, chronischen Schmerzen und Depressionen zu bek\u00e4mpfen. buy Grape ApeThis <a href=\"https:\/\/hhc.supplies\/\" target=\"_blank\" rel=\"noopener\">Knospe<\/a> hat flauschige \u00fcbergro\u00dfe helle neongr\u00fcne Nuggets mit sp\u00e4rlichen roten orangefarbenen Haaren und einer Beschichtung von frostigen winzigen bernsteinfarbenen Kristalltrichomen.buy Granddaddy <a href=\"https:\/\/runtzcartsdisposables.com\/es\/product\/granddaddy-purple\/\">Purple<\/a> Wenn Sie jedes kleine Nugget auseinander brechen, werden Aromen von erdigen Blaubeeren und Trauben freigesetzt, akzentuiert durch einen s\u00fc\u00dfen kr\u00e4uterartigen Oberton. Der Geschmack ist sehr s\u00fc\u00df mit einer Vanille Heidelbeere Geschmack, der einen Hauch von leicht sauren Trauben candy.buy weed online in Europa hat<\/p>\n<p>&nbsp;<\/p>","protected":false},"excerpt":{"rendered":"<h3 style=\"text-align: center;\">Pineapple kush<\/h3>\n<hr \/>\n<p>Pineapple Kush es una variedad de cannabis que tiene un aroma a pi\u00f1a con toques de caramelo y mantequilla. El sabor se describe como un sutil sabor a pi\u00f1a dulce con un trasfondo de menta. Si bien se desconoce el criador de esta cepa, sus cepas progenitoras son Pineapple y Master Kush.<\/p>","protected":false},"featured_media":483,"comment_status":"open","ping_status":"closed","template":"","meta":{"_monsterinsights_skip_tracking":false,"_monsterinsights_sitenote_active":false,"_monsterinsights_sitenote_note":"","_monsterinsights_sitenote_category":0},"product_cat":[126,195],"product_tag":[],"_links":{"self":[{"href":"https:\/\/runtzcartsdisposables.com\/es\/wp-json\/wp\/v2\/product\/482"}],"collection":[{"href":"https:\/\/runtzcartsdisposables.com\/es\/wp-json\/wp\/v2\/product"}],"about":[{"href":"https:\/\/runtzcartsdisposables.com\/es\/wp-json\/wp\/v2\/types\/product"}],"replies":[{"embeddable":true,"href":"https:\/\/runtzcartsdisposables.com\/es\/wp-json\/wp\/v2\/comments?post=482"}],"wp:featuredmedia":[{"embeddable":true,"href":"https:\/\/runtzcartsdisposables.com\/es\/wp-json\/wp\/v2\/media\/483"}],"wp:attachment":[{"href":"https:\/\/runtzcartsdisposables.com\/es\/wp-json\/wp\/v2\/media?parent=482"}],"wp:term":[{"taxonomy":"product_cat","embeddable":true,"href":"https:\/\/runtzcartsdisposables.com\/es\/wp-json\/wp\/v2\/product_cat?post=482"},{"taxonomy":"product_tag","embeddable":true,"href":"https:\/\/runtzcartsdisposables.com\/es\/wp-json\/wp\/v2\/product_tag?post=482"}],"curies":[{"name":"wp","href":"https:\/\/api.w.org\/{rel}","templated":true}]}}