{"id":518,"date":"2023-01-14T12:37:55","date_gmt":"2023-01-14T12:37:55","guid":{"rendered":"https:\/\/runtzcartsdisposables.com\/?post_type=product&#038;p=518"},"modified":"2024-11-25T20:11:51","modified_gmt":"2024-11-25T20:11:51","slug":"white-rhino","status":"publish","type":"product","link":"https:\/\/runtzcartsdisposables.com\/es\/product\/white-rhino\/","title":{"rendered":"White Rhino"},"content":{"rendered":"<h1>Comprar rinoceronte blanco en l\u00ednea.<\/h1>\n<p>White Rhino p\u00e1gina en l\u00ednea. rinoceronte blanco en l\u00ednea bestellen. <a href=\"https:\/\/runtzcartsdisposables.com\/index.php\/product\/granddaddy-purple\/\">Granddaddy Purple<\/a> (o GDP) fue presentado por Ken Estes en 2003 y es un famoso h\u00edbrido \u00edndica de Purple Urkle y Big Bud. Este alimento b\u00e1sico de California hereda un complejo aroma a uva y bayas de su padre Purple Urkle, mientras que Big Bud transmite su estructura de cogollos compactos y de gran tama\u00f1o. Los cogollos de GDP, que florecen en tonos morados intensos, proporcionan un fondo que contrasta con la capa de resina cristalina blanca como la nieve.<\/p>\n<p>Ihre potente Wirkung ist sowohl im Geist als auch im K\u00f6rper deutlich sp\u00fcrbar und sorgt f\u00fcr eine Verschmelzung von zerebraler Euphorie und k\u00f6rperlicher Entspannung. W\u00e4hrend Ihre Gedanken in einem tr\u00e4umerischen Rausch schweben k\u00f6nnen, ist Ihr K\u00f6rper f\u00fcr die Dauer der GDP-Wirkung eher an einer Stelle fixiert. Granddaddy Purple wird in der Regel f\u00fcr Konsumenten aus dem Regal gezogen, die Schmerzen, Stress, Schlaflosigkeit, Appetitlosigkeit und Muskelkr\u00e4mpfe bek\u00e4mpfen wollen. GDP segnet Z\u00fcchter mit massiven Ertr\u00e4gen, die nach einer 60-t\u00e4gigen Bl\u00fctezeit im Innenbereich erntereif sind.buy <a href=\"https:\/\/hhcgraskaufen.com\" target=\"_blank\" rel=\"noopener\">Paris OG<\/a><\/p>\n<p>White Rhino es un cruce entre White Widow y una cepa \u00edndica norteamericana desconocida, lo que da como resultado una planta tupida y vigorosa. Los cogollos producen un subid\u00f3n fuerte y embriagador. La ascendencia de la planta proviene de Afganist\u00e1n, Brasil e India. White Rhino es una de las mejores variedades de marihuana para uso medicinal por su alto contenido en THC.comprar Purple Og kush<\/p>\n<p>La White Rhino es una cepa \u00edndica potente y se reconoce f\u00e1cilmente por sus hojas cortas a tupidas, de color verde claro a oscuro. Las pepitas tienen un tono que puede describirse mejor como blanco plateado y es conocida por su potencia, que viene con un subid\u00f3n fuerte y r\u00e1pido que se debe principalmente a los altos niveles de THC, que oscilan entre el 14 y el 20 %. Con un trasfondo de White Widow y una planta sativa norteamericana, tambi\u00e9n es conocida por su fuerte aroma, que es una mezcla de un olor terroso, amargo y especiado.<\/p>\n<h2>White Rhino p\u00e1gina en l\u00ednea<\/h2>\n<p>Comprar Rinoceronte Blanco online. Ordene el rinoceronte blanco en l\u00ednea. Es bastante com\u00fan experimentar sentimientos de pereza, felicidad y euforia despu\u00e9s de fumar esta variedad, por lo que se usa principalmente en el mundo m\u00e9dico para tratar el estr\u00e9s, el dolor y el insomnio. El principal efecto negativo de esta cepa es la sequedad de boca, aunque tambi\u00e9n existe la posibilidad de sequedad en los ojos. Esta variedad tambi\u00e9n es conocida por ser particularmente resistente y capaz de cultivarse en climas extremos.<a href=\"https:\/\/runtzcartsdisposables.com\/es\/\">buy weed online Europe<\/a><\/p>","protected":false},"excerpt":{"rendered":"<h4 style=\"text-align: center;\">White Rhino<\/h4>\n<hr \/>\n<p>Presentada en 2003 por Ken Estes, Granddaddy Purple (o GDP) es un famoso h\u00edbrido \u00edndica de Purple Urkle y Big Bud. Este alimento b\u00e1sico de California hereda un complejo aroma a uva y bayas de su padre Purple Urkle, mientras que Big Bud transmite su estructura de cogollos compactos y de gran tama\u00f1o.<\/p>","protected":false},"featured_media":519,"comment_status":"open","ping_status":"closed","template":"","meta":{"_monsterinsights_skip_tracking":false,"_monsterinsights_sitenote_active":false,"_monsterinsights_sitenote_note":"","_monsterinsights_sitenote_category":0},"product_cat":[126,195],"product_tag":[],"_links":{"self":[{"href":"https:\/\/runtzcartsdisposables.com\/es\/wp-json\/wp\/v2\/product\/518"}],"collection":[{"href":"https:\/\/runtzcartsdisposables.com\/es\/wp-json\/wp\/v2\/product"}],"about":[{"href":"https:\/\/runtzcartsdisposables.com\/es\/wp-json\/wp\/v2\/types\/product"}],"replies":[{"embeddable":true,"href":"https:\/\/runtzcartsdisposables.com\/es\/wp-json\/wp\/v2\/comments?post=518"}],"wp:featuredmedia":[{"embeddable":true,"href":"https:\/\/runtzcartsdisposables.com\/es\/wp-json\/wp\/v2\/media\/519"}],"wp:attachment":[{"href":"https:\/\/runtzcartsdisposables.com\/es\/wp-json\/wp\/v2\/media?parent=518"}],"wp:term":[{"taxonomy":"product_cat","embeddable":true,"href":"https:\/\/runtzcartsdisposables.com\/es\/wp-json\/wp\/v2\/product_cat?post=518"},{"taxonomy":"product_tag","embeddable":true,"href":"https:\/\/runtzcartsdisposables.com\/es\/wp-json\/wp\/v2\/product_tag?post=518"}],"curies":[{"name":"wp","href":"https:\/\/api.w.org\/{rel}","templated":true}]}}