{"id":549,"date":"2023-01-14T13:33:35","date_gmt":"2023-01-14T13:33:35","guid":{"rendered":"https:\/\/runtzcartsdisposables.com\/?post_type=product&#038;p=549"},"modified":"2024-11-25T20:11:44","modified_gmt":"2024-11-25T20:11:44","slug":"banana-runtz","status":"publish","type":"product","link":"https:\/\/runtzcartsdisposables.com\/es\/product\/banana-runtz\/","title":{"rendered":"Banana runtz"},"content":{"rendered":"<h1>Comprar Banana Runtz Strain en l\u00ednea en Suecia<\/h1>\n<p>Compre Banana Runtz Strain en l\u00ednea en Suecia. La cepa White Runtz es b\u00e1sicamente una runtz recubierta de THC con el mismo sabor dulce. Los cogollos son densos y completamente cubiertos de tricomas. La White Runtz es una hierba morada cubierta de tricomas blancos. El nombre de esta variedad la describe muy bien. Comprar Banana Runtz en l\u00ednea. Comprar Sharklato Runtz en Buenos Aires<\/p>\n<p>Runtz ist eine aufstrebende Marihuana-Marke mit Sitz in LOS ANGELES, KALIFORNIEN, die von dem Hip-<a href=\"https:\/\/hhcgraskaufen.com\" target=\"_blank\" rel=\"noopener\">Hop-Rapper<\/a> &#8222;Yunglb_litt&#8220; entdeckt wurde, der die Marihuana-Industrie des 21. Jahrhunderts auf eine ganz andere Ebene bringt.Die Marke ist seit 2017 auf dem Vormarsch, hatte aber Anfang 2019 einen Boom, als die Marke mit der Strategie kam, die verschiedenen Geschmacksrichtungen der Marke zu ver\u00f6ffentlichen, Sie taten dies, indem der Mitbegr\u00fcnder verschiedene Kollaborationen mit verschiedenen Rappern wie Moneybagg Yo, Playboi Carti, Young thugs YSL Gang, Nav, etc. einging, wo der Ruhm des Rappers als eine wichtige Gesch\u00e4ftswaffe zur Steigerung nicht nur der Popularit\u00e4t der Marke, sondern auch des Umsatzes dient. Buy Banana Runtz Online ist eine Cannabis-Hybridsorte aus Kalifornien, die viele als S\u00fc\u00dfigkeit beschreiben w\u00fcrden, mit einem Terpenprofil und einer extrem vielf\u00e4ltigen Anzahl von Genotypen, die eine dramatische Wirkung auf Sie haben k\u00f6nnen. Daher ist es sehr schwierig zu sagen, ob Banana Runtz ein Indica-Hybrid oder eine Sativa ist, da verschiedene Genotypen in unterschiedliche Richtungen tendieren. Dies bezieht sich auch auf die THC- und CBD-Werte, die auf einer Wachstumsbasis gemessen werden. Kubanische Magic Mushrooms online kaufen.<\/p>\n<h2>Comprar Banana Runtz Strain en l\u00ednea en Suecia<\/h2>\n<p>Runtz es una variedad ampliamente difundida, grande en cultura y publicidad detr\u00e1s del empaque de productos de cannabis entre los fumadores de cannabis. Adem\u00e1s de la apariencia del cogollo, los productores de esta variedad han llamado a la variedad Banana Runtz en funci\u00f3n de su dulzura azucarada, perfil arom\u00e1tico y gustativo. . Una vez que est\u00e9 completamente seco y tratado, los consumidores deber\u00edan poder ver colores m\u00e1s all\u00e1 del verde. Los cogollos fuertes y compactos de Runtz tambi\u00e9n muestran una vibrante gama de colores, desde azules y morados hasta verdes oscuros y naranjas brillantes. Si bien la variedad Banana Runtz es extremadamente dif\u00edcil de conseguir, te facilitamos el proceso. Vendemos la mejor variedad de Banana Runtz disponible en el mercado. <a href=\"https:\/\/runtzcartsdisposables.com\/es\/\">wo man Gras online kaufen kann<\/a><\/p>\n<p>Compre Banana Runtz Strain en l\u00ednea en Suecia. La mayor\u00eda de los comentarios sobre Runtz describen la cepa como euf\u00f3rica y calmante, lo cual es caracter\u00edstico de la mayor\u00eda de los h\u00edbridos, independientemente de si son \u00edndica o sativa dominantes. Muchos notan que esta cepa es \u00fatil para controlar el estr\u00e9s, la ansiedad y el dolor cr\u00f3nico. Puedes esperar que tus preocupaciones y problemas desaparezcan bajo el abrumador manto de relajaci\u00f3n que es Banana Runtz despu\u00e9s de haberla encendido y dado la primera calada. No solo te sentir\u00e1s incre\u00edble, sino que tambi\u00e9n obtendr\u00e1s el delicioso regusto a caramelo del humo en tu boca. Probablemente te sentir\u00e1s satisfecho y euf\u00f3rico, pero no lo suficiente como para salir del edificio. Despu\u00e9s de una sesi\u00f3n de banana runtz, encuentra un lugar c\u00f3modo para estirar las piernas y relajarte mientras tu estr\u00e9s f\u00edsico desaparece y tu mente se expande. Para otros, eso significa encender la televisi\u00f3n y ver un programa. Por lo general, te colocas despu\u00e9s de fumar marihuana, as\u00ed que es hora de colocarte. Compre Banana Runtz Strain en l\u00ednea en Suecia.<\/p>","protected":false},"excerpt":{"rendered":"<h4 style=\"text-align: center;\">Banana runtz<\/h4>\n<hr \/>\n<p>La variedad White Runtz es b\u00e1sicamente Runtz con THC y el mismo sabor dulce. Los cogollos son densos y completamente cubiertos de tricomas.<\/p>\n<p>&nbsp;<\/p>","protected":false},"featured_media":550,"comment_status":"open","ping_status":"closed","template":"","meta":{"_monsterinsights_skip_tracking":false,"_monsterinsights_sitenote_active":false,"_monsterinsights_sitenote_note":"","_monsterinsights_sitenote_category":0},"product_cat":[245,126,351],"product_tag":[202,253,254,248,249,250,255,257,256,251,252,235],"_links":{"self":[{"href":"https:\/\/runtzcartsdisposables.com\/es\/wp-json\/wp\/v2\/product\/549"}],"collection":[{"href":"https:\/\/runtzcartsdisposables.com\/es\/wp-json\/wp\/v2\/product"}],"about":[{"href":"https:\/\/runtzcartsdisposables.com\/es\/wp-json\/wp\/v2\/types\/product"}],"replies":[{"embeddable":true,"href":"https:\/\/runtzcartsdisposables.com\/es\/wp-json\/wp\/v2\/comments?post=549"}],"wp:featuredmedia":[{"embeddable":true,"href":"https:\/\/runtzcartsdisposables.com\/es\/wp-json\/wp\/v2\/media\/550"}],"wp:attachment":[{"href":"https:\/\/runtzcartsdisposables.com\/es\/wp-json\/wp\/v2\/media?parent=549"}],"wp:term":[{"taxonomy":"product_cat","embeddable":true,"href":"https:\/\/runtzcartsdisposables.com\/es\/wp-json\/wp\/v2\/product_cat?post=549"},{"taxonomy":"product_tag","embeddable":true,"href":"https:\/\/runtzcartsdisposables.com\/es\/wp-json\/wp\/v2\/product_tag?post=549"}],"curies":[{"name":"wp","href":"https:\/\/api.w.org\/{rel}","templated":true}]}}