{"id":555,"date":"2023-01-14T13:42:28","date_gmt":"2023-01-14T13:42:28","guid":{"rendered":"https:\/\/runtzcartsdisposables.com\/?post_type=product&#038;p=555"},"modified":"2024-11-25T20:11:43","modified_gmt":"2024-11-25T20:11:43","slug":"biscotti","status":"publish","type":"product","link":"https:\/\/runtzcartsdisposables.com\/es\/product\/biscotti\/","title":{"rendered":"Biscotti cali strain"},"content":{"rendered":"<h1>Biscotti cali strain online kaufen in Europa<\/h1>\n<p>Biscotti online kaufen in Europa. Biscotti ist eine seltene Indica-dominante Hybridsorte (80% Indica\/20% Sativa), die durch eine k\u00f6stliche Kreuzung der klassischen Sorten Gelato #25 X Girl Scout Cookies X South Florida OG entstanden ist. Wenn Du nach einer klassischen Indica mit einem wahnsinnig k\u00f6stlichen Geschmack suchst, hast Du sie gefunden. Biscotti bietet alles, was Du Dir w\u00fcnschst und noch viel mehr, was Wirkung und Geschmack angeht, in jedem k\u00f6stlichen Zug, und das alles mit einem super hohen durchschnittlichen THC-Gehalt von 25%. Der <a href=\"https:\/\/runtzcartsdisposables.com\/es\/product\/hawaiian-skunk\/\">Rausch<\/a> von Biscotti setzt mit einem Ansturm von zerebralen Effekten ein, die Deinen Geist in einen reinen, abgehobenen Zustand von unkonzentrierter Gl\u00fcckseligkeit versetzen. W\u00e4hrend sich Dein Geist beruhigt, wird ein beruhigendes k\u00f6rperliches High Deinen K\u00f6rper \u00fcberschwemmen, das es Dir erlaubt, Dich zur\u00fcckzulehnen und zu entspannen, ohne Dich um die Welt zu k\u00fcmmern. Dieses High wird schnell giggly und Stoney. Big Mex Magic Mushroom Online USA.<\/p>\n<p>Biscotti cali strain online kaufen in Europa. Biscotti Strain Genetics Online bestellen. Diese Sorte wurde von Cookies Fam entwickelt. Sie behaupten, die Pioniere vieler dieser au\u00dfergew\u00f6hnlich geilen Sorten zu sein, und es ist schwer, ihnen zu widersprechen. Biscotti ist eine Kreuzung zwischen; kaufen <a href=\"https:\/\/kokaindrogekaufen.com\/\" target=\"_blank\" rel=\"noopener\">Rocas lunares<\/a><\/p>\n<p>Gelato #25<br \/>\nPfadfinderinnen-Kekse<br \/>\nGorilla Glue #4<br \/>\nSi bien es dif\u00edcil decir si esto es completamente exacto, ya que algunas personas dicen que es Gelato x South Florida OG, definitivamente es uno de esos combos. La Gelato es una variedad Frankenstein por derecho propio, y la Gorilla Glue #4 y la Girl Scout Cookies son dos de las variedades cachondas m\u00e1s famosas del mundo. Biscotti es una cepa definitiva con posiblemente uno de los mejores perfiles de sabor de la industria. D\u00f3nde comprar marihuana online en los Pa\u00edses Bajos.<\/p>\n<h2>Comprar biscotti online en Europa<\/h2>\n<p>Ese es el verdadero truco. Desafortunadamente, dado que las semillas no est\u00e1n disponibles en l\u00ednea y la variedad es generalmente muy rara, el precio es muy alto. En Amsterdam, probablemente tendr\u00e1s que pagar al menos $40 por gramo. Ser\u00e1 un poco m\u00e1s barato en Am\u00e9rica del Norte, pero a\u00fan no es barato, por mucho. Un gramo cuesta al menos $25 en una farmacia en California. Pero por su fuerza, probablemente valga la pena. Comprar marihuana online en Polonia<\/p>\n<p>BISCOTTI SABOR VARIEDAD DE HIERBAS<\/p>\n<p>Fruchtig<br \/>\nNussig<br \/>\nW\u00fcrzig<br \/>\nZuckrig<br \/>\nS\u00fc\u00df<br \/>\nBiscotti ist definitiv eine Sorte, die Sie in einem Flower Vaporizer <a href=\"https:\/\/runtzcartsdisposables.com\/es\/product\/sherblato\/\">erleben<\/a> wollen. Obwohl sie auch zu den Sorten geh\u00f6rt, die gut schmecken, egal wie man sie raucht, lohnt es sich auf jeden Fall, Ihren treuen Flower Vape f\u00fcr diese Sorte zu z\u00fccken. Es ist einfach eine der am besten schmeckenden Sorten, die derzeit auf dem Markt erh\u00e4ltlich sind, und wenn man sie verbrennt, wird der Geschmack nur minimal beeintr\u00e4chtigt. Wenn Du einen Vaporizer verwendest, findet keine Verbrennung statt und das elegante Geschmacksprofil von Biscotti bleibt intakt. Wenn <a href=\"https:\/\/hhcgraskaufen.com\/\" target=\"_blank\" rel=\"noopener\">Du<\/a> das Gras zuerst mahlst, schmeckt es in Deinem Vaporizer sogar noch besser.<\/p>","protected":false},"excerpt":{"rendered":"<h2 style=\"text-align: center;\">Biscotti cali strain<\/h2>\n<hr \/>\n<p>Biscotti cali strain Die Genetik von Cookies hat ihre Wurzeln in vielen der besten Sorten in den Regalen. Viele St\u00e4mme haben ihre Genetik und Sie vielleicht nicht einmal wissen. Also, beachten Sie Biscotti Unkraut Stamm ist ein Cookies klassische Kreuzung eines s\u00fcdlichen OG Stamm: Gelato #25 gekreuzt mit South Florida OG.<\/p>\n<p>&nbsp;<\/p>","protected":false},"featured_media":556,"comment_status":"open","ping_status":"closed","template":"","meta":{"_monsterinsights_skip_tracking":false,"_monsterinsights_sitenote_active":false,"_monsterinsights_sitenote_note":"","_monsterinsights_sitenote_category":0},"product_cat":[126,245,351],"product_tag":[],"_links":{"self":[{"href":"https:\/\/runtzcartsdisposables.com\/es\/wp-json\/wp\/v2\/product\/555"}],"collection":[{"href":"https:\/\/runtzcartsdisposables.com\/es\/wp-json\/wp\/v2\/product"}],"about":[{"href":"https:\/\/runtzcartsdisposables.com\/es\/wp-json\/wp\/v2\/types\/product"}],"replies":[{"embeddable":true,"href":"https:\/\/runtzcartsdisposables.com\/es\/wp-json\/wp\/v2\/comments?post=555"}],"wp:featuredmedia":[{"embeddable":true,"href":"https:\/\/runtzcartsdisposables.com\/es\/wp-json\/wp\/v2\/media\/556"}],"wp:attachment":[{"href":"https:\/\/runtzcartsdisposables.com\/es\/wp-json\/wp\/v2\/media?parent=555"}],"wp:term":[{"taxonomy":"product_cat","embeddable":true,"href":"https:\/\/runtzcartsdisposables.com\/es\/wp-json\/wp\/v2\/product_cat?post=555"},{"taxonomy":"product_tag","embeddable":true,"href":"https:\/\/runtzcartsdisposables.com\/es\/wp-json\/wp\/v2\/product_tag?post=555"}],"curies":[{"name":"wp","href":"https:\/\/api.w.org\/{rel}","templated":true}]}}