{"id":561,"date":"2023-01-14T16:31:58","date_gmt":"2023-01-14T16:31:58","guid":{"rendered":"https:\/\/runtzcartsdisposables.com\/?post_type=product&#038;p=561"},"modified":"2024-11-25T20:11:41","modified_gmt":"2024-11-25T20:11:41","slug":"blue-dream","status":"publish","type":"product","link":"https:\/\/runtzcartsdisposables.com\/es\/product\/blue-dream\/","title":{"rendered":"Blue dream Strain"},"content":{"rendered":"<h1>Comprar Sue\u00f1os Azules onlineComparar Sue\u00f1os Azules en l\u00ednea<\/h1>\n<p>Blue dream Strain online kaufen. Blue Dream, ein sativadominierter Hybrid aus Kalifornien, hat unter den Sorten der Westk\u00fcste einen legend\u00e4ren Status erreicht. Blue Dream ist eine Kreuzung aus Blueberry und Haze, die ein Gleichgewicht zwischen k\u00f6rperlicher Entspannung und sanfter zerebraler Belebung schafft. Sowohl Anf\u00e4nger als auch erfahrene Konsumenten genie\u00dfen die sanfte Wirkung von Blue Dream, die sie sanft in eine ruhige Euphorie versetzt.<\/p>\n<p>Mit seinem s\u00fc\u00dfen Beerenaroma, das an seine Mutterpflanze <a href=\"https:\/\/runtzcartsdisposables.com\/es\/product\/blueberry-kush\/\">Blueberry<\/a> erinnert, lindert Blue Dream schnell die Symptome, ohne stark sedierend zu wirken. Dies macht Blue Dream zu einem beliebten Tagesmedikament f\u00fcr Patienten, die Schmerzen, Depressionen, \u00dcbelkeit und andere Beschwerden behandeln, die eine THC-reiche Sorte erfordern.<\/p>\n<p>El tipo<\/p>\n<p>Blue Dream es una variedad h\u00edbrida de dominancia sativa originaria de California, hogar de maravillosos fenotipos y del propio Estado Dorado. Esta cepa h\u00edbrida impecable ha cimentado su reputaci\u00f3n como una de las mejores cepas de la Costa Oeste y se encuentra en la cima de la jerarqu\u00eda del cannabis a pesar de ser una cepa o fenotipo \"beb\u00e9\", nacido solo en el siglo XXI moderno. perfila celebridades y ha sido destacada por raperos como Juicy J, quien incluso nombr\u00f3 una canci\u00f3n en honor a la variedad, Snoop Dogg y el popular artista y defensor del cannabis Willie Nelson, quien la elogi\u00f3 por sus elogios embriagadores, aunque productivos y en\u00e9rgicos.<\/p>\n<h2>Comprar Sue\u00f1os Azules onlineComparar Sue\u00f1os Azules en l\u00ednea<\/h2>\n<p>Efectos<\/p>\n<p>Blue dream Strain ist eine Kreuzung zwischen Blueberry und Haze. W\u00e4hrend ihre Elternsorten gegens\u00e4tzliche Ph\u00e4notypen sind, vereint Blue Dream perfekt das beruhigende und entspannende Body-High oder den Couch-Lock von Indica-Sorten mit der zerebralen, euphorischen und belebenden Natur ihres Sativa-Vorg\u00e4ngers, was sie zu einer gro\u00dfartigen Allround-Sorte macht. Selbst als Sativa-dominante Hybridsorte hat sie es in sich, denn sie weist eine bemerkenswerte durchschnittliche THC-Konzentration von 20% auf. Dieser hohe THC-Gehalt sollte als Vorsichtsma\u00dfnahme verstanden werden, da der Rausch dieser Sorte sehr stark ist und schnell wirkt. Beim Rauchen werden die Nutzer sofort feststellen, dass die Wirkung von Blue Dream anders ist als die anderer Sorten. Mit einer bizarren Harmonie zwischen dem Gef\u00fchl eines sedierenden Ganzk\u00f6rperrausches und einem motivierten, euphorischen und zerebralen Bewusstseinszustand ist es keine \u00dcberraschung, warum Blue Dream eine der beliebtesten Sorten ist, die heute erh\u00e4ltlich sind. buy weed online Europe Abgesehen von seinen Erholungszwecken hat dieser Hybrid auch viele therapeutische N\u00fctzlichkeiten. Blue Dream ist wirksam bei der Behandlung von Kopfschmerzen, Angstzust\u00e4nden, Depressionen, Stress und leichten Schmerzen.<br \/>\nErscheinungsbild &amp; <a href=\"https:\/\/kokaindrogekaufen.com\" target=\"_blank\" rel=\"noopener\">Aroma<\/a><\/p>\n<p>Blue dream Strain ist eine wundersch\u00f6ne Hybridsorte mit einer enormen Anziehungskraft. Selbst f\u00fcr eine Sativa-dominante Hybridsorte hat sie mittelgro\u00dfe Knospen mit leuchtend gr\u00fcnen Bl\u00e4ttern und einer minimalen Menge an orangen Trichomen oder Haaren. Dies ist eine einfach zu z\u00fcchtende Pflanze, die fast immer dichte, dichte Knospen produziert, die von einer sch\u00f6nen Schicht von THC Trichomen bedeckt sind. Blue Dream bringt mehr als nur eine sch\u00f6ne physische Erscheinung und Tasche Appell, wie diese vertr\u00e4umten nugs Mischung k\u00f6stliche Aromen von s\u00fc\u00dfen Blaubeeren und einem weichen erdigen Zucker oder Vanille-\u00e4hnliche Essenz.<\/p>","protected":false},"excerpt":{"rendered":"<h2 style=\"text-align: center;\">Blue dream Strain<\/h2>\n<hr \/>\n<p>Un h\u00edbrido de dominancia sativa originario de California, Blue Dream ha alcanzado un estatus legendario entre las cepas de la Costa Oeste. Blue Dream es un cruce entre Blueberry y Haze que logra un equilibrio entre la relajaci\u00f3n f\u00edsica y una suave estimulaci\u00f3n cerebral.<\/p>\n<p>&nbsp;<\/p>","protected":false},"featured_media":562,"comment_status":"open","ping_status":"closed","template":"","meta":{"_monsterinsights_skip_tracking":false,"_monsterinsights_sitenote_active":false,"_monsterinsights_sitenote_note":"","_monsterinsights_sitenote_category":0},"product_cat":[245,126],"product_tag":[],"_links":{"self":[{"href":"https:\/\/runtzcartsdisposables.com\/es\/wp-json\/wp\/v2\/product\/561"}],"collection":[{"href":"https:\/\/runtzcartsdisposables.com\/es\/wp-json\/wp\/v2\/product"}],"about":[{"href":"https:\/\/runtzcartsdisposables.com\/es\/wp-json\/wp\/v2\/types\/product"}],"replies":[{"embeddable":true,"href":"https:\/\/runtzcartsdisposables.com\/es\/wp-json\/wp\/v2\/comments?post=561"}],"wp:featuredmedia":[{"embeddable":true,"href":"https:\/\/runtzcartsdisposables.com\/es\/wp-json\/wp\/v2\/media\/562"}],"wp:attachment":[{"href":"https:\/\/runtzcartsdisposables.com\/es\/wp-json\/wp\/v2\/media?parent=561"}],"wp:term":[{"taxonomy":"product_cat","embeddable":true,"href":"https:\/\/runtzcartsdisposables.com\/es\/wp-json\/wp\/v2\/product_cat?post=561"},{"taxonomy":"product_tag","embeddable":true,"href":"https:\/\/runtzcartsdisposables.com\/es\/wp-json\/wp\/v2\/product_tag?post=561"}],"curies":[{"name":"wp","href":"https:\/\/api.w.org\/{rel}","templated":true}]}}