{"id":591,"date":"2023-01-14T17:01:33","date_gmt":"2023-01-14T17:01:33","guid":{"rendered":"https:\/\/runtzcartsdisposables.com\/?post_type=product&#038;p=591"},"modified":"2024-11-25T20:11:34","modified_gmt":"2024-11-25T20:11:34","slug":"gelato","status":"publish","type":"product","link":"https:\/\/runtzcartsdisposables.com\/es\/product\/gelato\/","title":{"rendered":"Gelato"},"content":{"rendered":"<h1>Comprar helado onlineComparar helado en l\u00ednea<\/h1>\n<p>Gelato online kaufen. Gel-ato (auch als &#8222;<a href=\"https:\/\/en.wikipedia.org\/wiki\/Larry_Bird\" target=\"_blank\" rel=\"noopener\">Larry Bird<\/a>\u201c) es atractivo <a href=\"https:\/\/runtzcartsdisposables.com\/index.php\/product-category\/blumen\/hybrid-sorten\/\">Cannabis-Hybridsorte<\/a> por Cookie Fam y Sherbinski, siguiendo los pasos de sus padres Sunset Sherbet y Thin Mint GSC. Originaria del \u00c1rea de la Bah\u00eda de California, esta variedad debe su nombre al aroma afrutado a postre que recorre como un hilo la familia de las Cookie. Sus cogollos tienden a florecer en tonos morados oscuros, iluminados por vellos anaranjados ardientes y una capa blanca brillante de resina de cristal. novato<\/p>\n<p>sollten sich diesem THC-Kraftpaket mit Vorsicht n\u00e4hern, aber diejenigen, die \u00fcber eine hohe Toleranz verf\u00fcgen, werden sich an Gel-atos schwerf\u00e4lliger Euphorie erfreuen. Die k\u00f6rperliche Entspannung setzt stark ein, aber viele finden sich geistig noch agil genug, um produktiv und kreativ zu bleiben, wenn sie Gelato tags\u00fcber genie\u00dfen.<\/p>\n<h2>Comprar helado onlineComparar helado en l\u00ednea<\/h2>\n<p><strong>INDICA %SATIVA %REINHEIT \/ POTENZENTSPANNUNGSCHLAFENDE ENERGIEEUPHORIESCHMERZLINDERUNG<\/strong><\/p>\n<p>Nombre de la variedad: cepa de cannabis Gelato<\/p>\n<p>Cepa dominante: Indica dominante con 55% Indica \/ 45% Sativa.<\/p>\n<p>Kurze Geschichte: Gel-ato stammt aus der Bay Area, Kalifornien, und wurde von Cookie Fam Genetics entwickelt. Diese k\u00f6stliche Sorte wurde durch Kreuzung von Sunset Sherbet mit Thin Mint Girl Scout Cookies erzeugt. Die Elternsorten sind beide f\u00fcr ihre vollmundige Wirkung bekannt.<\/p>\n<p>Sin embargo, no dejes que su lindo nombre te enga\u00f1e. Gelato es una cepa muy potente. Despu\u00e9s de todo, esta deliciosa variedad tiene las mejores cualidades de sus padres.<\/p>\n<p>Gelato golpea fuerte y r\u00e1pido. Se sabe que su alto contenido de THC induce poderosos efectos psicoactivos y psicod\u00e9licos. Esta no es una variedad para principiantes y aquellos que no toleran bien el THC. Si a\u00fan quieres probarlos, hazlo con precauci\u00f3n.<\/p>\n<p>Caracter\u00edsticas distintivas: los cogollos de Gelato son ligeramente m\u00e1s peque\u00f1os en comparaci\u00f3n con otras cepas. Sin embargo, son gruesos y est\u00e1n densamente empaquetados. Los cogollos son de un color verde bosque oscuro intercalado con pelos violetas y naranjas vibrantes. Las hojas tambi\u00e9n son de color verde bosque con un ligero tinte p\u00farpura.<\/p>\n<p>Cannabinoid- und Terpenprofil: Der THC-Gehalt von Gel-ato ist mit etwa 20% hoch, obwohl einige Tests ergeben haben, dass er bis zu 25% betragen kann. Der CBD-Gehalt liegt bei etwa 0,1%, wobei einige Tests einen CBD-Gehalt von bis zu 1,59% ergaben. Der CBN-Gehalt ist mit 0,07 % gering.<br \/>\nDas Terpenprofil von Gela to enth\u00e4lt Myrcen, Caryophyllen und Pinen.<\/p>\n<p>Geschmacksrichtungen\/Aroma: Gela to macht seinem s\u00fc\u00dfen Namen alle Ehre. Es hat ein s\u00fc\u00dfes, erdiges Aroma mit k\u00f6stlichen Ankl\u00e4ngen von Blaubeeren und Orangen. Es riecht auch s\u00fc\u00df und holzig, mit kr\u00e4ftigen Noten von Fr\u00fcchten wie Beeren, Kirschen und Zitrusfr\u00fcchten wie Zitrone und Limette. Du wirst auch einige Untert\u00f6ne von Lavendel wahrnehmen.<\/p>\n<p>Wirkungen: Gela to ist eine indicadominierte Sorte, deren zerebrale und k\u00f6rperliche Wirkung Sie schnell und stark treffen kann. Vielleicht sp\u00fcrst Du die starke Wirkung sogar schon, bevor Du tats\u00e4chlich ausatmest.<br \/>\nSentir\u00e1s un fuerte subid\u00f3n mental al principio, seguido r\u00e1pidamente por un subid\u00f3n corporal igualmente fuerte. Estos efectos te dejan totalmente relajado, tranquilo, feliz, euf\u00f3rico y animado. Sin embargo, el efecto relajante no lo pondr\u00e1 en un sof\u00e1-bloqueo.<\/p>","protected":false},"excerpt":{"rendered":"<h4 style=\"text-align: center;\">Gelato<\/h4>\n<hr \/>\n<p>Comprar helado online. Comprar helado online. Comprar helado online. La variedad de cannabis es un h\u00edbrido \u00edndica dominante 55\/45 producido por Cookie Fam Genetics. Ella es conocida por su\u2026<\/p>\n<p>&nbsp;<\/p>","protected":false},"featured_media":592,"comment_status":"open","ping_status":"closed","template":"","meta":{"_monsterinsights_skip_tracking":false,"_monsterinsights_sitenote_active":false,"_monsterinsights_sitenote_note":"","_monsterinsights_sitenote_category":0},"product_cat":[126,245],"product_tag":[],"_links":{"self":[{"href":"https:\/\/runtzcartsdisposables.com\/es\/wp-json\/wp\/v2\/product\/591"}],"collection":[{"href":"https:\/\/runtzcartsdisposables.com\/es\/wp-json\/wp\/v2\/product"}],"about":[{"href":"https:\/\/runtzcartsdisposables.com\/es\/wp-json\/wp\/v2\/types\/product"}],"replies":[{"embeddable":true,"href":"https:\/\/runtzcartsdisposables.com\/es\/wp-json\/wp\/v2\/comments?post=591"}],"wp:featuredmedia":[{"embeddable":true,"href":"https:\/\/runtzcartsdisposables.com\/es\/wp-json\/wp\/v2\/media\/592"}],"wp:attachment":[{"href":"https:\/\/runtzcartsdisposables.com\/es\/wp-json\/wp\/v2\/media?parent=591"}],"wp:term":[{"taxonomy":"product_cat","embeddable":true,"href":"https:\/\/runtzcartsdisposables.com\/es\/wp-json\/wp\/v2\/product_cat?post=591"},{"taxonomy":"product_tag","embeddable":true,"href":"https:\/\/runtzcartsdisposables.com\/es\/wp-json\/wp\/v2\/product_tag?post=591"}],"curies":[{"name":"wp","href":"https:\/\/api.w.org\/{rel}","templated":true}]}}